{"id":578,"date":"2025-07-08T11:05:04","date_gmt":"2025-07-08T11:05:04","guid":{"rendered":"https:\/\/www.railbaltica.org\/?page_id=578"},"modified":"2025-08-29T06:16:29","modified_gmt":"2025-08-29T06:16:29","slug":"zinas","status":"publish","type":"page","link":"https:\/\/www.railbaltica.org\/lv\/zinas\/","title":{"rendered":"Zi\u0146as"},"content":{"rendered":"<section\n    class=\"align wp-block-hero-block relative flex overflow-hidden z-10 bg-blue\"\n>\n            \n        <div\n            class=\"w-full min-h-175 md:min-h-225\"\n        >\n                            <img decoding=\"async\"\n        src=\"https:\/\/www.railbaltica.org\/wp-content\/uploads\/2025\/07\/b3bfe3ff9b95e4b1a8905e283fda74663810e7ac.png\"\n        alt=\"b3bfe3ff9b95e4b1a8905e283fda74663810e7ac\"\n         title=\"b3bfe3ff9b95e4b1a8905e283fda74663810e7ac\"         class=\"block absolute object-cover size-full pointer-events-none -z-10\"\n        loading=\"lazy\"\n    \/>\n            \n            <div\n                class=\"container pt-25 flex pb-5 h-full md:pt-55 md:pb-10 lg:!px-14\"\n            >\n                <div\n                    class=\"bg-dark\/75 mt-auto flex w-full flex-col items-start gap-4 rounded p-4 text-white md:gap-5 md:p-10\"\n                >\n                                                                \n                    \n                    <h2 class='h1 max-w-160'>\n            Rail Baltica jaun\u0101k\u0101s zi\u0146as\n        <\/h2>\n\n                    \n                    \n                    \n                                    <\/div>\n            <\/div>\n        <\/div>\n    <\/section>\n\n\n<section\n    class=\"py-10 relative md:py-20 align wp-block-news-ajax-block\"\n>\n    <div\n        class=\"container flex flex-col\"\n    >\n        <div\n            class=\"js-news-container grid gap-x-8 gap-y-8 md:grid-cols-2 md:gap-y-16\"\n        >\n                                                <article\n    class=\"group flex flex-col items-start text-dark md:text-xl\"\n>\n    <a\n        href=\"https:\/\/www.railbaltica.org\/lv\/jaunumi\/baltic-prime-ministers-convene-in-tallinn-with-rail-baltica-at-the-centre-of-the-agenda\/\"\n        class=\"relative mb-6 flex w-full overflow-hidden pb-[56%]\"\n    >\n\n                    <img decoding=\"async\"\n        src=\"https:\/\/www.railbaltica.org\/wp-content\/uploads\/2026\/04\/Baltic-Prime-Ministers-convene-in-Tallinn-with-Rail-Baltica-at-the-centre-of-the-agenda_3.jpg\"\n        alt=\"Baltic Prime Ministers convene in Tallinn with Rail Baltica at the centre of the agenda_3\"\n         title=\"Baltic Prime Ministers convene in Tallinn with Rail Baltica at the centre of the agenda_3\"         class=\"block img-cover duration-300 group-hover:scale-[1.05]\"\n        loading=\"lazy\"\n    \/>\n        \n    <\/a>\n    <time\n        class='mb-4 block'\n    >\n        17.04.2026\n    <\/time>\n\n    <a\n        href=\"https:\/\/www.railbaltica.org\/lv\/jaunumi\/baltic-prime-ministers-convene-in-tallinn-with-rail-baltica-at-the-centre-of-the-agenda\/\"\n                class=\"h2 mb-2\"\n    >\n        \n        Baltijas premjeri Tallin\u0101 p\u0101rrun\u0101 Rail Baltica: projekts virz\u0101s no pl\u0101niem uz izpildi\n        \n        \n    <\/a>\n\n            <div\n            class=\"mb-6 line-clamp-5 text-blue-6\"\n        >\n            \u0160or\u012bt Tallin\u0101 tik\u0101s Igaunijas premjerministrs Kristens Mihals, Latvijas Ministru prezidente Evika Sili\u0146a un Lietuvas premjerministre Inga Ruginiene, lai p\u0101rrun\u0101tu re\u0123ion\u0101lo&#8230;\n        <\/div>\n    \n    <a\n        href=\"https:\/\/www.railbaltica.org\/lv\/jaunumi\/baltic-prime-ministers-convene-in-tallinn-with-rail-baltica-at-the-centre-of-the-agenda\/\"\n                class=\"btn-dark mt-auto\"\n    >\n        \n        Las\u012bt vair\u0101k\n        \n        \n    <\/a>\n<\/article>\n                                    <article\n    class=\"group flex flex-col items-start text-dark md:text-xl\"\n>\n    <a\n        href=\"https:\/\/www.railbaltica.org\/lv\/jaunumi\/rb-rail-analize-nodoklu-atdeve-buvniecibas-laika-ieverojami-mazina-rail-baltica-faktisko-izmaksu-slogu-valstim\/\"\n        class=\"relative mb-6 flex w-full overflow-hidden pb-[56%]\"\n    >\n\n                    <img decoding=\"async\"\n        src=\"https:\/\/www.railbaltica.org\/wp-content\/uploads\/2026\/04\/Rail-Baltica-pamattrases-buvnieciba.jpg\"\n        alt=\"Rail Baltica pamattrases buvnieciba\"\n         title=\"Rail Baltica pamattrases buvnieciba\"         class=\"block img-cover duration-300 group-hover:scale-[1.05]\"\n        loading=\"lazy\"\n    \/>\n        \n    <\/a>\n    <time\n        class='mb-4 block'\n    >\n        16.04.2026\n    <\/time>\n\n    <a\n        href=\"https:\/\/www.railbaltica.org\/lv\/jaunumi\/rb-rail-analize-nodoklu-atdeve-buvniecibas-laika-ieverojami-mazina-rail-baltica-faktisko-izmaksu-slogu-valstim\/\"\n                class=\"h2 mb-2\"\n    >\n        \n        RB Rail anal\u012bze: nodok\u013cu\u00a0atdeve\u00a0b\u016bvniec\u012bbas laik\u0101 iev\u0113rojami mazina Rail\u00a0Baltica\u00a0faktisko izmaksu slogu valst\u012bm\n        \n        \n    <\/a>\n\n            <div\n            class=\"mb-6 line-clamp-5 text-blue-6\"\n        >\n            Kopuz\u0146\u0113mums RB Rail AS, kas atbild par projekta centraliz\u0113tu koordin\u0113\u0161anu un dzelzce\u013ca l\u012bnijas sertific\u0113\u0161anu vis\u0101s tr\u012bs Baltijas valst\u012bs, ir veicis&#8230;\n        <\/div>\n    \n    <a\n        href=\"https:\/\/www.railbaltica.org\/lv\/jaunumi\/rb-rail-analize-nodoklu-atdeve-buvniecibas-laika-ieverojami-mazina-rail-baltica-faktisko-izmaksu-slogu-valstim\/\"\n                class=\"btn-dark mt-auto\"\n    >\n        \n        Las\u012bt vair\u0101k\n        \n        \n    <\/a>\n<\/article>\n                                    <article\n    class=\"group flex flex-col items-start text-dark md:text-xl\"\n>\n    <a\n        href=\"https:\/\/www.railbaltica.org\/lv\/jaunumi\/rail-baltica-industry-day-2026-to-take-place-online-on-27-april\/\"\n        class=\"relative mb-6 flex w-full overflow-hidden pb-[56%]\"\n    >\n\n                    <img decoding=\"async\"\n        src=\"https:\/\/www.railbaltica.org\/wp-content\/uploads\/2026\/04\/Industry-day-banner-scaled.png\"\n        alt=\"Industry day banner\"\n         title=\"Industry day banner\"         class=\"block img-cover duration-300 group-hover:scale-[1.05]\"\n        loading=\"lazy\"\n    \/>\n        \n    <\/a>\n    <time\n        class='mb-4 block'\n    >\n        14.04.2026\n    <\/time>\n\n    <a\n        href=\"https:\/\/www.railbaltica.org\/lv\/jaunumi\/rail-baltica-industry-day-2026-to-take-place-online-on-27-april\/\"\n                class=\"h2 mb-2\"\n    >\n        \n        27. apr\u012bl\u012b\u00a0tie\u0161saist\u0113\u00a0norisin\u0101sies Rail\u00a0Baltica\u00a0Industrijas diena\n        \n        \n    <\/a>\n\n            <div\n            class=\"mb-6 line-clamp-5 text-blue-6\"\n        >\n            RB Rail AS aicina eso\u0161os un potenci\u0101los pieg\u0101d\u0101t\u0101jus, partnerus un ieinteres\u0113t\u0101s puses piedal\u012bties Rail Baltica Industrijas dien\u0101, kas norisin\u0101sies tie\u0161saist\u0113&#8230;\n        <\/div>\n    \n    <a\n        href=\"https:\/\/www.railbaltica.org\/lv\/jaunumi\/rail-baltica-industry-day-2026-to-take-place-online-on-27-april\/\"\n                class=\"btn-dark mt-auto\"\n    >\n        \n        Las\u012bt vair\u0101k\n        \n        \n    <\/a>\n<\/article>\n                                    <article\n    class=\"group flex flex-col items-start text-dark md:text-xl\"\n>\n    <a\n        href=\"https:\/\/www.railbaltica.org\/lv\/jaunumi\/new-procurement-launched-for-rail-baltica-energy-subsystem-design-expertise-in-latvia-and-lithuania\/\"\n        class=\"relative mb-6 flex w-full overflow-hidden pb-[56%]\"\n    >\n\n                    <img decoding=\"async\"\n        src=\"https:\/\/www.railbaltica.org\/wp-content\/uploads\/2026\/02\/Consultation-with-suppliers-Design-Expertise-services-for-Rail-Baltica-Energy-Subsystem-in-Latvia-and-Lithuania-1-scaled.png\"\n        alt=\"Consultation with suppliers Design Expertise services for Rail Baltica Energy Subsystem in Latvia and Lithuania (1)\"\n         title=\"Consultation with suppliers Design Expertise services for Rail Baltica Energy Subsystem in Latvia and Lithuania (1)\"         class=\"block img-cover duration-300 group-hover:scale-[1.05]\"\n        loading=\"lazy\"\n    \/>\n        \n    <\/a>\n    <time\n        class='mb-4 block'\n    >\n        02.04.2026\n    <\/time>\n\n    <a\n        href=\"https:\/\/www.railbaltica.org\/lv\/jaunumi\/new-procurement-launched-for-rail-baltica-energy-subsystem-design-expertise-in-latvia-and-lithuania\/\"\n                class=\"h2 mb-2\"\n    >\n        \n        Izsludin\u0101ts iepirkums Rail\u00a0Baltica\u00a0elektrifik\u0101cijas projekt\u0113\u0161anas ekspert\u012bzei\u00a0Latvij\u0101 un Lietuv\u0101\u00a0\n        \n        \n    <\/a>\n\n            <div\n            class=\"mb-6 line-clamp-5 text-blue-6\"\n        >\n            RB Rail AS ir izsludin\u0101jusi iepirkumu Rail Baltica ener\u0123\u0113tikas apak\u0161sist\u0113mas projekt\u0113\u0161anas ekspert\u012bzes pakalpojumiem Latvij\u0101 un Lietuv\u0101 (ID Nr. RBR 2025\/14),&#8230;\n        <\/div>\n    \n    <a\n        href=\"https:\/\/www.railbaltica.org\/lv\/jaunumi\/new-procurement-launched-for-rail-baltica-energy-subsystem-design-expertise-in-latvia-and-lithuania\/\"\n                class=\"btn-dark mt-auto\"\n    >\n        \n        Las\u012bt vair\u0101k\n        \n        \n    <\/a>\n<\/article>\n                                    <\/div>\n\n                    <button\n                type=\"button\"\n                class=\"js-load-more-btn btn-outline-dark mx-auto mt-10 max-sm:w-full md:text-xl md:mt-20\"\n                data-current-page=\"1\"\n                data-total-pages=\"122\"\n                data-posts-per-page=\"4\"\n            >\n                R\u0101d\u012bt vair\u0101k\n                <svg\n                    class=\"size-3\"\n                    width=\"12\"\n                    height=\"12\"\n                    viewBox=\"0 0 12 12\"\n                    fill=\"none\"\n                    xmlns=\"http:\/\/www.w3.org\/2000\/svg\"\n                >\n                    <path\n                        d=\"M6 2.5V9.5M6 9.5L9.5 6M6 9.5L2.5 6\"\n                        stroke=\"#003787\"\n                        stroke-width=\"1.5\"\n                        stroke-linecap=\"round\"\n                        stroke-linejoin=\"round\"\n                    \/>\n                <\/svg>\n            <\/button>\n            <\/div>\n    <div\n    class=\"js-loader invisible absolute left-[0] right-[0] top-[0] flex h-full w-full justify-center bg-[#fff]\/50 z-20 duration-300 transition-all ease-in !fixed\"\n>\n    <svg\n        aria-hidden=\"true\"\n        class=\"absolute top-[300px] inline h-[80px] w-[80px] animate-spin fill-blue text-dark\"\n        viewBox=\"0 0 100 101\"\n        fill=\"none\"\n        xmlns=\"http:\/\/www.w3.org\/2000\/svg\"\n    >\n        <path\n            d=\"M100 50.5908C100 78.2051 77.6142 100.591 50 100.591C22.3858 100.591 0 78.2051 0 50.5908C0 22.9766 22.3858 0.59082 50 0.59082C77.6142 0.59082 100 22.9766 100 50.5908ZM9.08144 50.5908C9.08144 73.1895 27.4013 91.5094 50 91.5094C72.5987 91.5094 90.9186 73.1895 90.9186 50.5908C90.9186 27.9921 72.5987 9.67226 50 9.67226C27.4013 9.67226 9.08144 27.9921 9.08144 50.5908Z\"\n            fill=\"currentColor\"\n        \/>\n        <path\n            d=\"M93.9676 39.0409C96.393 38.4038 97.8624 35.9116 97.0079 33.5539C95.2932 28.8227 92.871 24.3692 89.8167 20.348C85.8452 15.1192 80.8826 10.7238 75.2124 7.41289C69.5422 4.10194 63.2754 1.94025 56.7698 1.05124C51.7666 0.367541 46.6976 0.446843 41.7345 1.27873C39.2613 1.69328 37.813 4.19778 38.4501 6.62326C39.0873 9.04874 41.5694 10.4717 44.0505 10.1071C47.8511 9.54855 51.7191 9.52689 55.5402 10.0491C60.8642 10.7766 65.9928 12.5457 70.6331 15.2552C75.2735 17.9648 79.3347 21.5619 82.5849 25.841C84.9175 28.9121 86.7997 32.2913 88.1811 35.8758C89.083 38.2158 91.5421 39.6781 93.9676 39.0409Z\"\n            fill=\"currentFill\"\n        \/>\n    <\/svg>\n<\/div>\n<\/section>\n\n<script>\n    window.newsAjaxData = {\n        currentPage: 1,\n        totalPages: 122,\n        postsPerPage: 4,\n        hasMore: true\n    };\n<\/script>\n","protected":false},"excerpt":{"rendered":"","protected":false},"author":1,"featured_media":0,"parent":0,"menu_order":0,"comment_status":"closed","ping_status":"closed","template":"","meta":{"_acf_changed":false,"footnotes":""},"class_list":["post-578","page","type-page","status-publish","hentry"],"acf":[],"yoast_head":"<!-- This site is optimized with the Yoast SEO plugin v27.4 - https:\/\/yoast.com\/product\/yoast-seo-wordpress\/ -->\n<title>Zi\u0146as - RB<\/title>\n<meta name=\"description\" content=\"Sazinies ar Rail Baltica komand\u0101m Latvij\u0101, Lietuv\u0101 un Igaunij\u0101\" \/>\n<meta name=\"robots\" content=\"index, follow, max-snippet:-1, max-image-preview:large, max-video-preview:-1\" \/>\n<link rel=\"canonical\" href=\"https:\/\/www.railbaltica.org\/lv\/zinas\/\" \/>\n<meta property=\"og:locale\" content=\"lv_LV\" \/>\n<meta property=\"og:type\" content=\"article\" \/>\n<meta property=\"og:title\" content=\"Zi\u0146as - RB\" \/>\n<meta property=\"og:description\" content=\"Sazinies ar Rail Baltica komand\u0101m Latvij\u0101, Lietuv\u0101 un Igaunij\u0101\" \/>\n<meta property=\"og:url\" content=\"https:\/\/www.railbaltica.org\/lv\/zinas\/\" \/>\n<meta property=\"og:site_name\" content=\"RB\" \/>\n<meta property=\"article:modified_time\" content=\"2025-08-29T06:16:29+00:00\" \/>\n<meta name=\"twitter:card\" content=\"summary_large_image\" \/>\n<script type=\"application\/ld+json\" class=\"yoast-schema-graph\">{\"@context\":\"https:\\\/\\\/schema.org\",\"@graph\":[{\"@type\":\"WebPage\",\"@id\":\"https:\\\/\\\/www.railbaltica.org\\\/lv\\\/zinas\\\/\",\"url\":\"https:\\\/\\\/www.railbaltica.org\\\/lv\\\/zinas\\\/\",\"name\":\"Zi\u0146as - RB\",\"isPartOf\":{\"@id\":\"https:\\\/\\\/www.railbaltica.org\\\/#website\"},\"datePublished\":\"2025-07-08T11:05:04+00:00\",\"dateModified\":\"2025-08-29T06:16:29+00:00\",\"description\":\"Sazinies ar Rail Baltica komand\u0101m Latvij\u0101, Lietuv\u0101 un Igaunij\u0101\",\"breadcrumb\":{\"@id\":\"https:\\\/\\\/www.railbaltica.org\\\/lv\\\/zinas\\\/#breadcrumb\"},\"inLanguage\":\"lv-LV\",\"potentialAction\":[{\"@type\":\"ReadAction\",\"target\":[\"https:\\\/\\\/www.railbaltica.org\\\/lv\\\/zinas\\\/\"]}]},{\"@type\":\"BreadcrumbList\",\"@id\":\"https:\\\/\\\/www.railbaltica.org\\\/lv\\\/zinas\\\/#breadcrumb\",\"itemListElement\":[{\"@type\":\"ListItem\",\"position\":1,\"name\":\"Home\",\"item\":\"https:\\\/\\\/www.railbaltica.org\\\/lv\\\/\"},{\"@type\":\"ListItem\",\"position\":2,\"name\":\"Zi\u0146as\"}]},{\"@type\":\"WebSite\",\"@id\":\"https:\\\/\\\/www.railbaltica.org\\\/#website\",\"url\":\"https:\\\/\\\/www.railbaltica.org\\\/\",\"name\":\"RB\",\"description\":\"\",\"potentialAction\":[{\"@type\":\"SearchAction\",\"target\":{\"@type\":\"EntryPoint\",\"urlTemplate\":\"https:\\\/\\\/www.railbaltica.org\\\/?s={search_term_string}\"},\"query-input\":{\"@type\":\"PropertyValueSpecification\",\"valueRequired\":true,\"valueName\":\"search_term_string\"}}],\"inLanguage\":\"lv-LV\"}]}<\/script>\n<!-- \/ Yoast SEO plugin. -->","yoast_head_json":{"title":"Zi\u0146as - RB","description":"Sazinies ar Rail Baltica komand\u0101m Latvij\u0101, Lietuv\u0101 un Igaunij\u0101","robots":{"index":"index","follow":"follow","max-snippet":"max-snippet:-1","max-image-preview":"max-image-preview:large","max-video-preview":"max-video-preview:-1"},"canonical":"https:\/\/www.railbaltica.org\/lv\/zinas\/","og_locale":"lv_LV","og_type":"article","og_title":"Zi\u0146as - RB","og_description":"Sazinies ar Rail Baltica komand\u0101m Latvij\u0101, Lietuv\u0101 un Igaunij\u0101","og_url":"https:\/\/www.railbaltica.org\/lv\/zinas\/","og_site_name":"RB","article_modified_time":"2025-08-29T06:16:29+00:00","twitter_card":"summary_large_image","schema":{"@context":"https:\/\/schema.org","@graph":[{"@type":"WebPage","@id":"https:\/\/www.railbaltica.org\/lv\/zinas\/","url":"https:\/\/www.railbaltica.org\/lv\/zinas\/","name":"Zi\u0146as - RB","isPartOf":{"@id":"https:\/\/www.railbaltica.org\/#website"},"datePublished":"2025-07-08T11:05:04+00:00","dateModified":"2025-08-29T06:16:29+00:00","description":"Sazinies ar Rail Baltica komand\u0101m Latvij\u0101, Lietuv\u0101 un Igaunij\u0101","breadcrumb":{"@id":"https:\/\/www.railbaltica.org\/lv\/zinas\/#breadcrumb"},"inLanguage":"lv-LV","potentialAction":[{"@type":"ReadAction","target":["https:\/\/www.railbaltica.org\/lv\/zinas\/"]}]},{"@type":"BreadcrumbList","@id":"https:\/\/www.railbaltica.org\/lv\/zinas\/#breadcrumb","itemListElement":[{"@type":"ListItem","position":1,"name":"Home","item":"https:\/\/www.railbaltica.org\/lv\/"},{"@type":"ListItem","position":2,"name":"Zi\u0146as"}]},{"@type":"WebSite","@id":"https:\/\/www.railbaltica.org\/#website","url":"https:\/\/www.railbaltica.org\/","name":"RB","description":"","potentialAction":[{"@type":"SearchAction","target":{"@type":"EntryPoint","urlTemplate":"https:\/\/www.railbaltica.org\/?s={search_term_string}"},"query-input":{"@type":"PropertyValueSpecification","valueRequired":true,"valueName":"search_term_string"}}],"inLanguage":"lv-LV"}]}},"_links":{"self":[{"href":"https:\/\/www.railbaltica.org\/lv\/wp-json\/wp\/v2\/pages\/578","targetHints":{"allow":["GET"]}}],"collection":[{"href":"https:\/\/www.railbaltica.org\/lv\/wp-json\/wp\/v2\/pages"}],"about":[{"href":"https:\/\/www.railbaltica.org\/lv\/wp-json\/wp\/v2\/types\/page"}],"author":[{"embeddable":true,"href":"https:\/\/www.railbaltica.org\/lv\/wp-json\/wp\/v2\/users\/1"}],"replies":[{"embeddable":true,"href":"https:\/\/www.railbaltica.org\/lv\/wp-json\/wp\/v2\/comments?post=578"}],"version-history":[{"count":4,"href":"https:\/\/www.railbaltica.org\/lv\/wp-json\/wp\/v2\/pages\/578\/revisions"}],"predecessor-version":[{"id":33051,"href":"https:\/\/www.railbaltica.org\/lv\/wp-json\/wp\/v2\/pages\/578\/revisions\/33051"}],"wp:attachment":[{"href":"https:\/\/www.railbaltica.org\/lv\/wp-json\/wp\/v2\/media?parent=578"}],"curies":[{"name":"wp","href":"https:\/\/api.w.org\/{rel}","templated":true}]}}