{"id":3935,"date":"2025-07-16T18:17:48","date_gmt":"2025-07-16T18:17:48","guid":{"rendered":"https:\/\/www.railbaltica.org\/?page_id=3935"},"modified":"2025-08-29T06:18:14","modified_gmt":"2025-08-29T06:18:14","slug":"vestnesis","status":"publish","type":"page","link":"https:\/\/www.railbaltica.org\/lv\/zinas\/vestnesis\/","title":{"rendered":"V\u0113stnesis"},"content":{"rendered":"<section\n    class=\"align wp-block-hero-newsletter-block relative flex overflow-hidden z-10 bg-blue\"\n>\n            \n        <div\n            class=\"w-full min-h-175 md:min-h-225\"\n        >\n                            <img decoding=\"async\"\n        src=\"https:\/\/www.railbaltica.org\/wp-content\/uploads\/2025\/07\/ec72fa0773aa81a07a88c07414aeed290eade7ad-scaled.png\"\n        alt=\"ec72fa0773aa81a07a88c07414aeed290eade7ad\"\n         title=\"ec72fa0773aa81a07a88c07414aeed290eade7ad\"         class=\"block absolute object-cover size-full pointer-events-none -z-10\"\n        loading=\"lazy\"\n    \/>\n            \n            <div\n                class=\"container pt-25 flex pb-5 h-full md:pt-55 md:pb-10 lg:!px-14\"\n            >\n                <div\n                    class=\"bg-dark\/75 mt-auto flex w-full flex-col items-start gap-4 rounded p-4 text-white md:gap-5 md:p-10\"\n                >\n                                                                \n                    \n                    <h1 class='h1'>\n            Piesakies Rail Baltica glob\u0101lajam v\u0113stnesim\n        <\/h1>\n\n                    \n                    \n                                            <div\n    class=\"js-newsletter-wrap w-full\"\n>\n    <div\n    class=\"hidden flex items-center gap-2.5 mb-[20px] [&#038;_path]:stroke-white js-error-message\"\n>\n    <svg\n        class='size-6'\n        width=\"24\"\n        height=\"24\"\n        viewBox=\"0 0 24 24\"\n        fill=\"none\"\n        xmlns=\"http:\/\/www.w3.org\/2000\/svg\"\n    >\n        <g\n            clip-path=\"url(#clip0_85_423)\"\n        >\n            <path\n                d=\"M9.29645 3.42269C10.5018 1.32069 13.4978 1.32069 14.7031 3.42269L22.7147 17.3938C23.9259 19.5059 22.422 22.1539 20.0113 22.1539H3.98826C1.57749 22.1539 0.0736806 19.5059 1.2849 17.3938L9.29645 3.42269Z\"\n                stroke=\"#003787\"\n            \/>\n            <path\n                d=\"M11.9999 16.4508C12.8633 16.4508 13.5632 17.1601 13.5632 18.035C13.5632 18.9099 12.8633 19.6191 11.9999 19.6191C11.1365 19.6191 10.4365 18.9099 10.4365 18.035C10.4365 17.1601 11.1365 16.4508 11.9999 16.4508Z\"\n                stroke=\"#003787\"\n            \/>\n            <path\n                d=\"M10.3168 12.9703L9.97923 8.52354C9.88872 7.33072 10.8194 6.31226 12 6.31226C13.1807 6.31226 14.1113 7.33073 14.0208 8.52354L13.6833 12.9703C13.6156 13.8617 12.8822 14.5499 12 14.5499C11.1179 14.5499 10.3845 13.8617 10.3168 12.9703Z\"\n                stroke=\"#003787\"\n            \/>\n        <\/g>\n        <defs>\n            <clipPath\n                id=\"clip0_85_423\"\n            >\n                <rect\n                    width=\"24\"\n                    height=\"22\"\n                    fill=\"white\"\n                    transform=\"translate(0 1)\"\n                \/>\n            <\/clipPath>\n        <\/defs>\n    <\/svg>\n    <span>\n            <\/span>\n<\/div>\n\n    <form\n        id=\"newsletter-form-hero-69e5f10998d9b\"\n        class=\"js-newsletter w-full flex flex-wrap gap-2.5 md:gap-5 md:pb-5 mb-4 md:mb-5 md:border-b [&#038;_input]:text-center [&#038;_input]:rounded [&#038;_input]:border [&#038;_input]:p-2 [&#038;_input]:placeholder:text-white\"\n        action=\"https:\/\/www.railbaltica.org\/wp-admin\/admin-ajax.php\"\n        method=\"post\"\n    >\n        <input type=\"hidden\" name=\"_token\" value=\"\" autocomplete=\"off\">        <input\n    type=\"text\"\n    name=\"organisation\"\n    id=\"organisation\"\n         placeholder=\"Organiz\u0101cija *\"      required                      data-validation-required=\"L\u016bdzu, ievadiet der\u012bgu organiz\u0101cijas nosaukumu!\"\n             class=\"max-w-[calc(50%-0.32rem)] flex-1 bg-transparent\"\n>\n        <input\n    type=\"text\"\n    name=\"position\"\n    id=\"position\"\n         placeholder=\"Amats\"                 class=\"max-w-[calc(50%-0.32rem)] flex-1 bg-transparent\"\n>\n        <input\n    type=\"email\"\n    name=\"email\"\n    id=\"email\"\n         placeholder=\"E-pasts *\"      required                      data-validation-required=\"L\u016bdzu, ievadiet der\u012bgu e-pasta adresi!\"\n             class=\"md:flex-2 flex-1 bg-transparent\"\n>\n\n                    <input\n    type=\"hidden\"\n    name=\"audienceId\"\n    id=\"audienceId\"\n     value=\"5b256fa216\"                     class=\"hidden\" tabIndex=\"-1\"\n>\n        \n        <input\n    type=\"hidden\"\n    name=\"website\"\n    id=\"website\"\n                        class=\"hidden\" tabIndex=\"-1\"\n>\n\n        <button\n            type=\"submit\"\n            class=\"js-btn-submit-form btn-yellow\"\n        >\n                            Re\u0123istr\u0113ties\n                    <\/button>\n    <\/form>\n\n            <div\n            class=\"js-description max-w-138 ml-auto text-sm [&#038;_a]:underline\"\n        >\n            <p>Re\u0123istr\u0113joties, j\u016bs piekr\u012btat savu personas datu apstr\u0101dei, lai sa\u0146emtu RB Rail AS jaunumu v\u0113stules. Vair\u0101k inform\u0101cijas atrad\u012bsiet m\u016bsu <a href=\"https:\/\/www.railbaltica.org\/lv\/privatuma-politika\/\">Priv\u0101tuma politik\u0101<\/a>. No jaunumu v\u0113stules varat atteikties jebkur\u0101 laik\u0101, izmantojot saiti m\u016bsu e-pastos vai sazinoties ar <a class=\"cursor-pointer\" href=\"mailto:info@railbaltica.org\" rel=\"noopener\" data-start=\"258\" data-end=\"278\">info@railbaltica.org<\/a>.<\/p>\n\n        <\/div>\n    \n    <div\n    class=\"hidden flex justify-center bg-white border border-dark p-2 rounded text-center text-dark js-success-message\"\n>\n    <\/div>\n\n    <div\n    class=\"js-loader invisible absolute left-[0] right-[0] top-[0] flex h-full w-full justify-center bg-[#fff]\/50 z-20 duration-300 transition-all ease-in js-newsletter-loader\"\n>\n    <svg\n        aria-hidden=\"true\"\n        class=\"absolute top-[300px] inline h-[80px] w-[80px] animate-spin fill-blue text-dark\"\n        viewBox=\"0 0 100 101\"\n        fill=\"none\"\n        xmlns=\"http:\/\/www.w3.org\/2000\/svg\"\n    >\n        <path\n            d=\"M100 50.5908C100 78.2051 77.6142 100.591 50 100.591C22.3858 100.591 0 78.2051 0 50.5908C0 22.9766 22.3858 0.59082 50 0.59082C77.6142 0.59082 100 22.9766 100 50.5908ZM9.08144 50.5908C9.08144 73.1895 27.4013 91.5094 50 91.5094C72.5987 91.5094 90.9186 73.1895 90.9186 50.5908C90.9186 27.9921 72.5987 9.67226 50 9.67226C27.4013 9.67226 9.08144 27.9921 9.08144 50.5908Z\"\n            fill=\"currentColor\"\n        \/>\n        <path\n            d=\"M93.9676 39.0409C96.393 38.4038 97.8624 35.9116 97.0079 33.5539C95.2932 28.8227 92.871 24.3692 89.8167 20.348C85.8452 15.1192 80.8826 10.7238 75.2124 7.41289C69.5422 4.10194 63.2754 1.94025 56.7698 1.05124C51.7666 0.367541 46.6976 0.446843 41.7345 1.27873C39.2613 1.69328 37.813 4.19778 38.4501 6.62326C39.0873 9.04874 41.5694 10.4717 44.0505 10.1071C47.8511 9.54855 51.7191 9.52689 55.5402 10.0491C60.8642 10.7766 65.9928 12.5457 70.6331 15.2552C75.2735 17.9648 79.3347 21.5619 82.5849 25.841C84.9175 28.9121 86.7997 32.2913 88.1811 35.8758C89.083 38.2158 91.5421 39.6781 93.9676 39.0409Z\"\n            fill=\"currentFill\"\n        \/>\n    <\/svg>\n<\/div>\n<\/div>\n                    \n                                    <\/div>\n            <\/div>\n        <\/div>\n    <\/section>\n\n\n<section\n    class=\"py-5 relative md:py-10 align wp-block-newsletter-ajax-block has-background has-bg-white-background-color\"\n>\n    <div\n        class=\"container flex flex-col\"\n    >\n        <div\n            class=\"js-newsletter-container grid gap-4 md:grid-cols-2 lg:gap-5\"\n        >\n                                                <article\n    class=\"group flex gap-4 p-4 rounded bg-dark text-white max-lg:flex-col md:gap-5 lg:p-8\"\n>\n    <a\n        href=\"https:\/\/mailchi.mp\/railbaltica\/rail-baltica-global-newsletter-september-21488625\"\n        class=\"flex relative overflow-hidden w-full pb-[77%] rounded z-10 lg:w-1\/2 lg:pb-[50%]\"\n    >\n                    <img decoding=\"async\"\n        src=\"https:\/\/www.railbaltica.org\/wp-content\/uploads\/2026\/02\/DJI_0054-1.jpg\"\n        alt=\"default\"\n         title=\"default\"         class=\"block img-cover duration-300 group-hover:scale-[1.05]\"\n        loading=\"lazy\"\n    \/>\n            <\/a>\n    <div\n        class=\"flex flex-1 flex-col gap-2.5\"\n    >\n                    <time\n                datetime=\"\"\n            >10.02.2026<\/time>\n                <a\n        href=\"https:\/\/mailchi.mp\/railbaltica\/rail-baltica-global-newsletter-september-21488625\"\n                class=\"h2 pb-2.5 border-b border-blue\"\n    >\n        \n        Rail Baltica global newsletter\n        \n        \n    <\/a>\n            <\/div>\n<\/article>\n                                    <article\n    class=\"group flex gap-4 p-4 rounded bg-dark text-white max-lg:flex-col md:gap-5 lg:p-8\"\n>\n    <a\n        href=\"https:\/\/mailchi.mp\/railbaltica\/rail-baltica-global-newsletter-september-21488019\"\n        class=\"flex relative overflow-hidden w-full pb-[77%] rounded z-10 lg:w-1\/2 lg:pb-[50%]\"\n    >\n                    <img decoding=\"async\"\n        src=\"https:\/\/www.railbaltica.org\/wp-content\/uploads\/2025\/12\/Ulemiste-construction-1.jpg\"\n        alt=\"Ulemiste construction\"\n         title=\"Ulemiste construction\"         class=\"block img-cover duration-300 group-hover:scale-[1.05]\"\n        loading=\"lazy\"\n    \/>\n            <\/a>\n    <div\n        class=\"flex flex-1 flex-col gap-2.5\"\n    >\n                    <time\n                datetime=\"\"\n            >11.12.2025<\/time>\n                <a\n        href=\"https:\/\/mailchi.mp\/railbaltica\/rail-baltica-global-newsletter-september-21488019\"\n                class=\"h2 pb-2.5 border-b border-blue\"\n    >\n        \n        Rail Baltica global newsletter\n        \n        \n    <\/a>\n            <\/div>\n<\/article>\n                                    <article\n    class=\"group flex gap-4 p-4 rounded bg-dark text-white max-lg:flex-col md:gap-5 lg:p-8\"\n>\n    <a\n        href=\"https:\/\/mailchi.mp\/railbaltica\/rail-baltica-global-newsletter-september-2025\"\n        class=\"flex relative overflow-hidden w-full pb-[77%] rounded z-10 lg:w-1\/2 lg:pb-[50%]\"\n    >\n                    <img decoding=\"async\"\n        src=\"https:\/\/www.railbaltica.org\/wp-content\/uploads\/2025\/09\/Construction-in-Lithuania_4-scaled.jpg\"\n        alt=\"Construction in Lithuania_4\"\n         title=\"Construction in Lithuania_4\"         class=\"block img-cover duration-300 group-hover:scale-[1.05]\"\n        loading=\"lazy\"\n    \/>\n            <\/a>\n    <div\n        class=\"flex flex-1 flex-col gap-2.5\"\n    >\n                    <time\n                datetime=\"\"\n            >29.09.2025<\/time>\n                <a\n        href=\"https:\/\/mailchi.mp\/railbaltica\/rail-baltica-global-newsletter-september-2025\"\n                class=\"h2 pb-2.5 border-b border-blue\"\n    >\n        \n        Rail Baltica global newsletter\n        \n        \n    <\/a>\n            <\/div>\n<\/article>\n                                    <article\n    class=\"group flex gap-4 p-4 rounded bg-dark text-white max-lg:flex-col md:gap-5 lg:p-8\"\n>\n    <a\n        href=\"https:\/\/mailchi.mp\/railbaltica\/rail-baltica-global-newsletter-june-2025\"\n        class=\"flex relative overflow-hidden w-full pb-[77%] rounded z-10 lg:w-1\/2 lg:pb-[50%]\"\n    >\n                    <img decoding=\"async\"\n        src=\"https:\/\/www.railbaltica.org\/wp-content\/uploads\/2025\/06\/0e7f455f-8cd8-956d-8f84-d1556b804259.jpg\"\n        alt=\"0e7f455f-8cd8-956d-8f84-d1556b804259\"\n         title=\"0e7f455f-8cd8-956d-8f84-d1556b804259\"         class=\"block img-cover duration-300 group-hover:scale-[1.05]\"\n        loading=\"lazy\"\n    \/>\n            <\/a>\n    <div\n        class=\"flex flex-1 flex-col gap-2.5\"\n    >\n                    <time\n                datetime=\"\"\n            >02.06.2025<\/time>\n                <a\n        href=\"https:\/\/mailchi.mp\/railbaltica\/rail-baltica-global-newsletter-june-2025\"\n                class=\"h2 pb-2.5 border-b border-blue\"\n    >\n        \n        Rail Baltica glob\u0101lais v\u0113stnesis\n        \n        \n    <\/a>\n            <\/div>\n<\/article>\n                                    <article\n    class=\"group flex gap-4 p-4 rounded bg-dark text-white max-lg:flex-col md:gap-5 lg:p-8\"\n>\n    <a\n        href=\"https:\/\/us15.campaign-archive.com\/?u=d20990e329f62c98328ae6eef&amp;id=7bc3e7a312\"\n        class=\"flex relative overflow-hidden w-full pb-[77%] rounded z-10 lg:w-1\/2 lg:pb-[50%]\"\n    >\n                    <img decoding=\"async\"\n        src=\"https:\/\/www.railbaltica.org\/wp-content\/uploads\/2025\/02\/Screenshot_2.png\"\n        alt=\"Screenshot_2\"\n         title=\"Screenshot_2\"         class=\"block img-cover duration-300 group-hover:scale-[1.05]\"\n        loading=\"lazy\"\n    \/>\n            <\/a>\n    <div\n        class=\"flex flex-1 flex-col gap-2.5\"\n    >\n                    <time\n                datetime=\"\"\n            >07.02.2025<\/time>\n                <a\n        href=\"https:\/\/us15.campaign-archive.com\/?u=d20990e329f62c98328ae6eef&amp;id=7bc3e7a312\"\n                class=\"h2 pb-2.5 border-b border-blue\"\n    >\n        \n        Rail Baltica glob\u0101lais v\u0113stnesis\n        \n        \n    <\/a>\n            <\/div>\n<\/article>\n                                    <\/div>\n\n            <\/div>\n    <div\n    class=\"js-loader invisible absolute left-[0] right-[0] top-[0] flex h-full w-full justify-center bg-[#fff]\/50 z-20 duration-300 transition-all ease-in !fixed\"\n>\n    <svg\n        aria-hidden=\"true\"\n        class=\"absolute top-[300px] inline h-[80px] w-[80px] animate-spin fill-blue text-dark\"\n        viewBox=\"0 0 100 101\"\n        fill=\"none\"\n        xmlns=\"http:\/\/www.w3.org\/2000\/svg\"\n    >\n        <path\n            d=\"M100 50.5908C100 78.2051 77.6142 100.591 50 100.591C22.3858 100.591 0 78.2051 0 50.5908C0 22.9766 22.3858 0.59082 50 0.59082C77.6142 0.59082 100 22.9766 100 50.5908ZM9.08144 50.5908C9.08144 73.1895 27.4013 91.5094 50 91.5094C72.5987 91.5094 90.9186 73.1895 90.9186 50.5908C90.9186 27.9921 72.5987 9.67226 50 9.67226C27.4013 9.67226 9.08144 27.9921 9.08144 50.5908Z\"\n            fill=\"currentColor\"\n        \/>\n        <path\n            d=\"M93.9676 39.0409C96.393 38.4038 97.8624 35.9116 97.0079 33.5539C95.2932 28.8227 92.871 24.3692 89.8167 20.348C85.8452 15.1192 80.8826 10.7238 75.2124 7.41289C69.5422 4.10194 63.2754 1.94025 56.7698 1.05124C51.7666 0.367541 46.6976 0.446843 41.7345 1.27873C39.2613 1.69328 37.813 4.19778 38.4501 6.62326C39.0873 9.04874 41.5694 10.4717 44.0505 10.1071C47.8511 9.54855 51.7191 9.52689 55.5402 10.0491C60.8642 10.7766 65.9928 12.5457 70.6331 15.2552C75.2735 17.9648 79.3347 21.5619 82.5849 25.841C84.9175 28.9121 86.7997 32.2913 88.1811 35.8758C89.083 38.2158 91.5421 39.6781 93.9676 39.0409Z\"\n            fill=\"currentFill\"\n        \/>\n    <\/svg>\n<\/div>\n<\/section>\n\n<script>\n    window.newsletterAjaxData = {\n        currentPage: 1,\n        totalPages: 1,\n        postsPerPage: 6,\n        hasMore: false\n    };\n<\/script>\n","protected":false},"excerpt":{"rendered":"","protected":false},"author":1,"featured_media":0,"parent":578,"menu_order":0,"comment_status":"closed","ping_status":"closed","template":"","meta":{"_acf_changed":false,"footnotes":""},"class_list":["post-3935","page","type-page","status-publish","hentry"],"acf":[],"yoast_head":"<!-- This site is optimized with the Yoast SEO plugin v27.4 - https:\/\/yoast.com\/product\/yoast-seo-wordpress\/ -->\n<title>V\u0113stnesis - RB<\/title>\n<meta name=\"description\" content=\"Palieciet inform\u0113ti par jaun\u0101kaj\u0101m Rail Baltica zi\u0146\u0101m \u2013 abon\u0113jiet m\u016bsu bi\u013cetenu, lai sa\u0146emtu atjaunin\u0101jumus, svar\u012bg\u0101kos sasniegumus un ieskatus par projektu.\" \/>\n<meta name=\"robots\" content=\"index, follow, max-snippet:-1, max-image-preview:large, max-video-preview:-1\" \/>\n<link rel=\"canonical\" href=\"https:\/\/www.railbaltica.org\/lv\/zinas\/vestnesis\/\" \/>\n<meta property=\"og:locale\" content=\"lv_LV\" \/>\n<meta property=\"og:type\" content=\"article\" \/>\n<meta property=\"og:title\" content=\"V\u0113stnesis - RB\" \/>\n<meta property=\"og:description\" content=\"Palieciet inform\u0113ti par jaun\u0101kaj\u0101m Rail Baltica zi\u0146\u0101m \u2013 abon\u0113jiet m\u016bsu bi\u013cetenu, lai sa\u0146emtu atjaunin\u0101jumus, svar\u012bg\u0101kos sasniegumus un ieskatus par projektu.\" \/>\n<meta property=\"og:url\" content=\"https:\/\/www.railbaltica.org\/lv\/zinas\/vestnesis\/\" \/>\n<meta property=\"og:site_name\" content=\"RB\" \/>\n<meta property=\"article:modified_time\" content=\"2025-08-29T06:18:14+00:00\" \/>\n<meta name=\"twitter:card\" content=\"summary_large_image\" \/>\n<script type=\"application\/ld+json\" class=\"yoast-schema-graph\">{\"@context\":\"https:\\\/\\\/schema.org\",\"@graph\":[{\"@type\":\"WebPage\",\"@id\":\"https:\\\/\\\/www.railbaltica.org\\\/lv\\\/zinas\\\/vestnesis\\\/\",\"url\":\"https:\\\/\\\/www.railbaltica.org\\\/lv\\\/zinas\\\/vestnesis\\\/\",\"name\":\"V\u0113stnesis - RB\",\"isPartOf\":{\"@id\":\"https:\\\/\\\/www.railbaltica.org\\\/#website\"},\"datePublished\":\"2025-07-16T18:17:48+00:00\",\"dateModified\":\"2025-08-29T06:18:14+00:00\",\"description\":\"Palieciet inform\u0113ti par jaun\u0101kaj\u0101m Rail Baltica zi\u0146\u0101m \u2013 abon\u0113jiet m\u016bsu bi\u013cetenu, lai sa\u0146emtu atjaunin\u0101jumus, svar\u012bg\u0101kos sasniegumus un ieskatus par projektu.\",\"breadcrumb\":{\"@id\":\"https:\\\/\\\/www.railbaltica.org\\\/lv\\\/zinas\\\/vestnesis\\\/#breadcrumb\"},\"inLanguage\":\"lv-LV\",\"potentialAction\":[{\"@type\":\"ReadAction\",\"target\":[\"https:\\\/\\\/www.railbaltica.org\\\/lv\\\/zinas\\\/vestnesis\\\/\"]}]},{\"@type\":\"BreadcrumbList\",\"@id\":\"https:\\\/\\\/www.railbaltica.org\\\/lv\\\/zinas\\\/vestnesis\\\/#breadcrumb\",\"itemListElement\":[{\"@type\":\"ListItem\",\"position\":1,\"name\":\"Home\",\"item\":\"https:\\\/\\\/www.railbaltica.org\\\/lv\\\/\"},{\"@type\":\"ListItem\",\"position\":2,\"name\":\"Zi\u0146as\",\"item\":\"https:\\\/\\\/www.railbaltica.org\\\/lv\\\/zinas\\\/\"},{\"@type\":\"ListItem\",\"position\":3,\"name\":\"V\u0113stnesis\"}]},{\"@type\":\"WebSite\",\"@id\":\"https:\\\/\\\/www.railbaltica.org\\\/#website\",\"url\":\"https:\\\/\\\/www.railbaltica.org\\\/\",\"name\":\"RB\",\"description\":\"\",\"potentialAction\":[{\"@type\":\"SearchAction\",\"target\":{\"@type\":\"EntryPoint\",\"urlTemplate\":\"https:\\\/\\\/www.railbaltica.org\\\/?s={search_term_string}\"},\"query-input\":{\"@type\":\"PropertyValueSpecification\",\"valueRequired\":true,\"valueName\":\"search_term_string\"}}],\"inLanguage\":\"lv-LV\"}]}<\/script>\n<!-- \/ Yoast SEO plugin. -->","yoast_head_json":{"title":"V\u0113stnesis - RB","description":"Palieciet inform\u0113ti par jaun\u0101kaj\u0101m Rail Baltica zi\u0146\u0101m \u2013 abon\u0113jiet m\u016bsu bi\u013cetenu, lai sa\u0146emtu atjaunin\u0101jumus, svar\u012bg\u0101kos sasniegumus un ieskatus par projektu.","robots":{"index":"index","follow":"follow","max-snippet":"max-snippet:-1","max-image-preview":"max-image-preview:large","max-video-preview":"max-video-preview:-1"},"canonical":"https:\/\/www.railbaltica.org\/lv\/zinas\/vestnesis\/","og_locale":"lv_LV","og_type":"article","og_title":"V\u0113stnesis - RB","og_description":"Palieciet inform\u0113ti par jaun\u0101kaj\u0101m Rail Baltica zi\u0146\u0101m \u2013 abon\u0113jiet m\u016bsu bi\u013cetenu, lai sa\u0146emtu atjaunin\u0101jumus, svar\u012bg\u0101kos sasniegumus un ieskatus par projektu.","og_url":"https:\/\/www.railbaltica.org\/lv\/zinas\/vestnesis\/","og_site_name":"RB","article_modified_time":"2025-08-29T06:18:14+00:00","twitter_card":"summary_large_image","schema":{"@context":"https:\/\/schema.org","@graph":[{"@type":"WebPage","@id":"https:\/\/www.railbaltica.org\/lv\/zinas\/vestnesis\/","url":"https:\/\/www.railbaltica.org\/lv\/zinas\/vestnesis\/","name":"V\u0113stnesis - RB","isPartOf":{"@id":"https:\/\/www.railbaltica.org\/#website"},"datePublished":"2025-07-16T18:17:48+00:00","dateModified":"2025-08-29T06:18:14+00:00","description":"Palieciet inform\u0113ti par jaun\u0101kaj\u0101m Rail Baltica zi\u0146\u0101m \u2013 abon\u0113jiet m\u016bsu bi\u013cetenu, lai sa\u0146emtu atjaunin\u0101jumus, svar\u012bg\u0101kos sasniegumus un ieskatus par projektu.","breadcrumb":{"@id":"https:\/\/www.railbaltica.org\/lv\/zinas\/vestnesis\/#breadcrumb"},"inLanguage":"lv-LV","potentialAction":[{"@type":"ReadAction","target":["https:\/\/www.railbaltica.org\/lv\/zinas\/vestnesis\/"]}]},{"@type":"BreadcrumbList","@id":"https:\/\/www.railbaltica.org\/lv\/zinas\/vestnesis\/#breadcrumb","itemListElement":[{"@type":"ListItem","position":1,"name":"Home","item":"https:\/\/www.railbaltica.org\/lv\/"},{"@type":"ListItem","position":2,"name":"Zi\u0146as","item":"https:\/\/www.railbaltica.org\/lv\/zinas\/"},{"@type":"ListItem","position":3,"name":"V\u0113stnesis"}]},{"@type":"WebSite","@id":"https:\/\/www.railbaltica.org\/#website","url":"https:\/\/www.railbaltica.org\/","name":"RB","description":"","potentialAction":[{"@type":"SearchAction","target":{"@type":"EntryPoint","urlTemplate":"https:\/\/www.railbaltica.org\/?s={search_term_string}"},"query-input":{"@type":"PropertyValueSpecification","valueRequired":true,"valueName":"search_term_string"}}],"inLanguage":"lv-LV"}]}},"_links":{"self":[{"href":"https:\/\/www.railbaltica.org\/lv\/wp-json\/wp\/v2\/pages\/3935","targetHints":{"allow":["GET"]}}],"collection":[{"href":"https:\/\/www.railbaltica.org\/lv\/wp-json\/wp\/v2\/pages"}],"about":[{"href":"https:\/\/www.railbaltica.org\/lv\/wp-json\/wp\/v2\/types\/page"}],"author":[{"embeddable":true,"href":"https:\/\/www.railbaltica.org\/lv\/wp-json\/wp\/v2\/users\/1"}],"replies":[{"embeddable":true,"href":"https:\/\/www.railbaltica.org\/lv\/wp-json\/wp\/v2\/comments?post=3935"}],"version-history":[{"count":5,"href":"https:\/\/www.railbaltica.org\/lv\/wp-json\/wp\/v2\/pages\/3935\/revisions"}],"predecessor-version":[{"id":32924,"href":"https:\/\/www.railbaltica.org\/lv\/wp-json\/wp\/v2\/pages\/3935\/revisions\/32924"}],"up":[{"embeddable":true,"href":"https:\/\/www.railbaltica.org\/lv\/wp-json\/wp\/v2\/pages\/578"}],"wp:attachment":[{"href":"https:\/\/www.railbaltica.org\/lv\/wp-json\/wp\/v2\/media?parent=3935"}],"curies":[{"name":"wp","href":"https:\/\/api.w.org\/{rel}","templated":true}]}}