{"id":287,"date":"2025-06-27T08:02:35","date_gmt":"2025-06-27T08:02:35","guid":{"rendered":"https:\/\/www.railbaltica.org\/karte\/"},"modified":"2025-09-12T12:37:22","modified_gmt":"2025-09-12T12:37:22","slug":"karte","status":"publish","type":"page","link":"https:\/\/www.railbaltica.org\/lv\/karte\/","title":{"rendered":"Karte"},"content":{"rendered":"<section\n    class=\"align wp-block-hero-block relative flex overflow-hidden z-10 bg-blue\"\n>\n            \n        <div\n            class=\"w-full min-h-175 md:min-h-225\"\n        >\n                            <img decoding=\"async\"\n        src=\"https:\/\/www.railbaltica.org\/wp-content\/uploads\/2025\/07\/137336839bf927b7fb92f2843cea0436c94fab0e-scaled.jpg\"\n        alt=\"137336839bf927b7fb92f2843cea0436c94fab0e\"\n         title=\"137336839bf927b7fb92f2843cea0436c94fab0e\"         class=\"block absolute object-cover size-full pointer-events-none -z-10\"\n        loading=\"lazy\"\n    \/>\n            \n            <div\n                class=\"container pt-25 flex pb-5 h-full md:pt-55 md:pb-10 lg:!px-14\"\n            >\n                <div\n                    class=\"bg-dark\/75 mt-auto flex w-full flex-col items-start gap-4 rounded p-4 text-white md:gap-5 md:p-10\"\n                >\n                                                                \n                    \n                    <h1 class='h1 max-w-160'>\n            Seko projekta ievie\u0161anas progresam\n        <\/h1>\n\n                    \n                    \n                    \n                                    <\/div>\n            <\/div>\n        <\/div>\n    <\/section>\n\n\n<section\n    class=\"py-10 md:py-20 align wp-block-map-block !pb-[0]\"\n>\n    <div\n        class=\"container\"\n    >\n                            <div\n                class=\"relative\"\n            >\n                <div\n                    class=\"js-iframe-overlay absolute inset-0 z-80 bg-transparent cursor-pointer\"\n                ><\/div>\n                <iframe\n                    class=\"embed-iframe w-full h-150 flex justify-center items-center rounded border border-blue-3 md:h-200\"\n                    sandbox=\"allow-scripts allow-same-origin allow-forms allow-popups allow-presentation allow-popups-to-escape-sandbox\"\n                    allowfullscreen=\"\"\n                    allow=\"geolocation\"\n                    src=\"https:\/\/gis.railbaltica.org\/portal\/apps\/instant\/sidebar\/index.html?appid=c3fa0826fd10432a86673e18f6846212&amp;locale=en\"\n                ><\/iframe>\n            <\/div>\n            <\/div>\n<\/section>\n\n\n<section\n    class=\"py-5 md:py-10 align wp-block-textual-block !pt-[0]\"\n>\n    <div\n        class=\"container\"\n    >\n        <div\n            class=\"textual w-full text-xl text-dark break-words [&#038;_span]:!text-dark [&#038;_a]:!text-dark\"\n        >\n                            <p><em>Atruna: \u0160\u012b karte ir izveidota tikai informat\u012bviem nol\u016bkiem, lai atspogu\u013cotu progresu, kas da\u017e\u0101dos trases posmos un objektos var at\u0161\u0137irties. \u0145emot v\u0113r\u0101, ka izp\u0113tes un projekt\u0113\u0161anas darbi tiek turpin\u0101ti, kart\u0113 nor\u0101d\u012bt\u0101 inform\u0101cija var main\u012bties. Iev\u0113rojot min\u0113to, l\u016bgums \u0146emt v\u0113r\u0101, ka, lai ar\u012b kart\u0113 iek\u013caut\u0101 inform\u0101cija tiek atjaunota, RB Rail AS neuz\u0146emas atbild\u012bbu par inform\u0101cijas aktualit\u0101ti un atbilst\u012bbu faktiskajam darbu progresam.<\/em><\/p>\n\n                    <\/div>\n    <\/div>\n<\/section>\n","protected":false},"excerpt":{"rendered":"","protected":false},"author":1,"featured_media":0,"parent":0,"menu_order":0,"comment_status":"closed","ping_status":"closed","template":"","meta":{"_acf_changed":false,"footnotes":""},"class_list":["post-287","page","type-page","status-publish","hentry"],"acf":[],"yoast_head":"<!-- This site is optimized with the Yoast SEO plugin v27.4 - https:\/\/yoast.com\/product\/yoast-seo-wordpress\/ -->\n<title>Karte - RB<\/title>\n<meta name=\"description\" content=\"Sekojiet Rail Baltica progresam \u2013 jaun\u0101k\u0101 inform\u0101cija par att\u012bst\u012bbas posmiem\" \/>\n<meta name=\"robots\" content=\"index, follow, max-snippet:-1, max-image-preview:large, max-video-preview:-1\" \/>\n<link rel=\"canonical\" href=\"https:\/\/www.railbaltica.org\/lv\/karte\/\" \/>\n<meta property=\"og:locale\" content=\"lv_LV\" \/>\n<meta property=\"og:type\" content=\"article\" \/>\n<meta property=\"og:title\" content=\"Karte - RB\" \/>\n<meta property=\"og:description\" content=\"Sekojiet Rail Baltica progresam \u2013 jaun\u0101k\u0101 inform\u0101cija par att\u012bst\u012bbas posmiem\" \/>\n<meta property=\"og:url\" content=\"https:\/\/www.railbaltica.org\/lv\/karte\/\" \/>\n<meta property=\"og:site_name\" content=\"RB\" \/>\n<meta property=\"article:modified_time\" content=\"2025-09-12T12:37:22+00:00\" \/>\n<meta name=\"twitter:card\" content=\"summary_large_image\" \/>\n<script type=\"application\/ld+json\" class=\"yoast-schema-graph\">{\"@context\":\"https:\\\/\\\/schema.org\",\"@graph\":[{\"@type\":\"WebPage\",\"@id\":\"https:\\\/\\\/www.railbaltica.org\\\/lv\\\/karte\\\/\",\"url\":\"https:\\\/\\\/www.railbaltica.org\\\/lv\\\/karte\\\/\",\"name\":\"Karte - RB\",\"isPartOf\":{\"@id\":\"https:\\\/\\\/www.railbaltica.org\\\/#website\"},\"datePublished\":\"2025-06-27T08:02:35+00:00\",\"dateModified\":\"2025-09-12T12:37:22+00:00\",\"description\":\"Sekojiet Rail Baltica progresam \u2013 jaun\u0101k\u0101 inform\u0101cija par att\u012bst\u012bbas posmiem\",\"breadcrumb\":{\"@id\":\"https:\\\/\\\/www.railbaltica.org\\\/lv\\\/karte\\\/#breadcrumb\"},\"inLanguage\":\"lv-LV\",\"potentialAction\":[{\"@type\":\"ReadAction\",\"target\":[\"https:\\\/\\\/www.railbaltica.org\\\/lv\\\/karte\\\/\"]}]},{\"@type\":\"BreadcrumbList\",\"@id\":\"https:\\\/\\\/www.railbaltica.org\\\/lv\\\/karte\\\/#breadcrumb\",\"itemListElement\":[{\"@type\":\"ListItem\",\"position\":1,\"name\":\"Home\",\"item\":\"https:\\\/\\\/www.railbaltica.org\\\/lv\\\/\"},{\"@type\":\"ListItem\",\"position\":2,\"name\":\"Karte\"}]},{\"@type\":\"WebSite\",\"@id\":\"https:\\\/\\\/www.railbaltica.org\\\/#website\",\"url\":\"https:\\\/\\\/www.railbaltica.org\\\/\",\"name\":\"RB\",\"description\":\"\",\"potentialAction\":[{\"@type\":\"SearchAction\",\"target\":{\"@type\":\"EntryPoint\",\"urlTemplate\":\"https:\\\/\\\/www.railbaltica.org\\\/?s={search_term_string}\"},\"query-input\":{\"@type\":\"PropertyValueSpecification\",\"valueRequired\":true,\"valueName\":\"search_term_string\"}}],\"inLanguage\":\"lv-LV\"}]}<\/script>\n<!-- \/ Yoast SEO plugin. -->","yoast_head_json":{"title":"Karte - RB","description":"Sekojiet Rail Baltica progresam \u2013 jaun\u0101k\u0101 inform\u0101cija par att\u012bst\u012bbas posmiem","robots":{"index":"index","follow":"follow","max-snippet":"max-snippet:-1","max-image-preview":"max-image-preview:large","max-video-preview":"max-video-preview:-1"},"canonical":"https:\/\/www.railbaltica.org\/lv\/karte\/","og_locale":"lv_LV","og_type":"article","og_title":"Karte - RB","og_description":"Sekojiet Rail Baltica progresam \u2013 jaun\u0101k\u0101 inform\u0101cija par att\u012bst\u012bbas posmiem","og_url":"https:\/\/www.railbaltica.org\/lv\/karte\/","og_site_name":"RB","article_modified_time":"2025-09-12T12:37:22+00:00","twitter_card":"summary_large_image","schema":{"@context":"https:\/\/schema.org","@graph":[{"@type":"WebPage","@id":"https:\/\/www.railbaltica.org\/lv\/karte\/","url":"https:\/\/www.railbaltica.org\/lv\/karte\/","name":"Karte - RB","isPartOf":{"@id":"https:\/\/www.railbaltica.org\/#website"},"datePublished":"2025-06-27T08:02:35+00:00","dateModified":"2025-09-12T12:37:22+00:00","description":"Sekojiet Rail Baltica progresam \u2013 jaun\u0101k\u0101 inform\u0101cija par att\u012bst\u012bbas posmiem","breadcrumb":{"@id":"https:\/\/www.railbaltica.org\/lv\/karte\/#breadcrumb"},"inLanguage":"lv-LV","potentialAction":[{"@type":"ReadAction","target":["https:\/\/www.railbaltica.org\/lv\/karte\/"]}]},{"@type":"BreadcrumbList","@id":"https:\/\/www.railbaltica.org\/lv\/karte\/#breadcrumb","itemListElement":[{"@type":"ListItem","position":1,"name":"Home","item":"https:\/\/www.railbaltica.org\/lv\/"},{"@type":"ListItem","position":2,"name":"Karte"}]},{"@type":"WebSite","@id":"https:\/\/www.railbaltica.org\/#website","url":"https:\/\/www.railbaltica.org\/","name":"RB","description":"","potentialAction":[{"@type":"SearchAction","target":{"@type":"EntryPoint","urlTemplate":"https:\/\/www.railbaltica.org\/?s={search_term_string}"},"query-input":{"@type":"PropertyValueSpecification","valueRequired":true,"valueName":"search_term_string"}}],"inLanguage":"lv-LV"}]}},"_links":{"self":[{"href":"https:\/\/www.railbaltica.org\/lv\/wp-json\/wp\/v2\/pages\/287","targetHints":{"allow":["GET"]}}],"collection":[{"href":"https:\/\/www.railbaltica.org\/lv\/wp-json\/wp\/v2\/pages"}],"about":[{"href":"https:\/\/www.railbaltica.org\/lv\/wp-json\/wp\/v2\/types\/page"}],"author":[{"embeddable":true,"href":"https:\/\/www.railbaltica.org\/lv\/wp-json\/wp\/v2\/users\/1"}],"replies":[{"embeddable":true,"href":"https:\/\/www.railbaltica.org\/lv\/wp-json\/wp\/v2\/comments?post=287"}],"version-history":[{"count":7,"href":"https:\/\/www.railbaltica.org\/lv\/wp-json\/wp\/v2\/pages\/287\/revisions"}],"predecessor-version":[{"id":34628,"href":"https:\/\/www.railbaltica.org\/lv\/wp-json\/wp\/v2\/pages\/287\/revisions\/34628"}],"wp:attachment":[{"href":"https:\/\/www.railbaltica.org\/lv\/wp-json\/wp\/v2\/media?parent=287"}],"curies":[{"name":"wp","href":"https:\/\/api.w.org\/{rel}","templated":true}]}}