{"id":26046,"date":"2025-07-25T11:01:37","date_gmt":"2025-07-25T11:01:37","guid":{"rendered":"https:\/\/www.railbaltica.org\/open-vacancies\/"},"modified":"2025-08-29T08:57:52","modified_gmt":"2025-08-29T08:57:52","slug":"atvertas-vakances","status":"publish","type":"page","link":"https:\/\/www.railbaltica.org\/lv\/karjera\/atvertas-vakances\/","title":{"rendered":"Vakances"},"content":{"rendered":"<section\n    class=\"align wp-block-hero-block relative flex overflow-hidden z-10 bg-blue\"\n>\n            \n        <div\n            class=\"w-full min-h-175 md:min-h-225\"\n        >\n                            <img decoding=\"async\"\n        src=\"https:\/\/www.railbaltica.org\/wp-content\/uploads\/2025\/07\/Hero-4.png\"\n        alt=\"Hero\"\n         title=\"Hero\"         class=\"block absolute object-cover size-full pointer-events-none -z-10\"\n        loading=\"lazy\"\n    \/>\n            \n            <div\n                class=\"container pt-25 flex pb-5 h-full md:pt-55 md:pb-10 lg:!px-14\"\n            >\n                <div\n                    class=\"bg-dark\/75 mt-auto flex w-full flex-col items-start gap-4 rounded p-4 text-white md:gap-5 md:p-10\"\n                >\n                                                                \n                    \n                    <h2 class='h1 max-w-160'>\n            Pievienojies liel\u0101kajam infrastrukt\u016bras projektam Baltij\u0101\n        <\/h2>\n\n                                            <div\n                            class=\"max-w-160\"\n                        >\n                            <div\n                                class=\"textual max-w-160 md:text-xl\"\n                            ><p>Darbs Rail Baltica ir unik\u0101la iesp\u0113ja sniegt savu ieguld\u012bjumu projekt\u0101, kas b\u016btiski ietekm\u0113s n\u0101kam\u0101s paaudzes un Baltijas re\u0123iona labkl\u0101j\u012bbu.<\/p>\n<\/div>\n                                                    <\/div>\n                    \n                    \n                    \n                                    <\/div>\n            <\/div>\n        <\/div>\n    <\/section>\n\n\n<section\n    class=\"py-5 md:py-10 align wp-block-vacancies-block has-background has-bg-light-gray-background-color\"\n>\n    <div\n        class=\"container\"\n    >\n                    <h2 class='h1 text-dark'>\n            Vakances\n        <\/h2>\n        \n                    <div\n                class=\"flex flex-col\"\n            >\n                                    <div\n                        class=\"flex items-start gap-4 justify-between py-4 py-5 border-b border-dark\"\n                    >\n                                                    <h3 class='h2 flex-1 text-dark'>\n            Technical Coordinator (Electrification)\n        <\/h3>\n                        \n                        <a\n        href=\"https:\/\/www.railbaltica.org\/lv\/vakances\/technical-coordinator-electrification\/\"\n                class=\"btn-outline-dark bg-white hover:bg-blue\"\n    >\n        \n        Uzzin\u0101t vair\u0101k\n        \n        \n    <\/a>\n                    <\/div>\n                                    <div\n                        class=\"flex items-start gap-4 justify-between py-4 py-5 border-b border-dark\"\n                    >\n                                                    <h3 class='h2 flex-1 text-dark'>\n            Corporate Compliance Officer\n        <\/h3>\n                        \n                        <a\n        href=\"https:\/\/www.railbaltica.org\/lv\/vakances\/corporate-compliance-officer\/\"\n                class=\"btn-outline-dark bg-white hover:bg-blue\"\n    >\n        \n        Uzzin\u0101t vair\u0101k\n        \n        \n    <\/a>\n                    <\/div>\n                                    <div\n                        class=\"flex items-start gap-4 justify-between py-4 py-5 border-b border-dark\"\n                    >\n                                                    <h3 class='h2 flex-1 text-dark'>\n            Document Control and Reporting Specialist\n        <\/h3>\n                        \n                        <a\n        href=\"https:\/\/www.railbaltica.org\/lv\/vakances\/document-control-and-reporting-specialist\/\"\n                class=\"btn-outline-dark bg-white hover:bg-blue\"\n    >\n        \n        Uzzin\u0101t vair\u0101k\n        \n        \n    <\/a>\n                    <\/div>\n                                    <div\n                        class=\"flex items-start gap-4 justify-between py-4 py-5 border-b border-dark\"\n                    >\n                                                    <h3 class='h2 flex-1 text-dark'>\n            Civil Infrastructure Engineer\n        <\/h3>\n                        \n                        <a\n        href=\"https:\/\/www.railbaltica.org\/lv\/vakances\/civil-infrastructure-engineer\/\"\n                class=\"btn-outline-dark bg-white hover:bg-blue\"\n    >\n        \n        Uzzin\u0101t vair\u0101k\n        \n        \n    <\/a>\n                    <\/div>\n                                    <div\n                        class=\"flex items-start gap-4 justify-between py-4 py-5 border-b border-dark\"\n                    >\n                                                    <h3 class='h2 flex-1 text-dark'>\n            Railway Signaling Engineer\n        <\/h3>\n                        \n                        <a\n        href=\"https:\/\/www.railbaltica.org\/lv\/vakances\/railway-signaling-engineer\/\"\n                class=\"btn-outline-dark bg-white hover:bg-blue\"\n    >\n        \n        Uzzin\u0101t vair\u0101k\n        \n        \n    <\/a>\n                    <\/div>\n                            <\/div>\n            <\/div>\n<\/section>\n\n\n<section\n    class=\"py-5 md:py-10 align wp-block-managing-small-block has-background has-bg-light-gray-background-color\"\n>\n    <div\n        class=\"container\"\n    >\n        <div\n            class=\"text-white p-4 rounded bg-dark md:p-10\"\n        >\n                            <h2 class='h1 text-white'>\n            Pla\u0161\u0101kas karjeras iesp\u0113jas projekt\u0101\n        <\/h2>\n                                        <div\n                    class=\"mb-5 md:text-xl\"\n                >\n                    <p>Apmekl\u0113 ar\u012b citu Rail Baltica projekt\u0101 iesaist\u012bto uz\u0146\u0113mumu m\u0101jaslapas un atkl\u0101j darba iesp\u0113jas pie m\u016bsu partneriem.<\/p>\n\n                <\/div>\n                                        <div\n                    class=\"grid gap-4 md:grid-cols-3 md:gap-5\"\n                >\n                                            <div\n                            class=\"group min-h-17 bg-dark border border-white rounded flex items-center justify-center md:p-0\"\n                        >\n\n                                                            <a\n                                    href=\"https:\/\/www.rbestonia.ee\/\"\n                                    class=\"w-full p-3 md:p-5 md:duration-300 md:group-hover:scale-110\"\n                                     target=\"_blank\" rel=\"noopener noreferrer\"                                 >\n                            \n                                                            <img decoding=\"async\"\n        src=\"https:\/\/www.railbaltica.org\/wp-content\/uploads\/2025\/07\/Rail-Baltic-Estonia-Logo.svg\"\n        alt=\"Rail Baltic Estonia Logo\"\n         title=\"Rail Baltic Estonia Logo\"         class=\"block h-9 w-full object-contain\"\n        loading=\"lazy\"\n    \/>\n                            \n                                                            <\/a>\n                                                    <\/div>\n                                            <div\n                            class=\"group min-h-17 bg-dark border border-white rounded flex items-center justify-center md:p-0\"\n                        >\n\n                                                            <a\n                                    href=\"https:\/\/edzl.lv\/\"\n                                    class=\"w-full p-3 md:p-5 md:duration-300 md:group-hover:scale-110\"\n                                     target=\"_blank\" rel=\"noopener noreferrer\"                                 >\n                            \n                                                            <img decoding=\"async\"\n        src=\"https:\/\/www.railbaltica.org\/wp-content\/uploads\/2025\/07\/Logo-Container.svg\"\n        alt=\"Logo-Container\"\n         title=\"Logo-Container\"         class=\"block h-9 w-full object-contain\"\n        loading=\"lazy\"\n    \/>\n                            \n                                                            <\/a>\n                                                    <\/div>\n                                            <div\n                            class=\"group min-h-17 bg-dark border border-white rounded flex items-center justify-center md:p-0\"\n                        >\n\n                                                            <a\n                                    href=\"https:\/\/karjera.litrail.lt\/search\/?createNewAlert=false&amp;q=Rail+Baltica&amp;optionsFacetsDD_department=&amp;optionsFacetsDD_customfield4=&amp;optionsFacetsDD_facility=\"\n                                    class=\"w-full p-3 md:p-5 md:duration-300 md:group-hover:scale-110\"\n                                     target=\"_blank\" rel=\"noopener noreferrer\"                                 >\n                            \n                                                            <img decoding=\"async\"\n        src=\"https:\/\/www.railbaltica.org\/wp-content\/uploads\/2025\/07\/Logo-Containerlogo.svg\"\n        alt=\"Logo-Containerlogo\"\n         title=\"Logo-Containerlogo\"         class=\"block h-9 w-full object-contain\"\n        loading=\"lazy\"\n    \/>\n                            \n                                                            <\/a>\n                                                    <\/div>\n                                    <\/div>\n                    <\/div>\n    <\/div>\n<\/section>\n","protected":false},"excerpt":{"rendered":"","protected":false},"author":1,"featured_media":0,"parent":26020,"menu_order":0,"comment_status":"closed","ping_status":"closed","template":"","meta":{"_acf_changed":false,"footnotes":""},"class_list":["post-26046","page","type-page","status-publish","hentry"],"acf":[],"yoast_head":"<!-- This site is optimized with the Yoast SEO plugin v27.4 - https:\/\/yoast.com\/product\/yoast-seo-wordpress\/ -->\n<title>Vakances - RB<\/title>\n<meta name=\"description\" content=\"Pievienojies Rail Baltica \u2014 atkl\u0101j karjeras iesp\u0113jas un uzzini, k\u0101 vari piedal\u012bties \u0161aj\u0101 gadsimta projekt\u0101.\" \/>\n<meta name=\"robots\" content=\"index, follow, max-snippet:-1, max-image-preview:large, max-video-preview:-1\" \/>\n<link rel=\"canonical\" href=\"https:\/\/www.railbaltica.org\/lv\/karjera\/atvertas-vakances\/\" \/>\n<meta property=\"og:locale\" content=\"lv_LV\" \/>\n<meta property=\"og:type\" content=\"article\" \/>\n<meta property=\"og:title\" content=\"Vakances - RB\" \/>\n<meta property=\"og:description\" content=\"Pievienojies Rail Baltica \u2014 atkl\u0101j karjeras iesp\u0113jas un uzzini, k\u0101 vari piedal\u012bties \u0161aj\u0101 gadsimta projekt\u0101.\" \/>\n<meta property=\"og:url\" content=\"https:\/\/www.railbaltica.org\/lv\/karjera\/atvertas-vakances\/\" \/>\n<meta property=\"og:site_name\" content=\"RB\" \/>\n<meta property=\"article:modified_time\" content=\"2025-08-29T08:57:52+00:00\" \/>\n<meta name=\"twitter:card\" content=\"summary_large_image\" \/>\n<script type=\"application\/ld+json\" class=\"yoast-schema-graph\">{\"@context\":\"https:\\\/\\\/schema.org\",\"@graph\":[{\"@type\":\"WebPage\",\"@id\":\"https:\\\/\\\/www.railbaltica.org\\\/lv\\\/karjera\\\/atvertas-vakances\\\/\",\"url\":\"https:\\\/\\\/www.railbaltica.org\\\/lv\\\/karjera\\\/atvertas-vakances\\\/\",\"name\":\"Vakances - RB\",\"isPartOf\":{\"@id\":\"https:\\\/\\\/www.railbaltica.org\\\/#website\"},\"datePublished\":\"2025-07-25T11:01:37+00:00\",\"dateModified\":\"2025-08-29T08:57:52+00:00\",\"description\":\"Pievienojies Rail Baltica \u2014 atkl\u0101j karjeras iesp\u0113jas un uzzini, k\u0101 vari piedal\u012bties \u0161aj\u0101 gadsimta projekt\u0101.\",\"breadcrumb\":{\"@id\":\"https:\\\/\\\/www.railbaltica.org\\\/lv\\\/karjera\\\/atvertas-vakances\\\/#breadcrumb\"},\"inLanguage\":\"lv-LV\",\"potentialAction\":[{\"@type\":\"ReadAction\",\"target\":[\"https:\\\/\\\/www.railbaltica.org\\\/lv\\\/karjera\\\/atvertas-vakances\\\/\"]}]},{\"@type\":\"BreadcrumbList\",\"@id\":\"https:\\\/\\\/www.railbaltica.org\\\/lv\\\/karjera\\\/atvertas-vakances\\\/#breadcrumb\",\"itemListElement\":[{\"@type\":\"ListItem\",\"position\":1,\"name\":\"Home\",\"item\":\"https:\\\/\\\/www.railbaltica.org\\\/lv\\\/\"},{\"@type\":\"ListItem\",\"position\":2,\"name\":\"Darbs Rail Baltica\",\"item\":\"https:\\\/\\\/www.railbaltica.org\\\/lv\\\/karjera\\\/\"},{\"@type\":\"ListItem\",\"position\":3,\"name\":\"Vakances\"}]},{\"@type\":\"WebSite\",\"@id\":\"https:\\\/\\\/www.railbaltica.org\\\/#website\",\"url\":\"https:\\\/\\\/www.railbaltica.org\\\/\",\"name\":\"RB\",\"description\":\"\",\"potentialAction\":[{\"@type\":\"SearchAction\",\"target\":{\"@type\":\"EntryPoint\",\"urlTemplate\":\"https:\\\/\\\/www.railbaltica.org\\\/?s={search_term_string}\"},\"query-input\":{\"@type\":\"PropertyValueSpecification\",\"valueRequired\":true,\"valueName\":\"search_term_string\"}}],\"inLanguage\":\"lv-LV\"}]}<\/script>\n<!-- \/ Yoast SEO plugin. -->","yoast_head_json":{"title":"Vakances - RB","description":"Pievienojies Rail Baltica \u2014 atkl\u0101j karjeras iesp\u0113jas un uzzini, k\u0101 vari piedal\u012bties \u0161aj\u0101 gadsimta projekt\u0101.","robots":{"index":"index","follow":"follow","max-snippet":"max-snippet:-1","max-image-preview":"max-image-preview:large","max-video-preview":"max-video-preview:-1"},"canonical":"https:\/\/www.railbaltica.org\/lv\/karjera\/atvertas-vakances\/","og_locale":"lv_LV","og_type":"article","og_title":"Vakances - RB","og_description":"Pievienojies Rail Baltica \u2014 atkl\u0101j karjeras iesp\u0113jas un uzzini, k\u0101 vari piedal\u012bties \u0161aj\u0101 gadsimta projekt\u0101.","og_url":"https:\/\/www.railbaltica.org\/lv\/karjera\/atvertas-vakances\/","og_site_name":"RB","article_modified_time":"2025-08-29T08:57:52+00:00","twitter_card":"summary_large_image","schema":{"@context":"https:\/\/schema.org","@graph":[{"@type":"WebPage","@id":"https:\/\/www.railbaltica.org\/lv\/karjera\/atvertas-vakances\/","url":"https:\/\/www.railbaltica.org\/lv\/karjera\/atvertas-vakances\/","name":"Vakances - RB","isPartOf":{"@id":"https:\/\/www.railbaltica.org\/#website"},"datePublished":"2025-07-25T11:01:37+00:00","dateModified":"2025-08-29T08:57:52+00:00","description":"Pievienojies Rail Baltica \u2014 atkl\u0101j karjeras iesp\u0113jas un uzzini, k\u0101 vari piedal\u012bties \u0161aj\u0101 gadsimta projekt\u0101.","breadcrumb":{"@id":"https:\/\/www.railbaltica.org\/lv\/karjera\/atvertas-vakances\/#breadcrumb"},"inLanguage":"lv-LV","potentialAction":[{"@type":"ReadAction","target":["https:\/\/www.railbaltica.org\/lv\/karjera\/atvertas-vakances\/"]}]},{"@type":"BreadcrumbList","@id":"https:\/\/www.railbaltica.org\/lv\/karjera\/atvertas-vakances\/#breadcrumb","itemListElement":[{"@type":"ListItem","position":1,"name":"Home","item":"https:\/\/www.railbaltica.org\/lv\/"},{"@type":"ListItem","position":2,"name":"Darbs Rail Baltica","item":"https:\/\/www.railbaltica.org\/lv\/karjera\/"},{"@type":"ListItem","position":3,"name":"Vakances"}]},{"@type":"WebSite","@id":"https:\/\/www.railbaltica.org\/#website","url":"https:\/\/www.railbaltica.org\/","name":"RB","description":"","potentialAction":[{"@type":"SearchAction","target":{"@type":"EntryPoint","urlTemplate":"https:\/\/www.railbaltica.org\/?s={search_term_string}"},"query-input":{"@type":"PropertyValueSpecification","valueRequired":true,"valueName":"search_term_string"}}],"inLanguage":"lv-LV"}]}},"_links":{"self":[{"href":"https:\/\/www.railbaltica.org\/lv\/wp-json\/wp\/v2\/pages\/26046","targetHints":{"allow":["GET"]}}],"collection":[{"href":"https:\/\/www.railbaltica.org\/lv\/wp-json\/wp\/v2\/pages"}],"about":[{"href":"https:\/\/www.railbaltica.org\/lv\/wp-json\/wp\/v2\/types\/page"}],"author":[{"embeddable":true,"href":"https:\/\/www.railbaltica.org\/lv\/wp-json\/wp\/v2\/users\/1"}],"replies":[{"embeddable":true,"href":"https:\/\/www.railbaltica.org\/lv\/wp-json\/wp\/v2\/comments?post=26046"}],"version-history":[{"count":5,"href":"https:\/\/www.railbaltica.org\/lv\/wp-json\/wp\/v2\/pages\/26046\/revisions"}],"predecessor-version":[{"id":34262,"href":"https:\/\/www.railbaltica.org\/lv\/wp-json\/wp\/v2\/pages\/26046\/revisions\/34262"}],"up":[{"embeddable":true,"href":"https:\/\/www.railbaltica.org\/lv\/wp-json\/wp\/v2\/pages\/26020"}],"wp:attachment":[{"href":"https:\/\/www.railbaltica.org\/lv\/wp-json\/wp\/v2\/media?parent=26046"}],"curies":[{"name":"wp","href":"https:\/\/api.w.org\/{rel}","templated":true}]}}