{"id":21596,"date":"2025-08-06T12:14:29","date_gmt":"2025-08-06T12:14:29","guid":{"rendered":"https:\/\/www.railbaltica.org\/?page_id=21596"},"modified":"2025-08-29T06:28:01","modified_gmt":"2025-08-29T06:28:01","slug":"kontakti","status":"publish","type":"page","link":"https:\/\/www.railbaltica.org\/lv\/kontakti\/","title":{"rendered":"Kontakti"},"content":{"rendered":"<section\n    class=\"align wp-block-hero-small-block relative flex overflow-hidden z-10 bg-blue\"\n>\n            \n        <div\n            class=\"w-full\"\n        >\n            \n            <div\n                class=\"container pt-25 flex pb-5 md:pt-55 md:pb-10 lg:!px-14\"\n            >\n                <div\n                    class=\"bg-dark\/75 mt-auto flex w-full flex-col items-start gap-4 rounded p-4 text-white md:gap-5 md:p-10\"\n                >\n                                                                \n                    \n                    <h1 class='h1 max-w-160'>\n            Sazinieties ar mums\n        <\/h1>\n\n                    \n                    \n                    \n                                    <\/div>\n            <\/div>\n        <\/div>\n    <\/section>\n\n\n<section\n    class=\"py-5 md:py-10 align wp-block-contacts-block\"\n>\n    <div\n        class=\"container\"\n    >\n        <div\n            class=\"bg-dark text-white p-4 rounded md:p-10\"\n        >\n            <div\n                class=\"grid gap-8 mb-8 md:grid-cols-2 md:gap-5 md:mb-10\"\n            >\n                <div>\n                                            <h2\n                            class=\"h2 pb-2.5 mb-2.5 border-b border-blue\"\n                        >RB Rail AS galven\u0101 m\u012btne<\/h2>\n                    \n                                            <ul>\n                                                            <li\n                                    class=\"mb-2 md:text-xl\"\n                                >\n                                                                            <span\n                                            class=\"text-gray-3\"\n                                        >Biroja adrese:<\/span>\n                                                                                                                <span>Satekles iela 2B, Riga, LV-1050, Latvia<\/span>\n                                                                    <\/li>\n                            \n                                                            <li\n                                    class=\"mb-2 md:text-xl\"\n                                >\n                                                                            <span\n                                            class=\"text-gray-3\"\n                                        >T\u0101lrunis:<\/span>\n                                                                                                                <span>\n                                            <a\n                                                class=\"hover:underline\"\n                                                href=\"tel:++371 6696 7171\"\n                                            >+371 6696 7171<\/a>\n                                        <\/span>\n                                                                    <\/li>\n                            \n                                                            <li\n                                    class=\"mb-2 md:text-xl\"\n                                >\n                                                                            <span\n                                            class=\"text-gray-3\"\n                                        >E-pasts:<\/span>\n                                                                                                                <span>\n                                            <a\n                                                href=\"mailto:info@railbaltica.org\"\n                                                class=\"hover:underline\"\n                                            >\n                                                info@railbaltica.org\n                                            <\/a>\n                                        <\/span>\n                                                                    <\/li>\n                            \n                                                            <li\n                                    class=\"mb-2 md:text-xl\"\n                                >\n                                                                            <span\n                                            class=\"text-gray-3\"\n                                        >Re\u0123. Nr. \/ PVN kods:<\/span>\n                                                                                                                <span>40103845025 \/ LV40103845025<\/span>\n                                                                    <\/li>\n                                                    <\/ul>\n                                    <\/div>\n                <div>\n                                            <iframe\n                            src=\"https:\/\/maps.google.com\/maps?q=Satekles+iela+2B%2C+Riga%2C+LV-1050%2C+Latvia&#038;hl=en&#038;z=15&#038;output=embed\"\n                            width=\"600\"\n                            height=\"450\"\n                            style=\"border:0;\"\n                            allowfullscreen=\"\"\n                            loading=\"lazy\"\n                            class=\"h-90 w-full\"\n                        >\n                        <\/iframe>\n                                    <\/div>\n            <\/div>\n\n                            <div\n                    class=\"grid gap-8 md:grid-cols-2 md:gap-5\"\n                >\n                                            <div>\n\n                                                            <h2\n                                    class=\"h2 pb-2.5 mb-2.5 border-b border-blue\"\n                                >RB Rail AS Igaunijas fili\u0101le<\/h2>\n                            \n                                                            <ul>\n                                                                            <li\n                                            class=\"mb-2 md:text-xl\"\n                                        >\n                                                                                            <span\n                                                    class=\"text-gray-3\"\n                                                >Biroja adrese:<\/span>\n                                                                                                                                        <span>Avala biznesa kvart\u0101ls, Veskiposti 2\/1, 10138, Tallina, Igaunija<\/span>\n                                                                                    <\/li>\n                                    \n                                                                            <li\n                                            class=\"mb-2 md:text-xl\"\n                                        >\n                                                                                            <span\n                                                    class=\"text-gray-3\"\n                                                >T\u0101lrunis:<\/span>\n                                                                                                                                        <span>\n                                                    <a\n                                                        class=\"hover:underline\"\n                                                        href=\"tel:++372 5647 1748\"\n                                                    >+372 5647 1748<\/a>\n                                                <\/span>\n                                                                                    <\/li>\n                                    \n                                    \n                                                                            <li\n                                            class=\"mb-2 md:text-xl\"\n                                        >\n                                                                                            <span\n                                                    class=\"text-gray-3\"\n                                                >Re\u0123. Nr. \/ PVN kods: <\/span>\n                                                                                                                                        <span>14168654 \/ EE101957188<\/span>\n                                                                                    <\/li>\n                                                                    <\/ul>\n                                                    <\/div>\n                                            <div>\n\n                                                            <h2\n                                    class=\"h2 pb-2.5 mb-2.5 border-b border-blue\"\n                                >RB Rail AS Lietuvas fili\u0101le<\/h2>\n                            \n                                                            <ul>\n                                                                            <li\n                                            class=\"mb-2 md:text-xl\"\n                                        >\n                                                                                            <span\n                                                    class=\"text-gray-3\"\n                                                >Biroja adrese:<\/span>\n                                                                                                                                        <span>J. Basanavi\u010diaus iela 24, Vi\u013c\u0146a, 03224, Lietuva<\/span>\n                                                                                    <\/li>\n                                    \n                                                                            <li\n                                            class=\"mb-2 md:text-xl\"\n                                        >\n                                                                                            <span\n                                                    class=\"text-gray-3\"\n                                                >T\u0101lrunis:<\/span>\n                                                                                                                                        <span>\n                                                    <a\n                                                        class=\"hover:underline\"\n                                                        href=\"tel:++370 65890088\"\n                                                    >+370 65890088<\/a>\n                                                <\/span>\n                                                                                    <\/li>\n                                    \n                                    \n                                                                            <li\n                                            class=\"mb-2 md:text-xl\"\n                                        >\n                                                                                            <span\n                                                    class=\"text-gray-3\"\n                                                >Re\u0123. Nr. \/ PVN kods:<\/span>\n                                                                                                                                        <span>304430116 \/ LT100010828019<\/span>\n                                                                                    <\/li>\n                                                                    <\/ul>\n                                                    <\/div>\n                                    <\/div>\n                    <\/div>\n    <\/div>\n<\/section>\n\n\n<section\n    class=\"py-5 md:py-10 align wp-block-text-cta-block !pt-[0]\"\n>\n    <div\n        class=\"container\"\n    >\n        <div\n            class=\"bg-dark text-white p-4 rounded md:p-10\"\n        >\n                            <h2 class='h1 border-b border-blue pb-3 mb-3 md:pb-5 md:mb-5'>\n            Medijiem\n        <\/h2>\n                                        <div\n                    class=\"textual flex flex-col gap-2.5 max-w-137 [&#038;_a]:underline md:text-xl\"\n                >\n                    <p>Mediju jaut\u0101jumu, interviju piepras\u012bjumu vai preses materi\u0101lu sa\u0146em\u0161anai l\u016bdzu sazinieties ar m\u016bsu mediju attiec\u012bbu komandu.<br \/>\nE-pasts: <a href=\"mailto:media@railbaltica.org\">media@railbaltica.org<\/a><\/p>\n\n                <\/div>\n                    <\/div>\n    <\/div>\n<\/section>\n\n\n<section\n    class=\"py-5 md:py-10 align wp-block-managing-small-block !pt-[0]\"\n>\n    <div\n        class=\"container\"\n    >\n        <div\n            class=\"text-white p-4 rounded bg-dark md:p-10\"\n        >\n                                        <div\n                    class=\"mb-5 md:text-xl\"\n                >\n                    <p>Lai sazin\u0101tos ar nacion\u0101lajiem projekta \u012bstenot\u0101jiem, l\u016bdzu, apmekl\u0113jiet attiec\u012bg\u0101s ofici\u0101l\u0101s m\u0101jaslapas, kur pieejama detaliz\u0113ta kontaktinform\u0101cija.<\/p>\n\n                <\/div>\n                                        <div\n                    class=\"grid gap-4 md:grid-cols-3 md:gap-5\"\n                >\n                                            <div\n                            class=\"group min-h-17 bg-dark border border-white rounded flex items-center justify-center md:p-0\"\n                        >\n\n                                                            <a\n                                    href=\"https:\/\/www.rbestonia.ee\"\n                                    class=\"w-full p-3 md:p-5 md:duration-300 md:group-hover:scale-110\"\n                                     target=\"_blank\" rel=\"noopener noreferrer\"                                 >\n                            \n                                                            <img decoding=\"async\"\n        src=\"https:\/\/www.railbaltica.org\/wp-content\/uploads\/2025\/07\/Rail-Baltic-Estonia-Logo.svg\"\n        alt=\"Rail Baltic Estonia Logo\"\n         title=\"Rail Baltic Estonia Logo\"         class=\"block h-9 w-full object-contain\"\n        loading=\"lazy\"\n    \/>\n                            \n                                                            <\/a>\n                                                    <\/div>\n                                            <div\n                            class=\"group min-h-17 bg-dark border border-white rounded flex items-center justify-center md:p-0\"\n                        >\n\n                                                            <a\n                                    href=\"https:\/\/edzl.lv\"\n                                    class=\"w-full p-3 md:p-5 md:duration-300 md:group-hover:scale-110\"\n                                     target=\"_blank\" rel=\"noopener noreferrer\"                                 >\n                            \n                                                            <img decoding=\"async\"\n        src=\"https:\/\/www.railbaltica.org\/wp-content\/uploads\/2025\/07\/Logo-Container.svg\"\n        alt=\"Logo-Container\"\n         title=\"Logo-Container\"         class=\"block h-9 w-full object-contain\"\n        loading=\"lazy\"\n    \/>\n                            \n                                                            <\/a>\n                                                    <\/div>\n                                            <div\n                            class=\"group min-h-17 bg-dark border border-white rounded flex items-center justify-center md:p-0\"\n                        >\n\n                                                            <a\n                                    href=\"https:\/\/rail-baltica.lt\"\n                                    class=\"w-full p-3 md:p-5 md:duration-300 md:group-hover:scale-110\"\n                                     target=\"_blank\" rel=\"noopener noreferrer\"                                 >\n                            \n                                                            <img decoding=\"async\"\n        src=\"https:\/\/www.railbaltica.org\/wp-content\/uploads\/2025\/07\/Logo-Containerlogo.svg\"\n        alt=\"Logo-Containerlogo\"\n         title=\"Logo-Containerlogo\"         class=\"block h-9 w-full object-contain\"\n        loading=\"lazy\"\n    \/>\n                            \n                                                            <\/a>\n                                                    <\/div>\n                                    <\/div>\n                    <\/div>\n    <\/div>\n<\/section>\n","protected":false},"excerpt":{"rendered":"","protected":false},"author":1,"featured_media":0,"parent":0,"menu_order":0,"comment_status":"closed","ping_status":"closed","template":"","meta":{"_acf_changed":false,"footnotes":""},"class_list":["post-21596","page","type-page","status-publish","hentry"],"acf":[],"yoast_head":"<!-- This site is optimized with the Yoast SEO plugin v27.4 - https:\/\/yoast.com\/product\/yoast-seo-wordpress\/ -->\n<title>Kontakti - RB<\/title>\n<meta name=\"description\" content=\"Sazinies ar Rail Baltica komandu un birojiem vis\u0101 Latvij\u0101, Lietuv\u0101 un Igaunij\u0101.\" \/>\n<meta name=\"robots\" content=\"index, follow, max-snippet:-1, max-image-preview:large, max-video-preview:-1\" \/>\n<link rel=\"canonical\" href=\"https:\/\/www.railbaltica.org\/lv\/kontakti\/\" \/>\n<meta property=\"og:locale\" content=\"lv_LV\" \/>\n<meta property=\"og:type\" content=\"article\" \/>\n<meta property=\"og:title\" content=\"Kontakti - RB\" \/>\n<meta property=\"og:description\" content=\"Sazinies ar Rail Baltica komandu un birojiem vis\u0101 Latvij\u0101, Lietuv\u0101 un Igaunij\u0101.\" \/>\n<meta property=\"og:url\" content=\"https:\/\/www.railbaltica.org\/lv\/kontakti\/\" \/>\n<meta property=\"og:site_name\" content=\"RB\" \/>\n<meta property=\"article:modified_time\" content=\"2025-08-29T06:28:01+00:00\" \/>\n<meta name=\"twitter:card\" content=\"summary_large_image\" \/>\n<script type=\"application\/ld+json\" class=\"yoast-schema-graph\">{\"@context\":\"https:\\\/\\\/schema.org\",\"@graph\":[{\"@type\":\"WebPage\",\"@id\":\"https:\\\/\\\/www.railbaltica.org\\\/lv\\\/kontakti\\\/\",\"url\":\"https:\\\/\\\/www.railbaltica.org\\\/lv\\\/kontakti\\\/\",\"name\":\"Kontakti - RB\",\"isPartOf\":{\"@id\":\"https:\\\/\\\/www.railbaltica.org\\\/#website\"},\"datePublished\":\"2025-08-06T12:14:29+00:00\",\"dateModified\":\"2025-08-29T06:28:01+00:00\",\"description\":\"Sazinies ar Rail Baltica komandu un birojiem vis\u0101 Latvij\u0101, Lietuv\u0101 un Igaunij\u0101.\",\"breadcrumb\":{\"@id\":\"https:\\\/\\\/www.railbaltica.org\\\/lv\\\/kontakti\\\/#breadcrumb\"},\"inLanguage\":\"lv-LV\",\"potentialAction\":[{\"@type\":\"ReadAction\",\"target\":[\"https:\\\/\\\/www.railbaltica.org\\\/lv\\\/kontakti\\\/\"]}]},{\"@type\":\"BreadcrumbList\",\"@id\":\"https:\\\/\\\/www.railbaltica.org\\\/lv\\\/kontakti\\\/#breadcrumb\",\"itemListElement\":[{\"@type\":\"ListItem\",\"position\":1,\"name\":\"Home\",\"item\":\"https:\\\/\\\/www.railbaltica.org\\\/lv\\\/\"},{\"@type\":\"ListItem\",\"position\":2,\"name\":\"Kontakti\"}]},{\"@type\":\"WebSite\",\"@id\":\"https:\\\/\\\/www.railbaltica.org\\\/#website\",\"url\":\"https:\\\/\\\/www.railbaltica.org\\\/\",\"name\":\"RB\",\"description\":\"\",\"potentialAction\":[{\"@type\":\"SearchAction\",\"target\":{\"@type\":\"EntryPoint\",\"urlTemplate\":\"https:\\\/\\\/www.railbaltica.org\\\/?s={search_term_string}\"},\"query-input\":{\"@type\":\"PropertyValueSpecification\",\"valueRequired\":true,\"valueName\":\"search_term_string\"}}],\"inLanguage\":\"lv-LV\"}]}<\/script>\n<!-- \/ Yoast SEO plugin. -->","yoast_head_json":{"title":"Kontakti - RB","description":"Sazinies ar Rail Baltica komandu un birojiem vis\u0101 Latvij\u0101, Lietuv\u0101 un Igaunij\u0101.","robots":{"index":"index","follow":"follow","max-snippet":"max-snippet:-1","max-image-preview":"max-image-preview:large","max-video-preview":"max-video-preview:-1"},"canonical":"https:\/\/www.railbaltica.org\/lv\/kontakti\/","og_locale":"lv_LV","og_type":"article","og_title":"Kontakti - RB","og_description":"Sazinies ar Rail Baltica komandu un birojiem vis\u0101 Latvij\u0101, Lietuv\u0101 un Igaunij\u0101.","og_url":"https:\/\/www.railbaltica.org\/lv\/kontakti\/","og_site_name":"RB","article_modified_time":"2025-08-29T06:28:01+00:00","twitter_card":"summary_large_image","schema":{"@context":"https:\/\/schema.org","@graph":[{"@type":"WebPage","@id":"https:\/\/www.railbaltica.org\/lv\/kontakti\/","url":"https:\/\/www.railbaltica.org\/lv\/kontakti\/","name":"Kontakti - RB","isPartOf":{"@id":"https:\/\/www.railbaltica.org\/#website"},"datePublished":"2025-08-06T12:14:29+00:00","dateModified":"2025-08-29T06:28:01+00:00","description":"Sazinies ar Rail Baltica komandu un birojiem vis\u0101 Latvij\u0101, Lietuv\u0101 un Igaunij\u0101.","breadcrumb":{"@id":"https:\/\/www.railbaltica.org\/lv\/kontakti\/#breadcrumb"},"inLanguage":"lv-LV","potentialAction":[{"@type":"ReadAction","target":["https:\/\/www.railbaltica.org\/lv\/kontakti\/"]}]},{"@type":"BreadcrumbList","@id":"https:\/\/www.railbaltica.org\/lv\/kontakti\/#breadcrumb","itemListElement":[{"@type":"ListItem","position":1,"name":"Home","item":"https:\/\/www.railbaltica.org\/lv\/"},{"@type":"ListItem","position":2,"name":"Kontakti"}]},{"@type":"WebSite","@id":"https:\/\/www.railbaltica.org\/#website","url":"https:\/\/www.railbaltica.org\/","name":"RB","description":"","potentialAction":[{"@type":"SearchAction","target":{"@type":"EntryPoint","urlTemplate":"https:\/\/www.railbaltica.org\/?s={search_term_string}"},"query-input":{"@type":"PropertyValueSpecification","valueRequired":true,"valueName":"search_term_string"}}],"inLanguage":"lv-LV"}]}},"_links":{"self":[{"href":"https:\/\/www.railbaltica.org\/lv\/wp-json\/wp\/v2\/pages\/21596","targetHints":{"allow":["GET"]}}],"collection":[{"href":"https:\/\/www.railbaltica.org\/lv\/wp-json\/wp\/v2\/pages"}],"about":[{"href":"https:\/\/www.railbaltica.org\/lv\/wp-json\/wp\/v2\/types\/page"}],"author":[{"embeddable":true,"href":"https:\/\/www.railbaltica.org\/lv\/wp-json\/wp\/v2\/users\/1"}],"replies":[{"embeddable":true,"href":"https:\/\/www.railbaltica.org\/lv\/wp-json\/wp\/v2\/comments?post=21596"}],"version-history":[{"count":7,"href":"https:\/\/www.railbaltica.org\/lv\/wp-json\/wp\/v2\/pages\/21596\/revisions"}],"predecessor-version":[{"id":33054,"href":"https:\/\/www.railbaltica.org\/lv\/wp-json\/wp\/v2\/pages\/21596\/revisions\/33054"}],"wp:attachment":[{"href":"https:\/\/www.railbaltica.org\/lv\/wp-json\/wp\/v2\/media?parent=21596"}],"curies":[{"name":"wp","href":"https:\/\/api.w.org\/{rel}","templated":true}]}}