{"id":18303,"date":"2025-08-05T11:55:17","date_gmt":"2025-08-05T11:55:17","guid":{"rendered":"https:\/\/www.railbaltica.org\/?page_id=18303"},"modified":"2025-08-29T06:14:52","modified_gmt":"2025-08-29T06:14:52","slug":"e-iepirkumu-sistema","status":"publish","type":"page","link":"https:\/\/www.railbaltica.org\/lv\/partneriem\/e-iepirkumu-sistema\/","title":{"rendered":"E-iepirkumu sist\u0113ma"},"content":{"rendered":"<section\n    class=\"align wp-block-hero-block relative flex overflow-hidden z-10 bg-blue\"\n>\n            \n        <div\n            class=\"w-full min-h-175 md:min-h-225\"\n        >\n                            <img decoding=\"async\"\n        src=\"https:\/\/www.railbaltica.org\/wp-content\/uploads\/2025\/07\/0cb11fd0f87af87bcae83275b260e0d19c96a16f-scaled.jpg\"\n        alt=\"0cb11fd0f87af87bcae83275b260e0d19c96a16f\"\n         title=\"0cb11fd0f87af87bcae83275b260e0d19c96a16f\"         class=\"block absolute object-cover size-full pointer-events-none -z-10\"\n        loading=\"lazy\"\n    \/>\n            \n            <div\n                class=\"container pt-25 flex pb-5 h-full md:pt-55 md:pb-10 lg:!px-14\"\n            >\n                <div\n                    class=\"bg-dark\/75 mt-auto flex w-full flex-col items-start gap-4 rounded p-4 text-white md:gap-5 md:p-10\"\n                >\n                                                                \n                    \n                    <h1 class='h1 max-w-160'>\n            E-iepirkumu sist\u0113ma\n        <\/h1>\n\n                    \n                    \n                    \n                                    <\/div>\n            <\/div>\n        <\/div>\n    <\/section>\n\n\n<section\n    class=\"py-5 md:py-10 align wp-block-textual-block has-background has-bg-white-background-color !pb-[0]\"\n>\n    <div\n        class=\"container\"\n    >\n        <div\n            class=\"textual w-full text-xl text-dark break-words [&#038;_span]:!text-dark [&#038;_a]:!text-dark\"\n        >\n                            <p>Saska\u0146\u0101 ar Latvijas Publisko iepirkumu likumu visi Rail Baltica iepirkumi, kurus p\u0101rvalda RB Rail AS, j\u0101iesniedz bezmaksas Elektroniskaj\u0101 iepirkumu sist\u0113m\u0101 (EIS) un t\u0101s e-iepirkumu apak\u0161sist\u0113m\u0101, aizst\u0101jot tradicion\u0101los pap\u012bra iesniegumus.<\/p>\n<p><span data-teams=\"true\">Vis\u0101m l\u012bgumsl\u0113dz\u0113j\u0101m iest\u0101d\u0113m, kas re\u0123istr\u0113tas Latvij\u0101, taj\u0101 skait\u0101 RB Rail AS, publiskie iepirkumi j\u0101veic, izmantojot Elektronisko iepirkumu sist\u0113mu (EPS).<\/span><\/p>\n<p>Aicin\u0101m pieg\u0101d\u0101t\u0101jus re\u0123istr\u0113ties EIS, lai piek\u013c\u016btu aktu\u0101lajiem un gaid\u0101majiem iepirkumiem. Re\u0123istr\u0101cija ir oblig\u0101ta, lai piedal\u012btos elektroniskaj\u0101 iepirkumu proces\u0101.<\/p>\n<p>EIS padara iepirkumu procesu efekt\u012bv\u0101ku, samazinot administrat\u012bv\u0101s izmaksas, pa\u0101trinot iepirkumu norisi un nodro\u0161inot liel\u0101ku caurredzam\u012bbu. T\u0101pat \u0161\u012b sist\u0113ma veicina Latvijas m\u0113r\u0137us digitaliz\u0101cij\u0101 un lab\u0101 p\u0101rvald\u012bb\u0101.<\/p>\n\n                    <\/div>\n    <\/div>\n<\/section>\n\n\n<section\n    class=\"py-5 md:py-10 align wp-block-eps-registration-block has-background has-bg-white-background-color !pb-[0]\"\n>\n    <div\n        class=\"container\"\n    >\n        <div\n            class=\"flex flex-col gap-8 bg-white border border-gray-4 text-xl rounded p-4 md:gap-15 md:p-10\"\n        >\n            <div>\n                <h2 class='h1 mb-5 text-dark'>\n            EPS re\u0123istr\u0101cijas proced\u016bra\n        <\/h2>\n                                    <div\n                        class=\"text-dark text-xl\"\n                    >\n                        <p>Lai re\u0123istr\u0113tos EPS, pieg\u0101d\u0101t\u0101jiem j\u0101iesniedz \u0161\u0101di dokumenti Valsts re\u0123ion\u0101l\u0101s att\u012bst\u012bbas a\u0123ent\u016brai (VRAA):<\/p>\n\n                    <\/div>\n                \n            <\/div>\n\n                            <div\n                    class=\"flex flex-col gap-5\"\n                >\n                                                                    <div\n                            class=\"min-h-23 flex gap-5\"\n                        >\n                            <div\n                                class=\"relative after:absolute after:left-1\/2 after:top-12 after:w-px after:h-[calc(100%-3rem)] after:bg-gray-1\"\n                            >\n                                                                    <img decoding=\"async\"\n                                        src=\"https:\/\/www.railbaltica.org\/wp-content\/uploads\/2025\/07\/eps-reg-step-1.svg\"\n                                        alt=\"1. solis: Iesniegt EPS lietot\u0101ja re\u0123istr\u0101cijas anketu \"\n                                        class='h-10 w-10'\n                                    >\n                                                            <\/div>\n                            <div\n                                class='flex-1'\n                            >\n                                <div\n                                    class='mb-3 flex flex-wrap items-center gap-5'\n                                >\n                                                                            <h3 class='text-xl text-dark'>\n            1. solis: Iesniegt EPS lietot\u0101ja re\u0123istr\u0101cijas anketu \n        <\/h3>\n                                    \n                                                                            <span\n                                            class='rounded border border-gray-1 px-2.5 py-1 text-sm text-blue-2'\n                                        > * Oblig\u0101ti<\/span>\n                                                                    <\/div>\n                                                                    <div\n                                        class=\"text-blue-6 text-lg [&#038;_a]:underline\"\n                                    >\n                                        <p>EPS lietot\u0101ja re\u0123istr\u0101cijas anketu, ko parakst\u012bjis pieg\u0101d\u0101t\u0101ja pilnvarots p\u0101rst\u0101vis, iesniedziet Valsts re\u0123ion\u0101l\u0101s att\u012bst\u012bbas a\u0123ent\u016br\u0101 (VRAA).<\/p>\n\n                                    <\/div>\n                                                            <\/div>\n                        <\/div>\n                                                                    <div\n                            class=\"min-h-23 flex gap-5\"\n                        >\n                            <div\n                                class=\"relative after:absolute after:left-1\/2 after:top-12 after:w-px after:h-[calc(100%-3rem)] after:bg-gray-1\"\n                            >\n                                                                    <img decoding=\"async\"\n                                        src=\"https:\/\/www.railbaltica.org\/wp-content\/uploads\/2025\/07\/eps-reg-step-2.svg\"\n                                        alt=\"2. solis: Sa\u0146emt pilnvaru r\u012bkoties k\u0101 e-iepirkumu administratoram \"\n                                        class='h-10 w-10'\n                                    >\n                                                            <\/div>\n                            <div\n                                class='flex-1'\n                            >\n                                <div\n                                    class='mb-3 flex flex-wrap items-center gap-5'\n                                >\n                                                                            <h3 class='text-xl text-dark'>\n            2. solis: Sa\u0146emt pilnvaru r\u012bkoties k\u0101 e-iepirkumu administratoram \n        <\/h3>\n                                    \n                                                                            <span\n                                            class='rounded border border-gray-1 px-2.5 py-1 text-sm text-blue-2'\n                                        > * Oblig\u0101ti<\/span>\n                                                                    <\/div>\n                                                                    <div\n                                        class=\"text-blue-6 text-lg [&#038;_a]:underline\"\n                                    >\n                                        <p>Sa\u0146emtiet pilnvaru, kas parakst\u012bta gan no pilnvarot\u0101 p\u0101rst\u0101vja, gan no personas, kas sa\u0146em pilnvaru r\u012bkoties k\u0101 e-iepirkumu administratoram.<\/p>\n\n                                    <\/div>\n                                                            <\/div>\n                        <\/div>\n                                                                    <div\n                            class=\"min-h-23 flex gap-5\"\n                        >\n                            <div\n                                class=\"relative after:absolute after:left-1\/2 after:top-12 after:w-px after:h-[calc(100%-3rem)] after:bg-gray-1\"\n                            >\n                                                                    <img decoding=\"async\"\n                                        src=\"https:\/\/www.railbaltica.org\/wp-content\/uploads\/2025\/07\/eps-reg-step-3.svg\"\n                                        alt=\"3. solis: Iesniegt aizpild\u012bt\u0101s anketas \"\n                                        class='h-10 w-10'\n                                    >\n                                                            <\/div>\n                            <div\n                                class='flex-1'\n                            >\n                                <div\n                                    class='mb-3 flex flex-wrap items-center gap-5'\n                                >\n                                                                            <h3 class='text-xl text-dark'>\n            3. solis: Iesniegt aizpild\u012bt\u0101s anketas \n        <\/h3>\n                                    \n                                                                            <span\n                                            class='rounded border border-gray-1 px-2.5 py-1 text-sm text-blue-2'\n                                        > * Oblig\u0101ti<\/span>\n                                                                    <\/div>\n                                                                    <div\n                                        class=\"text-blue-6 text-lg [&#038;_a]:underline\"\n                                    >\n                                        <p>Aizpild\u012bt\u0101s formas var iesniegt drukas vai elektronisk\u0101 form\u0101t\u0101 ar dro\u0161u e-parakstu uz e-pastu: <a href=\"pasts@vraa.gov.lv\">pasts@vraa.gov.lv<\/a><\/p>\n\n                                    <\/div>\n                                                            <\/div>\n                        <\/div>\n                                                                    <div\n                            class=\"min-h-23 flex gap-5\"\n                        >\n                            <div\n                                class=\"relative\"\n                            >\n                                                                    <img decoding=\"async\"\n                                        src=\"https:\/\/www.railbaltica.org\/wp-content\/uploads\/2025\/07\/eps-reg-step-4.svg\"\n                                        alt=\"Step 4: Sa\u0146emt piek\u013cuves inform\u0101ciju \"\n                                        class='h-10 w-10'\n                                    >\n                                                            <\/div>\n                            <div\n                                class='flex-1'\n                            >\n                                <div\n                                    class='mb-3 flex flex-wrap items-center gap-5'\n                                >\n                                                                            <h3 class='text-xl text-dark'>\n            Step 4: Sa\u0146emt piek\u013cuves inform\u0101ciju \n        <\/h3>\n                                    \n                                                                            <span\n                                            class='rounded border border-gray-1 px-2.5 py-1 text-sm text-blue-2'\n                                        > * Oblig\u0101ti<\/span>\n                                                                    <\/div>\n                                                                    <div\n                                        class=\"text-blue-6 text-lg [&#038;_a]:underline\"\n                                    >\n                                        <p>Sa\u0146emot dokumentus, Valsts re\u0123ion\u0101l\u0101s att\u012bst\u012bbas a\u0123ent\u016bra (VRAA) re\u0123istr\u0113 organiz\u0101ciju EPS un izveido lietot\u0101ju ar pieg\u0101d\u0101t\u0101ja administratora lomu. Piek\u013cuves dati \u2013 lietot\u0101jv\u0101rds, parole un kodu karte \u2013 tiek nos\u016bt\u012bti administratoram pa e-pastu.<\/p>\n\n                                    <\/div>\n                                                            <\/div>\n                        <\/div>\n                                    <\/div>\n            \n            <div>\n                                    <div\n                        class=\"text-dark\"\n                    ><p>Nepiecie\u0161am\u0101s pieteikuma formas ang\u013cu valod\u0101:<\/p>\n<\/div>\n                \n                                    <a\n        href=\"https:\/\/www.railbaltica.org\/wp-content\/uploads\/2025\/07\/EIS_participants_registration_forms_doc-1.zip\"\n         target=\"_blank\" rel=\"noopener noreferrer\"         class=\"btn-dark mt-2.5\"\n    >\n        \n        Lejupiel\u0101d\u0113t re\u0123istr\u0101cijas veidlapas\n        \n        \n    <\/a>\n                            <\/div>\n        <\/div>\n    <\/div>\n<\/section>\n\n\n<section\n    class=\"py-5 md:py-10 align wp-block-additional-resources-block has-background has-bg-white-background-color\"\n>\n    <div\n        class=\"container flex flex-col gap-5\"\n    >\n                    <h1 class='h2 text-dark'>\n            Papildu resursi:\n        <\/h1>\n                            <div\n                class=\"text-sm text-dark\"\n            >\n                <div class=\"flex max-w-full flex-col grow\">\n<div class=\"min-h-8 text-message relative flex w-full flex-col items-end gap-2 text-start break-words whitespace-normal [.text-message+&amp;]:mt-5\" dir=\"auto\" data-message-author-role=\"assistant\" data-message-id=\"18a9b041-9641-422a-8eb0-6a9776dd3035\" data-message-model-slug=\"gpt-5\">\n<div class=\"flex w-full flex-col gap-1 empty:hidden first:pt-[3px]\">\n<div class=\"markdown prose dark:prose-invert w-full break-words dark markdown-new-styling\">\n<p data-start=\"0\" data-end=\"172\" data-is-last-node=\"\" data-is-only-node=\"\">[1] Izsniegusi organiz\u0101cija, kas ir iek\u013cauta uzticamo sarakst\u0101 saska\u0146\u0101 ar Eiropas Parlamenta un Padomes 2014. gada 23. j\u016blija Regulu (ES) Nr. 910\/2014.<\/p>\n<\/div>\n<\/div>\n<\/div>\n<\/div>\n<div class=\"flex min-h-[46px] justify-start\"><\/div>\n<div class=\"mt-3 w-full empty:hidden\">\n<div class=\"text-center\">\n<div>\n<div class=\"inline-flex border border-gray-100 dark:border-gray-700 rounded-xl\">\n<div class=\"text-token-text-secondary flex items-center justify-center gap-4 px-4 py-2.5 text-sm whitespace-nowrap\"><\/div>\n<\/div>\n<\/div>\n<\/div>\n<\/div>\n\n            <\/div>\n                            <div\n                class=\"grid gap-2.5 text-xl md:grid-cols-2\"\n            >\n                                    <a\n        href=\"\/\/www.vraa.gov.lv\/en\/\"\n         target=\"_blank\" rel=\"noopener noreferrer\"         class=\"p-5 bg-white text-dark border border-gray-4 rounded hover:bg-blue-4\"\n    >\n        \n        VRAA kontakti\n        \n        \n    <\/a>\n                                    <a\n        href=\"http:\/\/paligs.eis.gov.lv\/suppliers\/N_0_2.html\"\n         target=\"_blank\" rel=\"noopener noreferrer\"         class=\"p-5 bg-white text-dark border border-gray-4 rounded hover:bg-blue-4\"\n    >\n        \n        Detaliz\u0113ta rokasgr\u0101mata e-iepirkumu apak\u0161sist\u0113mai\n        \n        \n    <\/a>\n                                    <a\n        href=\"https:\/\/www.eis.gov.lv\/EKEIS\/Publication\/View\/1063?subsystemCode=KON\"\n         target=\"_blank\" rel=\"noopener noreferrer\"         class=\"p-5 bg-white text-dark border border-gray-4 rounded hover:bg-blue-4\"\n    >\n        \n        Visp\u0101r\u012bgi jaut\u0101jumi par e-iepirkumu apak\u0161sist\u0113mas lieto\u0161anu\n        \n        \n    <\/a>\n                                    <a\n        href=\"https:\/\/www.eis.gov.lv\/EIS\/Publications\/PublicationView.aspx?PublicationId=1444\"\n         target=\"_blank\" rel=\"noopener noreferrer\"         class=\"p-5 bg-white text-dark border border-gray-4 rounded hover:bg-blue-4\"\n    >\n        \n        Eiropas vienot\u0101 iepirkumu dokumenta (ESPD) izmanto\u0161ana e-iepirkumu apak\u0161sist\u0113m\u0101\n        \n        \n    <\/a>\n                            <\/div>\n            <\/div>\n<\/section>\n","protected":false},"excerpt":{"rendered":"","protected":false},"author":1,"featured_media":0,"parent":29022,"menu_order":0,"comment_status":"closed","ping_status":"closed","template":"","meta":{"_acf_changed":false,"footnotes":""},"class_list":["post-18303","page","type-page","status-publish","hentry"],"acf":[],"yoast_head":"<!-- This site is optimized with the Yoast SEO plugin v27.4 - https:\/\/yoast.com\/product\/yoast-seo-wordpress\/ -->\n<title>E-iepirkumu sist\u0113ma - RB<\/title>\n<meta name=\"description\" content=\"Pievienojies projektam \u2013 uzzini par darba iesp\u0113j\u0101m un atv\u0113rtaj\u0101m vakanc\u0113m Rail Baltica\" \/>\n<meta name=\"robots\" content=\"index, follow, max-snippet:-1, max-image-preview:large, max-video-preview:-1\" \/>\n<link rel=\"canonical\" href=\"https:\/\/www.railbaltica.org\/lv\/partneriem\/e-iepirkumu-sistema\/\" \/>\n<meta property=\"og:locale\" content=\"lv_LV\" \/>\n<meta property=\"og:type\" content=\"article\" \/>\n<meta property=\"og:title\" content=\"E-iepirkumu sist\u0113ma - RB\" \/>\n<meta property=\"og:description\" content=\"Pievienojies projektam \u2013 uzzini par darba iesp\u0113j\u0101m un atv\u0113rtaj\u0101m vakanc\u0113m Rail Baltica\" \/>\n<meta property=\"og:url\" content=\"https:\/\/www.railbaltica.org\/lv\/partneriem\/e-iepirkumu-sistema\/\" \/>\n<meta property=\"og:site_name\" content=\"RB\" \/>\n<meta property=\"article:modified_time\" content=\"2025-08-29T06:14:52+00:00\" \/>\n<meta name=\"twitter:card\" content=\"summary_large_image\" \/>\n<script type=\"application\/ld+json\" class=\"yoast-schema-graph\">{\"@context\":\"https:\\\/\\\/schema.org\",\"@graph\":[{\"@type\":\"WebPage\",\"@id\":\"https:\\\/\\\/www.railbaltica.org\\\/lv\\\/partneriem\\\/e-iepirkumu-sistema\\\/\",\"url\":\"https:\\\/\\\/www.railbaltica.org\\\/lv\\\/partneriem\\\/e-iepirkumu-sistema\\\/\",\"name\":\"E-iepirkumu sist\u0113ma - RB\",\"isPartOf\":{\"@id\":\"https:\\\/\\\/www.railbaltica.org\\\/#website\"},\"datePublished\":\"2025-08-05T11:55:17+00:00\",\"dateModified\":\"2025-08-29T06:14:52+00:00\",\"description\":\"Pievienojies projektam \u2013 uzzini par darba iesp\u0113j\u0101m un atv\u0113rtaj\u0101m vakanc\u0113m Rail Baltica\",\"breadcrumb\":{\"@id\":\"https:\\\/\\\/www.railbaltica.org\\\/lv\\\/partneriem\\\/e-iepirkumu-sistema\\\/#breadcrumb\"},\"inLanguage\":\"lv-LV\",\"potentialAction\":[{\"@type\":\"ReadAction\",\"target\":[\"https:\\\/\\\/www.railbaltica.org\\\/lv\\\/partneriem\\\/e-iepirkumu-sistema\\\/\"]}]},{\"@type\":\"BreadcrumbList\",\"@id\":\"https:\\\/\\\/www.railbaltica.org\\\/lv\\\/partneriem\\\/e-iepirkumu-sistema\\\/#breadcrumb\",\"itemListElement\":[{\"@type\":\"ListItem\",\"position\":1,\"name\":\"Home\",\"item\":\"https:\\\/\\\/www.railbaltica.org\\\/lv\\\/\"},{\"@type\":\"ListItem\",\"position\":2,\"name\":\"Partneriem\",\"item\":\"https:\\\/\\\/www.railbaltica.org\\\/lv\\\/partneriem\\\/\"},{\"@type\":\"ListItem\",\"position\":3,\"name\":\"E-iepirkumu sist\u0113ma\"}]},{\"@type\":\"WebSite\",\"@id\":\"https:\\\/\\\/www.railbaltica.org\\\/#website\",\"url\":\"https:\\\/\\\/www.railbaltica.org\\\/\",\"name\":\"RB\",\"description\":\"\",\"potentialAction\":[{\"@type\":\"SearchAction\",\"target\":{\"@type\":\"EntryPoint\",\"urlTemplate\":\"https:\\\/\\\/www.railbaltica.org\\\/?s={search_term_string}\"},\"query-input\":{\"@type\":\"PropertyValueSpecification\",\"valueRequired\":true,\"valueName\":\"search_term_string\"}}],\"inLanguage\":\"lv-LV\"}]}<\/script>\n<!-- \/ Yoast SEO plugin. -->","yoast_head_json":{"title":"E-iepirkumu sist\u0113ma - RB","description":"Pievienojies projektam \u2013 uzzini par darba iesp\u0113j\u0101m un atv\u0113rtaj\u0101m vakanc\u0113m Rail Baltica","robots":{"index":"index","follow":"follow","max-snippet":"max-snippet:-1","max-image-preview":"max-image-preview:large","max-video-preview":"max-video-preview:-1"},"canonical":"https:\/\/www.railbaltica.org\/lv\/partneriem\/e-iepirkumu-sistema\/","og_locale":"lv_LV","og_type":"article","og_title":"E-iepirkumu sist\u0113ma - RB","og_description":"Pievienojies projektam \u2013 uzzini par darba iesp\u0113j\u0101m un atv\u0113rtaj\u0101m vakanc\u0113m Rail Baltica","og_url":"https:\/\/www.railbaltica.org\/lv\/partneriem\/e-iepirkumu-sistema\/","og_site_name":"RB","article_modified_time":"2025-08-29T06:14:52+00:00","twitter_card":"summary_large_image","schema":{"@context":"https:\/\/schema.org","@graph":[{"@type":"WebPage","@id":"https:\/\/www.railbaltica.org\/lv\/partneriem\/e-iepirkumu-sistema\/","url":"https:\/\/www.railbaltica.org\/lv\/partneriem\/e-iepirkumu-sistema\/","name":"E-iepirkumu sist\u0113ma - RB","isPartOf":{"@id":"https:\/\/www.railbaltica.org\/#website"},"datePublished":"2025-08-05T11:55:17+00:00","dateModified":"2025-08-29T06:14:52+00:00","description":"Pievienojies projektam \u2013 uzzini par darba iesp\u0113j\u0101m un atv\u0113rtaj\u0101m vakanc\u0113m Rail Baltica","breadcrumb":{"@id":"https:\/\/www.railbaltica.org\/lv\/partneriem\/e-iepirkumu-sistema\/#breadcrumb"},"inLanguage":"lv-LV","potentialAction":[{"@type":"ReadAction","target":["https:\/\/www.railbaltica.org\/lv\/partneriem\/e-iepirkumu-sistema\/"]}]},{"@type":"BreadcrumbList","@id":"https:\/\/www.railbaltica.org\/lv\/partneriem\/e-iepirkumu-sistema\/#breadcrumb","itemListElement":[{"@type":"ListItem","position":1,"name":"Home","item":"https:\/\/www.railbaltica.org\/lv\/"},{"@type":"ListItem","position":2,"name":"Partneriem","item":"https:\/\/www.railbaltica.org\/lv\/partneriem\/"},{"@type":"ListItem","position":3,"name":"E-iepirkumu sist\u0113ma"}]},{"@type":"WebSite","@id":"https:\/\/www.railbaltica.org\/#website","url":"https:\/\/www.railbaltica.org\/","name":"RB","description":"","potentialAction":[{"@type":"SearchAction","target":{"@type":"EntryPoint","urlTemplate":"https:\/\/www.railbaltica.org\/?s={search_term_string}"},"query-input":{"@type":"PropertyValueSpecification","valueRequired":true,"valueName":"search_term_string"}}],"inLanguage":"lv-LV"}]}},"_links":{"self":[{"href":"https:\/\/www.railbaltica.org\/lv\/wp-json\/wp\/v2\/pages\/18303","targetHints":{"allow":["GET"]}}],"collection":[{"href":"https:\/\/www.railbaltica.org\/lv\/wp-json\/wp\/v2\/pages"}],"about":[{"href":"https:\/\/www.railbaltica.org\/lv\/wp-json\/wp\/v2\/types\/page"}],"author":[{"embeddable":true,"href":"https:\/\/www.railbaltica.org\/lv\/wp-json\/wp\/v2\/users\/1"}],"replies":[{"embeddable":true,"href":"https:\/\/www.railbaltica.org\/lv\/wp-json\/wp\/v2\/comments?post=18303"}],"version-history":[{"count":11,"href":"https:\/\/www.railbaltica.org\/lv\/wp-json\/wp\/v2\/pages\/18303\/revisions"}],"predecessor-version":[{"id":34177,"href":"https:\/\/www.railbaltica.org\/lv\/wp-json\/wp\/v2\/pages\/18303\/revisions\/34177"}],"up":[{"embeddable":true,"href":"https:\/\/www.railbaltica.org\/lv\/wp-json\/wp\/v2\/pages\/29022"}],"wp:attachment":[{"href":"https:\/\/www.railbaltica.org\/lv\/wp-json\/wp\/v2\/media?parent=18303"}],"curies":[{"name":"wp","href":"https:\/\/api.w.org\/{rel}","templated":true}]}}