{"id":32249,"date":"2025-06-27T08:03:49","date_gmt":"2025-06-27T08:03:49","guid":{"rendered":"https:\/\/www.railbaltica.org\/apie-rail-baltica\/finances\/"},"modified":"2026-02-13T15:14:08","modified_gmt":"2026-02-13T13:14:08","slug":"finansavimas","status":"publish","type":"page","link":"https:\/\/www.railbaltica.org\/lt\/apie-rail-baltica\/finansavimas\/","title":{"rendered":"Finansavimas"},"content":{"rendered":"<section\n    class=\"align wp-block-hero-block relative flex overflow-hidden z-10 bg-blue\"\n>\n            \n        <div\n            class=\"w-full min-h-175 md:min-h-225\"\n        >\n                            <img decoding=\"async\"\n        src=\"https:\/\/www.railbaltica.org\/wp-content\/uploads\/2025\/08\/Hero-2-scaled.png\"\n        alt=\"Hero\"\n         title=\"Hero\"         class=\"block absolute object-cover size-full pointer-events-none -z-10\"\n        loading=\"lazy\"\n    \/>\n            \n            <div\n                class=\"container pt-25 flex pb-5 h-full md:pt-55 md:pb-10 lg:!px-14\"\n            >\n                <div\n                    class=\"bg-dark\/75 mt-auto flex w-full flex-col items-start gap-4 rounded p-4 text-white md:gap-5 md:p-10\"\n                >\n                                                                \n                    \n                    <h2 class='h1 max-w-160'>\n            \u201eRail Baltica\u201c \u2013 tai didel\u0117 investicija \u012f geresn\u012f judum\u0105, saugum\u0105 ir tvar\u0173 keliavim\u0105 Baltijos \u0161alyse\n        <\/h2>\n\n                    \n                    \n                    \n                                    <\/div>\n            <\/div>\n        <\/div>\n    <\/section>\n\n\n<section\n    class=\"py-5 md:py-10 align wp-block-investments-block has-background has-bg-light-gray-background-color\"\n>\n    <div\n        class=\"container !max-w-328 text-dark\"\n    >\n        <div\n            class=\"bg-white p-10 rounded max-md:px-5\"\n        >\n            <div\n                class='mb-10 flex max-w-256 flex-col gap-5'\n            >\n                                    <h2 class='max-w-183 text-4xl'>\n            \u201eRail Baltica\u201c ekonomin\u0117 nauda yra didesn\u0117 u\u017e finansines i\u0161laidas\n        <\/h2>\n                                                    <div\n                        class=\"body2 textual\"\n                    >\n                        <p>\u201eRail Baltica\u201c duoda didel\u0119 gr\u0105\u017e\u0105 \u2013 i\u0161 15,3 mlrd. eur\u0173 investicij\u0173 bus gauta 45,4 mlrd. eur\u0173 naudos, o tai rodo, kad pa\u017eangiai infrastrukt\u016brai skirtos i\u0161laidos atsiperka. Pirmuoju \u012fgyvendinimo etapu siekiama nutiesti veikian\u010di\u0105 linij\u0105 per Baltijos \u0161alis ir sujungti j\u0105 su Lenkija.<\/p>\n\n                    <\/div>\n                            <\/div>\n\n                                                                                                                            <div\n    class=\"flex flex-col gap-4 text-dark p-5 mb-5 rounded text-center md:p-8 bg-blue-4\"\n>\n            <p\n            class='h2'\n        >\u201eRail Baltica\u201c projekto I etapo i\u0161laidos<\/p>\n                <div\n            class=\"h1 textual\"\n        ><p>15,3 mlrd. eur\u0173<\/p>\n<\/div>\n    <\/div>\n                                                                                                                                                            <div\n        class='mb-5 grid gap-5 md:grid-cols-2'\n    >\n                    <div\n    class=\"body2 rounded bg-blue-5 text-dark p-5 md:p-6\"\n>\n    <div\n        class=\"text-center mb-4 md:mb-10\"\n    >\n        <div\n            class='flex items-center justify-center gap-2.5'\n        >\n            <svg\n                class=\"size-6\"\n                width=\"24\"\n                height=\"24\"\n                viewBox=\"0 0 24 24\"\n                fill=\"none\"\n                xmlns=\"http:\/\/www.w3.org\/2000\/svg\"\n            >\n                <path\n                    d=\"M22 7L14.1314 14.8686C13.7354 15.2646 13.5373 15.4627 13.309 15.5368C13.1082 15.6021 12.8918 15.6021 12.691 15.5368C12.4627 15.4627 12.2646 15.2646 11.8686 14.8686L9.13137 12.1314C8.73535 11.7354 8.53735 11.5373 8.30902 11.4632C8.10817 11.3979 7.89183 11.3979 7.69098 11.4632C7.46265 11.5373 7.26465 11.7354 6.86863 12.1314L2 17M22 7H15M22 7V14\"\n                    stroke=\"#003787\"\n                    stroke-width=\"2\"\n                    stroke-linecap=\"round\"\n                    stroke-linejoin=\"round\"\n                \/>\n            <\/svg>\n                            <p>Socialin\u0117 ir ekonomin\u0117 nauda <\/p>\n                    <\/div>\n                    <span\n                class='h1 text-white'\n            >23,4 mlrd. eur\u0173<\/span>\n            <\/div>\n\n\n            <div\n            class='textual'\n        ><p>\u201eRail Baltica\u201c tiesiogin\u0117 ir ap\u010diuopiama nauda \u012fvairiems sektoriams:<\/p>\n<\/div>\n    \n            <ul\n            class=\"grid grid-cols-1 gap-2.5 mt-4 md:gap-4 lg:grid-cols-1\"\n        >\n                            <li\n                    class=\"bg-dark text-white rounded  p-5 flex items-center gap-2.5 max-md:py-2.5 max-md:px-4\"\n                >\n                                            <img decoding=\"async\"\n        src=\"https:\/\/www.railbaltica.org\/wp-content\/uploads\/2025\/08\/users-01.svg\"\n        alt=\"users-01\"\n         title=\"users-01\"         class=\"block size-6 min-w-6\"\n        loading=\"lazy\"\n    \/>\n                                                                <p>Keleiviai: laikas, i\u0161laidos, ma\u017eiau avarij\u0173<\/p>\n                                    <\/li>\n                            <li\n                    class=\"bg-dark text-white rounded  p-5 flex items-center gap-2.5 max-md:py-2.5 max-md:px-4\"\n                >\n                                            <img decoding=\"async\"\n        src=\"https:\/\/www.railbaltica.org\/wp-content\/uploads\/2025\/08\/truck-01.svg\"\n        alt=\"truck-01\"\n         title=\"truck-01\"         class=\"block size-6 min-w-6\"\n        loading=\"lazy\"\n    \/>\n                                                                <p>Transportas: laikas, i\u0161laidos, ma\u017eiau avarij\u0173<\/p>\n                                    <\/li>\n                            <li\n                    class=\"bg-dark text-white rounded  p-5 flex items-center gap-2.5 max-md:py-2.5 max-md:px-4\"\n                >\n                                            <img decoding=\"async\"\n        src=\"https:\/\/www.railbaltica.org\/wp-content\/uploads\/2025\/08\/globe-04.svg\"\n        alt=\"globe-04\"\n         title=\"globe-04\"         class=\"block size-6 min-w-6\"\n        loading=\"lazy\"\n    \/>\n                                                                <p>Aplinka: ma\u017eesnis i\u0161metam\u0173j\u0173 ter\u0161al\u0173 kiekis<\/p>\n                                    <\/li>\n                            <li\n                    class=\"bg-dark text-white rounded  p-5 flex items-center gap-2.5 max-md:py-2.5 max-md:px-4\"\n                >\n                                            <img decoding=\"async\"\n        src=\"https:\/\/www.railbaltica.org\/wp-content\/uploads\/2025\/08\/briefcase-02.svg\"\n        alt=\"briefcase-02\"\n         title=\"briefcase-02\"         class=\"block size-6 min-w-6\"\n        loading=\"lazy\"\n    \/>\n                                                                <p>Tiesiogin\u0117 nauda darbo j\u0117gai: naujos darbo vietos, atlyginim\u0173 augimas<\/p>\n                                    <\/li>\n                    <\/ul>\n    \n    \n<\/div>\n                    <div\n    class=\"body2 rounded bg-blue-5 text-dark p-5 md:p-6\"\n>\n    <div\n        class=\"text-center mb-4 md:mb-10\"\n    >\n        <div\n            class='flex items-center justify-center gap-2.5'\n        >\n            <svg\n                class=\"size-6\"\n                width=\"24\"\n                height=\"24\"\n                viewBox=\"0 0 24 24\"\n                fill=\"none\"\n                xmlns=\"http:\/\/www.w3.org\/2000\/svg\"\n            >\n                <path\n                    d=\"M22 7L14.1314 14.8686C13.7354 15.2646 13.5373 15.4627 13.309 15.5368C13.1082 15.6021 12.8918 15.6021 12.691 15.5368C12.4627 15.4627 12.2646 15.2646 11.8686 14.8686L9.13137 12.1314C8.73535 11.7354 8.53735 11.5373 8.30902 11.4632C8.10817 11.3979 7.89183 11.3979 7.69098 11.4632C7.46265 11.5373 7.26465 11.7354 6.86863 12.1314L2 17M22 7H15M22 7V14\"\n                    stroke=\"#003787\"\n                    stroke-width=\"2\"\n                    stroke-linecap=\"round\"\n                    stroke-linejoin=\"round\"\n                \/>\n            <\/svg>\n                            <p>Platesnis ekonominis poveikis <\/p>\n                    <\/div>\n                    <span\n                class='h1 text-white'\n            > iki 22 mlrd. eur\u0173<\/span>\n            <\/div>\n\n\n            <div\n            class='textual'\n        ><p>\u201eRail Baltica\u201c poveikis regioninei pl\u0117trai, gerinant susisiekim\u0105 ir skatinant vystym\u0105si keliose srityse:<\/p>\n<\/div>\n    \n            <ul\n            class=\"grid grid-cols-1 gap-2.5 mt-4 md:gap-4 lg:grid-cols-2\"\n        >\n                            <li\n                    class=\"bg-dark text-white rounded  p-5 flex items-center gap-2.5 max-md:py-2.5 max-md:px-4\"\n                >\n                                            <img decoding=\"async\"\n        src=\"https:\/\/www.railbaltica.org\/wp-content\/uploads\/2025\/08\/presentation-chart-02.svg\"\n        alt=\"presentation-chart-02\"\n         title=\"presentation-chart-02\"         class=\"block size-6 min-w-6\"\n        loading=\"lazy\"\n    \/>\n                                                                <p>Ekonominis augimas<\/p>\n                                    <\/li>\n                            <li\n                    class=\"bg-dark text-white rounded  p-5 flex items-center gap-2.5 max-md:py-2.5 max-md:px-4\"\n                >\n                                            <img decoding=\"async\"\n        src=\"https:\/\/www.railbaltica.org\/wp-content\/uploads\/2025\/08\/compass.svg\"\n        alt=\"compass\"\n         title=\"compass\"         class=\"block size-6 min-w-6\"\n        loading=\"lazy\"\n    \/>\n                                                                <p>Karinis mobilumas <\/p>\n                                    <\/li>\n                            <li\n                    class=\"bg-dark text-white rounded  p-5 flex items-center gap-2.5 max-md:py-2.5 max-md:px-4\"\n                >\n                                            <img decoding=\"async\"\n        src=\"https:\/\/www.railbaltica.org\/wp-content\/uploads\/2025\/08\/dataflow-03.svg\"\n        alt=\"dataflow-03\"\n         title=\"dataflow-03\"         class=\"block size-6 min-w-6\"\n        loading=\"lazy\"\n    \/>\n                                                                <p>Tiekimo grandin\u0117s integracija<\/p>\n                                    <\/li>\n                            <li\n                    class=\"bg-dark text-white rounded  p-5 flex items-center gap-2.5 max-md:py-2.5 max-md:px-4\"\n                >\n                                            <img decoding=\"async\"\n        src=\"https:\/\/www.railbaltica.org\/wp-content\/uploads\/2025\/08\/pie-chart-01.svg\"\n        alt=\"pie-chart-01\"\n         title=\"pie-chart-01\"         class=\"block size-6 min-w-6\"\n        loading=\"lazy\"\n    \/>\n                                                                <p>Socialin\u0117 lygyb\u0117<\/p>\n                                    <\/li>\n                            <li\n                    class=\"bg-dark text-white rounded  p-5 flex items-center gap-2.5 max-md:py-2.5 max-md:px-4\"\n                >\n                                            <img decoding=\"async\"\n        src=\"https:\/\/www.railbaltica.org\/wp-content\/uploads\/2025\/08\/Group-5.svg\"\n        alt=\"Group\"\n         title=\"Group\"         class=\"block size-6 min-w-6\"\n        loading=\"lazy\"\n    \/>\n                                                                <p>Aplinkos tvarumas<\/p>\n                                    <\/li>\n                            <li\n                    class=\"bg-dark text-white rounded  p-5 flex items-center gap-2.5 max-md:py-2.5 max-md:px-4\"\n                >\n                                            <img decoding=\"async\"\n        src=\"https:\/\/www.railbaltica.org\/wp-content\/uploads\/2025\/08\/dataflow-01.svg\"\n        alt=\"dataflow-01\"\n         title=\"dataflow-01\"         class=\"block size-6 min-w-6\"\n        loading=\"lazy\"\n    \/>\n                                                                <p>Integruot\u0173 transporto sprendim\u0173 nauda<\/p>\n                                    <\/li>\n                    <\/ul>\n    \n            <div\n            class='mt-4 text-center'\n        >\n                            <p>BVP augimas<\/p>\n                                        <span\n                    class='h2 text-white'\n                >0,5\u20130,7 %  per metus<\/span>\n                    <\/div>\n    \n<\/div>\n            <\/div>\n                                                                                                                                                            <div\n    class=\"flex flex-col gap-4 text-dark p-5 mb-5 rounded text-center md:p-8 bg-dark text-white\"\n>\n            <p\n            class='h2'\n        >\u201eRail Baltica\u201c projekto ekonominis poveikis (tiesioginis ir netiesioginis)<\/p>\n                <div\n            class=\"h1 textual\"\n        ><p>45,4 mlrd. eur\u0173<\/p>\n<\/div>\n    <\/div>\n                                                                                <\/div>\n    <\/div>\n<\/section>\n\n\n<section\n    class=\"overflow-hidden py-5 md:py-10 align wp-block-funding-block has-background has-bg-light-gray-background-color\"\n>\n    <div\n        class=\"container\"\n    >\n        <div\n            class=\"rounded md:bg-white md:p-10\"\n        >\n\n                            <h2 class='h1 text-dark'>\n            \u201eRail Baltica\u201c projekto finansavimas\n        <\/h2>\n                        <div\n                class=\"swiper mt-4 max-md:!-mx-4 max-md:!px-4 md:mt-10\"\n            >\n                                    <div\n                        class=\"swiper-wrapper\"\n                    >\n                                                    <div\n                                class=\"swiper-slide !flex flex-col !h-auto min-h-58 relative border py-8 px-10 rounded overflow-hidden max-md:p-5 md:min-h-94 bg-gray-4 border-dark text-dark\"\n                            >\n                                                                    <img decoding=\"async\"\n        src=\"https:\/\/www.railbaltica.org\/wp-content\/uploads\/2025\/08\/funding-source-bg-1.svg\"\n        alt=\"funding-source-bg (1)\"\n         title=\"funding-source-bg (1)\"         class=\"block img-cover\"\n        loading=\"lazy\"\n    \/>\n                                \n                                                                    <div\n                                        class='mb-4 border-b border-blue pb-2.5'\n                                    >\n                                        \u0160iuo metu turimas projekto finansavimas:\n                                    <\/div>\n                                \n                                                                    <div\n                                        class=\"textual h2 max-w-56 mt-auto\"\n                                    >\n                                        <p>Iki 85 % vis\u0173 tinkam\u0173 finansuoti i\u0161laid\u0173<br \/>\ni\u0161 ES programos \u201eEuropos infrastrukt\u016bros tinkl\u0173 priemon\u0117\u201c<\/p>\n\n                                    <\/div>\n                                                            <\/div>\n                                                    <div\n                                class=\"swiper-slide !flex flex-col !h-auto min-h-58 relative border py-8 px-10 rounded overflow-hidden max-md:p-5 md:min-h-94 text-white before:absolute before:inset-0 before:-z-[1] before:bg-[linear-gradient(180deg,rgba(0,55,135,0)_44.03%,#003787_100%),linear-gradient(0deg,rgba(0,55,135,0.5)_0%,rgba(0,55,135,0.5)_100%)]\"\n                            >\n                                                                    <img decoding=\"async\"\n        src=\"https:\/\/www.railbaltica.org\/wp-content\/uploads\/2025\/08\/b1cf8d3c0e9fe0dfa5d039735b00c4b4850d486c-e1757328413545.png\"\n        alt=\"b1cf8d3c0e9fe0dfa5d039735b00c4b4850d486c\"\n         title=\"b1cf8d3c0e9fe0dfa5d039735b00c4b4850d486c\"         class=\"block img-cover\"\n        loading=\"lazy\"\n    \/>\n                                \n                                                                    <div\n                                        class='mb-4 border-b border-blue pb-2.5'\n                                    >\n                                        \u0160iuo metu turimas projekto finansavimas:\n                                    <\/div>\n                                \n                                                                    <div\n                                        class=\"textual [&#038;_small]:md:text-[1.875rem] mt-auto text-white h1\"\n                                    >\n                                        <p>Daugiau nei<br \/>\n4 mlrd. eur\u0173<\/p>\n\n                                    <\/div>\n                                                            <\/div>\n                                            <\/div>\n\n                    <div\n                        class=\"swiper-pagination !relative !top-0 mt-5 px-10 [&#038;_.swiper-pagination-bullet]:bg-dark\/40 [&#038;_.swiper-pagination-bullet-active]:!bg-dark\"\n                    ><\/div>\n                            <\/div>\n        <\/div>\n<\/section>\n\n\n<section\n    class=\"py-5 md:py-10 align wp-block-agenda-block has-background has-bg-light-gray-background-color\"\n>\n    <div\n        class='container'\n    >\n        <div\n            class=\"flex flex-col gap-5 text-white p-10 rounded [&#038;_*]:max-w-208 max-md:px-5 bg-dark\"\n        >\n                            <span\n                    class=\"body2\"\n                >Svarbi tema ES darbotvark\u0117je:<\/span>\n            \n                            <h2 class='h1'>\n            \u201eRail Baltica\u201c yra vienas i\u0161 prioritetini\u0173 ES tarpvalstybin\u0117s infrastrukt\u016bros projekt\u0173\n        <\/h2>\n            \n                            <div\n                    class='body2 textual'\n                >\n                    <p>Iki \u0161iol projektas \u201eRail Baltica\u201c daugiausia \u2013 iki 85 % vis\u0173 tinkam\u0173 finansuoti i\u0161laid\u0173 &#8211; buvo finansuojamas ES Europos infrastrukt\u016bros tinkl\u0173 priemon\u0117s (EITP) l\u0117\u0161omis, papildomai prisidedant kitomis ES finansavimo<br \/>\npriemon\u0117mis, pavyzd\u017eiui, karinio mobilumo, taip pat bendrai finansuojant i\u0161 nacionalini\u0173 biud\u017eet\u0173.<\/p>\n<p>EITP yra pagrindin\u0117 ES finansavimo priemon\u0117, skirta strategi\u0161kai svarbioms investicijoms \u012f infrastrukt\u016br\u0105 transporto, energetikos ir skaitmenini\u0173 paslaug\u0173 srityse, kuriomis siekiama pagerinti tarpvalstybines jungtis ir stiprinti vidaus rink\u0105. Tai buvo \u201eRail Baltica\u201c lig\u0161iolinio finansavimo pagrindas, tur\u0117j\u0119s lemiam\u0105 reik\u0161m\u0119 iki \u0161iol pasiektai pa\u017eangai.<\/p>\n<p>&nbsp;<\/p>\n\n                <\/div>\n                    <\/div>\n    <\/div>\n<\/section>\n\n\n<section\n    class=\"py-5 md:py-10 align wp-block-agenda-block has-background has-bg-light-gray-background-color\"\n>\n    <div\n        class='container'\n    >\n        <div\n            class=\"flex flex-col gap-5 text-white p-10 rounded [&#038;_*]:max-w-208 max-md:px-5 bg-blue\"\n        >\n            \n                            <h2 class='h1'>\n            Ple\u010diamos finansavimo galimyb\u0117s\n        <\/h2>\n            \n                            <div\n                    class='body2 textual'\n                >\n                    <p>Siekiant paremti ilgalaik\u0119 projekto pl\u0117tr\u0105, aktyviai ie\u0161koma papildom\u0173 finansavimo \u0161altini\u0173, \u012fskaitant vie\u0161ojo ir privataus sektori\u0173 partneryst\u0119.<\/p>\n\n                <\/div>\n                    <\/div>\n    <\/div>\n<\/section>\n","protected":false},"excerpt":{"rendered":"","protected":false},"author":1,"featured_media":0,"parent":32240,"menu_order":0,"comment_status":"closed","ping_status":"closed","template":"","meta":{"_acf_changed":false,"footnotes":""},"class_list":["post-32249","page","type-page","status-publish","hentry"],"acf":[],"yoast_head":"<!-- This site is optimized with the Yoast SEO plugin v27.4 - https:\/\/yoast.com\/product\/yoast-seo-wordpress\/ -->\n<title>Finansavimas - RB<\/title>\n<meta name=\"description\" content=\"Su\u017einokite, kaip \u201eRail Baltica\u201c finansuojama i\u0161 ES paramos ir nacionalini\u0173 investicij\u0173.\" \/>\n<meta name=\"robots\" content=\"index, follow, max-snippet:-1, max-image-preview:large, max-video-preview:-1\" \/>\n<link rel=\"canonical\" href=\"https:\/\/www.railbaltica.org\/lt\/apie-rail-baltica\/finansavimas\/\" \/>\n<meta property=\"og:locale\" content=\"lt_LT\" \/>\n<meta property=\"og:type\" content=\"article\" \/>\n<meta property=\"og:title\" content=\"Finansavimas - RB\" \/>\n<meta property=\"og:description\" content=\"Su\u017einokite, kaip \u201eRail Baltica\u201c finansuojama i\u0161 ES paramos ir nacionalini\u0173 investicij\u0173.\" \/>\n<meta property=\"og:url\" content=\"https:\/\/www.railbaltica.org\/lt\/apie-rail-baltica\/finansavimas\/\" \/>\n<meta property=\"og:site_name\" content=\"RB\" \/>\n<meta property=\"article:modified_time\" content=\"2026-02-13T13:14:08+00:00\" \/>\n<meta name=\"twitter:card\" content=\"summary_large_image\" \/>\n<script type=\"application\/ld+json\" class=\"yoast-schema-graph\">{\"@context\":\"https:\\\/\\\/schema.org\",\"@graph\":[{\"@type\":\"WebPage\",\"@id\":\"https:\\\/\\\/www.railbaltica.org\\\/lt\\\/apie-rail-baltica\\\/finansavimas\\\/\",\"url\":\"https:\\\/\\\/www.railbaltica.org\\\/lt\\\/apie-rail-baltica\\\/finansavimas\\\/\",\"name\":\"Finansavimas - RB\",\"isPartOf\":{\"@id\":\"https:\\\/\\\/www.railbaltica.org\\\/#website\"},\"datePublished\":\"2025-06-27T08:03:49+00:00\",\"dateModified\":\"2026-02-13T13:14:08+00:00\",\"description\":\"Su\u017einokite, kaip \u201eRail Baltica\u201c finansuojama i\u0161 ES paramos ir nacionalini\u0173 investicij\u0173.\",\"breadcrumb\":{\"@id\":\"https:\\\/\\\/www.railbaltica.org\\\/lt\\\/apie-rail-baltica\\\/finansavimas\\\/#breadcrumb\"},\"inLanguage\":\"lt-LT\",\"potentialAction\":[{\"@type\":\"ReadAction\",\"target\":[\"https:\\\/\\\/www.railbaltica.org\\\/lt\\\/apie-rail-baltica\\\/finansavimas\\\/\"]}]},{\"@type\":\"BreadcrumbList\",\"@id\":\"https:\\\/\\\/www.railbaltica.org\\\/lt\\\/apie-rail-baltica\\\/finansavimas\\\/#breadcrumb\",\"itemListElement\":[{\"@type\":\"ListItem\",\"position\":1,\"name\":\"Home\",\"item\":\"https:\\\/\\\/www.railbaltica.org\\\/lt\\\/\"},{\"@type\":\"ListItem\",\"position\":2,\"name\":\"Apie \u201eRail Baltica\u201c\",\"item\":\"https:\\\/\\\/www.railbaltica.org\\\/lt\\\/apie-rail-baltica\\\/\"},{\"@type\":\"ListItem\",\"position\":3,\"name\":\"Finansavimas\"}]},{\"@type\":\"WebSite\",\"@id\":\"https:\\\/\\\/www.railbaltica.org\\\/#website\",\"url\":\"https:\\\/\\\/www.railbaltica.org\\\/\",\"name\":\"RB\",\"description\":\"\",\"potentialAction\":[{\"@type\":\"SearchAction\",\"target\":{\"@type\":\"EntryPoint\",\"urlTemplate\":\"https:\\\/\\\/www.railbaltica.org\\\/?s={search_term_string}\"},\"query-input\":{\"@type\":\"PropertyValueSpecification\",\"valueRequired\":true,\"valueName\":\"search_term_string\"}}],\"inLanguage\":\"lt-LT\"}]}<\/script>\n<!-- \/ Yoast SEO plugin. -->","yoast_head_json":{"title":"Finansavimas - RB","description":"Su\u017einokite, kaip \u201eRail Baltica\u201c finansuojama i\u0161 ES paramos ir nacionalini\u0173 investicij\u0173.","robots":{"index":"index","follow":"follow","max-snippet":"max-snippet:-1","max-image-preview":"max-image-preview:large","max-video-preview":"max-video-preview:-1"},"canonical":"https:\/\/www.railbaltica.org\/lt\/apie-rail-baltica\/finansavimas\/","og_locale":"lt_LT","og_type":"article","og_title":"Finansavimas - RB","og_description":"Su\u017einokite, kaip \u201eRail Baltica\u201c finansuojama i\u0161 ES paramos ir nacionalini\u0173 investicij\u0173.","og_url":"https:\/\/www.railbaltica.org\/lt\/apie-rail-baltica\/finansavimas\/","og_site_name":"RB","article_modified_time":"2026-02-13T13:14:08+00:00","twitter_card":"summary_large_image","schema":{"@context":"https:\/\/schema.org","@graph":[{"@type":"WebPage","@id":"https:\/\/www.railbaltica.org\/lt\/apie-rail-baltica\/finansavimas\/","url":"https:\/\/www.railbaltica.org\/lt\/apie-rail-baltica\/finansavimas\/","name":"Finansavimas - RB","isPartOf":{"@id":"https:\/\/www.railbaltica.org\/#website"},"datePublished":"2025-06-27T08:03:49+00:00","dateModified":"2026-02-13T13:14:08+00:00","description":"Su\u017einokite, kaip \u201eRail Baltica\u201c finansuojama i\u0161 ES paramos ir nacionalini\u0173 investicij\u0173.","breadcrumb":{"@id":"https:\/\/www.railbaltica.org\/lt\/apie-rail-baltica\/finansavimas\/#breadcrumb"},"inLanguage":"lt-LT","potentialAction":[{"@type":"ReadAction","target":["https:\/\/www.railbaltica.org\/lt\/apie-rail-baltica\/finansavimas\/"]}]},{"@type":"BreadcrumbList","@id":"https:\/\/www.railbaltica.org\/lt\/apie-rail-baltica\/finansavimas\/#breadcrumb","itemListElement":[{"@type":"ListItem","position":1,"name":"Home","item":"https:\/\/www.railbaltica.org\/lt\/"},{"@type":"ListItem","position":2,"name":"Apie \u201eRail Baltica\u201c","item":"https:\/\/www.railbaltica.org\/lt\/apie-rail-baltica\/"},{"@type":"ListItem","position":3,"name":"Finansavimas"}]},{"@type":"WebSite","@id":"https:\/\/www.railbaltica.org\/#website","url":"https:\/\/www.railbaltica.org\/","name":"RB","description":"","potentialAction":[{"@type":"SearchAction","target":{"@type":"EntryPoint","urlTemplate":"https:\/\/www.railbaltica.org\/?s={search_term_string}"},"query-input":{"@type":"PropertyValueSpecification","valueRequired":true,"valueName":"search_term_string"}}],"inLanguage":"lt-LT"}]}},"_links":{"self":[{"href":"https:\/\/www.railbaltica.org\/lt\/wp-json\/wp\/v2\/pages\/32249","targetHints":{"allow":["GET"]}}],"collection":[{"href":"https:\/\/www.railbaltica.org\/lt\/wp-json\/wp\/v2\/pages"}],"about":[{"href":"https:\/\/www.railbaltica.org\/lt\/wp-json\/wp\/v2\/types\/page"}],"author":[{"embeddable":true,"href":"https:\/\/www.railbaltica.org\/lt\/wp-json\/wp\/v2\/users\/1"}],"replies":[{"embeddable":true,"href":"https:\/\/www.railbaltica.org\/lt\/wp-json\/wp\/v2\/comments?post=32249"}],"version-history":[{"count":14,"href":"https:\/\/www.railbaltica.org\/lt\/wp-json\/wp\/v2\/pages\/32249\/revisions"}],"predecessor-version":[{"id":36660,"href":"https:\/\/www.railbaltica.org\/lt\/wp-json\/wp\/v2\/pages\/32249\/revisions\/36660"}],"up":[{"embeddable":true,"href":"https:\/\/www.railbaltica.org\/lt\/wp-json\/wp\/v2\/pages\/32240"}],"wp:attachment":[{"href":"https:\/\/www.railbaltica.org\/lt\/wp-json\/wp\/v2\/media?parent=32249"}],"curies":[{"name":"wp","href":"https:\/\/api.w.org\/{rel}","templated":true}]}}