{"id":30369,"date":"2025-06-27T11:53:55","date_gmt":"2025-06-27T11:53:55","guid":{"rendered":"https:\/\/www.railbaltica.org\/contacts\/"},"modified":"2026-01-29T15:58:11","modified_gmt":"2026-01-29T13:58:11","slug":"kontaktai","status":"publish","type":"page","link":"https:\/\/www.railbaltica.org\/lt\/kontaktai\/","title":{"rendered":"Kontaktai"},"content":{"rendered":"<section\n    class=\"align wp-block-hero-small-block relative flex overflow-hidden z-10 bg-blue\"\n>\n            \n        <div\n            class=\"w-full\"\n        >\n            \n            <div\n                class=\"container pt-25 flex pb-5 md:pt-55 md:pb-10 lg:!px-14\"\n            >\n                <div\n                    class=\"bg-dark\/75 mt-auto flex w-full flex-col items-start gap-4 rounded p-4 text-white md:gap-5 md:p-10\"\n                >\n                                                                \n                    \n                    <h1 class='h1 max-w-160'>\n            Susisiekite su mumis\n        <\/h1>\n\n                    \n                    \n                    \n                                    <\/div>\n            <\/div>\n        <\/div>\n    <\/section>\n\n\n<section\n    class=\"py-5 md:py-10 align wp-block-contacts-block\"\n>\n    <div\n        class=\"container\"\n    >\n        <div\n            class=\"bg-dark text-white p-4 rounded md:p-10\"\n        >\n            <div\n                class=\"grid gap-8 mb-8 md:grid-cols-2 md:gap-5 md:mb-10\"\n            >\n                <div>\n                                            <h2\n                            class=\"h2 pb-2.5 mb-2.5 border-b border-blue\"\n                        >\u201eRB Rail AS\u201c biuras<\/h2>\n                    \n                                            <ul>\n                                                            <li\n                                    class=\"mb-2 md:text-xl\"\n                                >\n                                                                            <span\n                                            class=\"text-gray-3\"\n                                        >Adresas:<\/span>\n                                                                                                                <span>Satekles g. 2B, Ryga, LV-1050, Latvija<\/span>\n                                                                    <\/li>\n                            \n                                                            <li\n                                    class=\"mb-2 md:text-xl\"\n                                >\n                                                                            <span\n                                            class=\"text-gray-3\"\n                                        >Telefonas:<\/span>\n                                                                                                                <span>\n                                            <a\n                                                class=\"hover:underline\"\n                                                href=\"tel:++372 5647 1748\"\n                                            >+372 5647 1748<\/a>\n                                        <\/span>\n                                                                    <\/li>\n                            \n                                                            <li\n                                    class=\"mb-2 md:text-xl\"\n                                >\n                                                                            <span\n                                            class=\"text-gray-3\"\n                                        >El. pa\u0161tas:<\/span>\n                                                                                                                <span>\n                                            <a\n                                                href=\"mailto:info@railbaltica.org\"\n                                                class=\"hover:underline\"\n                                            >\n                                                info@railbaltica.org\n                                            <\/a>\n                                        <\/span>\n                                                                    <\/li>\n                            \n                                                            <li\n                                    class=\"mb-2 md:text-xl\"\n                                >\n                                                                            <span\n                                            class=\"text-gray-3\"\n                                        >Reg. nr. \/ PVM kodas:<\/span>\n                                                                                                                <span>40103845025 \/ LV40103845025<\/span>\n                                                                    <\/li>\n                                                    <\/ul>\n                                    <\/div>\n                <div>\n                                            <iframe\n                            src=\"https:\/\/maps.google.com\/maps?q=Satekles+iela+2B%2C+Riga%2C+LV-1050%2C+Latvia&#038;hl=en&#038;z=15&#038;output=embed\"\n                            width=\"600\"\n                            height=\"450\"\n                            style=\"border:0;\"\n                            allowfullscreen=\"\"\n                            loading=\"lazy\"\n                            class=\"h-90 w-full\"\n                        >\n                        <\/iframe>\n                                    <\/div>\n            <\/div>\n\n                            <div\n                    class=\"grid gap-8 md:grid-cols-2 md:gap-5\"\n                >\n                                            <div>\n\n                                                            <h2\n                                    class=\"h2 pb-2.5 mb-2.5 border-b border-blue\"\n                                >\u201eRB Rail AS\u201c Estijos filialas<\/h2>\n                            \n                                                            <ul>\n                                                                            <li\n                                            class=\"mb-2 md:text-xl\"\n                                        >\n                                                                                            <span\n                                                    class=\"text-gray-3\"\n                                                >Adresas:<\/span>\n                                                                                                                                        <span>Avala verslo kvartalas, Veskiposti 2\/1, 10138, Talinas, Estija<\/span>\n                                                                                    <\/li>\n                                    \n                                                                            <li\n                                            class=\"mb-2 md:text-xl\"\n                                        >\n                                                                                            <span\n                                                    class=\"text-gray-3\"\n                                                >Telefonas:<\/span>\n                                                                                                                                        <span>\n                                                    <a\n                                                        class=\"hover:underline\"\n                                                        href=\"tel:++372 5647 1748\"\n                                                    >+372 5647 1748<\/a>\n                                                <\/span>\n                                                                                    <\/li>\n                                    \n                                    \n                                                                            <li\n                                            class=\"mb-2 md:text-xl\"\n                                        >\n                                                                                            <span\n                                                    class=\"text-gray-3\"\n                                                >Reg. nr. \/ VAT kodas:<\/span>\n                                                                                                                                        <span>14168654 \/ EE101957188<\/span>\n                                                                                    <\/li>\n                                                                    <\/ul>\n                                                    <\/div>\n                                            <div>\n\n                                                            <h2\n                                    class=\"h2 pb-2.5 mb-2.5 border-b border-blue\"\n                                >\u201eRB Rail AS\u201c Lietuvos filialas<\/h2>\n                            \n                                                            <ul>\n                                                                            <li\n                                            class=\"mb-2 md:text-xl\"\n                                        >\n                                                                                            <span\n                                                    class=\"text-gray-3\"\n                                                >Adresas:<\/span>\n                                                                                                                                        <span>J. Basanavi\u010diaus g. 24, Vilnius, 03224, Lietuva<\/span>\n                                                                                    <\/li>\n                                    \n                                                                            <li\n                                            class=\"mb-2 md:text-xl\"\n                                        >\n                                                                                            <span\n                                                    class=\"text-gray-3\"\n                                                >Telefonas:<\/span>\n                                                                                                                                        <span>\n                                                    <a\n                                                        class=\"hover:underline\"\n                                                        href=\"tel:++370 6589 0088\"\n                                                    >+370 6589 0088<\/a>\n                                                <\/span>\n                                                                                    <\/li>\n                                    \n                                    \n                                                                            <li\n                                            class=\"mb-2 md:text-xl\"\n                                        >\n                                                                                            <span\n                                                    class=\"text-gray-3\"\n                                                >Reg. nr. \/ PVM kodas: <\/span>\n                                                                                                                                        <span>304430116 \/ LT100010828019<\/span>\n                                                                                    <\/li>\n                                                                    <\/ul>\n                                                    <\/div>\n                                    <\/div>\n                    <\/div>\n    <\/div>\n<\/section>\n\n\n<section\n    class=\"py-5 md:py-10 align wp-block-text-cta-block !pt-[0]\"\n>\n    <div\n        class=\"container\"\n    >\n        <div\n            class=\"bg-dark text-white p-4 rounded md:p-10\"\n        >\n                            <h2 class='h1 border-b border-blue pb-3 mb-3 md:pb-5 md:mb-5'>\n            \u017diniasklaidai\n        <\/h2>\n                                        <div\n                    class=\"textual flex flex-col gap-2.5 max-w-137 [&#038;_a]:underline md:text-xl\"\n                >\n                    <p>D\u0117l \u017einiasklaidos, interviu u\u017eklaus\u0173 ar prieigos prie spaudos med\u017eiagos kreipkit\u0117s \u012f m\u016bs\u0173 ry\u0161i\u0173 su \u017einiasklaida komand\u0105 el. pa\u0161tu: <a href=\"mailto:media@railbaltica.org\">media@railbaltica.org<\/a><\/p>\n\n                <\/div>\n                    <\/div>\n    <\/div>\n<\/section>\n\n\n<section\n    class=\"py-5 md:py-10 align wp-block-managing-small-block !pt-[0]\"\n>\n    <div\n        class=\"container\"\n    >\n        <div\n            class=\"text-white p-4 rounded bg-dark md:p-10\"\n        >\n                                        <div\n                    class=\"mb-5 md:text-xl\"\n                >\n                    <p>Nor\u0117dami susisiekti su nacionaliniais projekto \u012fgyvendintojais, apsilankykite j\u0173 atitinkamose interneto svetain\u0117se, kur rasite kontaktin\u0119 informacij\u0105.<\/p>\n\n                <\/div>\n                                        <div\n                    class=\"grid gap-4 md:grid-cols-3 md:gap-5\"\n                >\n                                            <div\n                            class=\"group min-h-17 bg-dark border border-white rounded flex items-center justify-center md:p-0\"\n                        >\n\n                                                            <a\n                                    href=\"https:\/\/www.rbestonia.ee\"\n                                    class=\"w-full p-3 md:p-5 md:duration-300 md:group-hover:scale-110\"\n                                     target=\"_blank\" rel=\"noopener noreferrer\"                                 >\n                            \n                                                            <img decoding=\"async\"\n        src=\"https:\/\/www.railbaltica.org\/wp-content\/uploads\/2025\/07\/Rail-Baltic-Estonia-Logo.svg\"\n        alt=\"Rail Baltic Estonia Logo\"\n         title=\"Rail Baltic Estonia Logo\"         class=\"block h-9 w-full object-contain\"\n        loading=\"lazy\"\n    \/>\n                            \n                                                            <\/a>\n                                                    <\/div>\n                                            <div\n                            class=\"group min-h-17 bg-dark border border-white rounded flex items-center justify-center md:p-0\"\n                        >\n\n                                                            <a\n                                    href=\"https:\/\/edzl.lv\"\n                                    class=\"w-full p-3 md:p-5 md:duration-300 md:group-hover:scale-110\"\n                                     target=\"_blank\" rel=\"noopener noreferrer\"                                 >\n                            \n                                                            <img decoding=\"async\"\n        src=\"https:\/\/www.railbaltica.org\/wp-content\/uploads\/2025\/07\/Logo-Container.svg\"\n        alt=\"Logo-Container\"\n         title=\"Logo-Container\"         class=\"block h-9 w-full object-contain\"\n        loading=\"lazy\"\n    \/>\n                            \n                                                            <\/a>\n                                                    <\/div>\n                                            <div\n                            class=\"group min-h-17 bg-dark border border-white rounded flex items-center justify-center md:p-0\"\n                        >\n\n                                                            <a\n                                    href=\"https:\/\/rail-baltica.lt\"\n                                    class=\"w-full p-3 md:p-5 md:duration-300 md:group-hover:scale-110\"\n                                     target=\"_blank\" rel=\"noopener noreferrer\"                                 >\n                            \n                                                            <img decoding=\"async\"\n        src=\"https:\/\/www.railbaltica.org\/wp-content\/uploads\/2025\/07\/Logo-Containerlogo.svg\"\n        alt=\"Logo-Containerlogo\"\n         title=\"Logo-Containerlogo\"         class=\"block h-9 w-full object-contain\"\n        loading=\"lazy\"\n    \/>\n                            \n                                                            <\/a>\n                                                    <\/div>\n                                    <\/div>\n                    <\/div>\n    <\/div>\n<\/section>\n","protected":false},"excerpt":{"rendered":"","protected":false},"author":1,"featured_media":0,"parent":0,"menu_order":0,"comment_status":"closed","ping_status":"closed","template":"","meta":{"_acf_changed":false,"footnotes":""},"class_list":["post-30369","page","type-page","status-publish","hentry"],"acf":[],"yoast_head":"<!-- This site is optimized with the Yoast SEO plugin v27.3 - https:\/\/yoast.com\/product\/yoast-seo-wordpress\/ -->\n<title>Kontaktai - RB<\/title>\n<meta name=\"description\" content=\"Susisiekite su \u201eRail Baltica\u201c komanda ir biurais Latvijoje, Lietuvoje bei Estijoje.\" \/>\n<meta name=\"robots\" content=\"index, follow, max-snippet:-1, max-image-preview:large, max-video-preview:-1\" \/>\n<link rel=\"canonical\" href=\"https:\/\/www.railbaltica.org\/lt\/kontaktai\/\" \/>\n<meta property=\"og:locale\" content=\"lt_LT\" \/>\n<meta property=\"og:type\" content=\"article\" \/>\n<meta property=\"og:title\" content=\"Kontaktai - RB\" \/>\n<meta property=\"og:description\" content=\"Susisiekite su \u201eRail Baltica\u201c komanda ir biurais Latvijoje, Lietuvoje bei Estijoje.\" \/>\n<meta property=\"og:url\" content=\"https:\/\/www.railbaltica.org\/lt\/kontaktai\/\" \/>\n<meta property=\"og:site_name\" content=\"RB\" \/>\n<meta property=\"article:modified_time\" content=\"2026-01-29T13:58:11+00:00\" \/>\n<meta name=\"twitter:card\" content=\"summary_large_image\" \/>\n<script type=\"application\/ld+json\" class=\"yoast-schema-graph\">{\"@context\":\"https:\\\/\\\/schema.org\",\"@graph\":[{\"@type\":\"WebPage\",\"@id\":\"https:\\\/\\\/www.railbaltica.org\\\/lt\\\/kontaktai\\\/\",\"url\":\"https:\\\/\\\/www.railbaltica.org\\\/lt\\\/kontaktai\\\/\",\"name\":\"Kontaktai - RB\",\"isPartOf\":{\"@id\":\"https:\\\/\\\/www.railbaltica.org\\\/#website\"},\"datePublished\":\"2025-06-27T11:53:55+00:00\",\"dateModified\":\"2026-01-29T13:58:11+00:00\",\"description\":\"Susisiekite su \u201eRail Baltica\u201c komanda ir biurais Latvijoje, Lietuvoje bei Estijoje.\",\"breadcrumb\":{\"@id\":\"https:\\\/\\\/www.railbaltica.org\\\/lt\\\/kontaktai\\\/#breadcrumb\"},\"inLanguage\":\"lt-LT\",\"potentialAction\":[{\"@type\":\"ReadAction\",\"target\":[\"https:\\\/\\\/www.railbaltica.org\\\/lt\\\/kontaktai\\\/\"]}]},{\"@type\":\"BreadcrumbList\",\"@id\":\"https:\\\/\\\/www.railbaltica.org\\\/lt\\\/kontaktai\\\/#breadcrumb\",\"itemListElement\":[{\"@type\":\"ListItem\",\"position\":1,\"name\":\"Home\",\"item\":\"https:\\\/\\\/www.railbaltica.org\\\/lt\\\/\"},{\"@type\":\"ListItem\",\"position\":2,\"name\":\"Kontaktai\"}]},{\"@type\":\"WebSite\",\"@id\":\"https:\\\/\\\/www.railbaltica.org\\\/#website\",\"url\":\"https:\\\/\\\/www.railbaltica.org\\\/\",\"name\":\"RB\",\"description\":\"\",\"potentialAction\":[{\"@type\":\"SearchAction\",\"target\":{\"@type\":\"EntryPoint\",\"urlTemplate\":\"https:\\\/\\\/www.railbaltica.org\\\/?s={search_term_string}\"},\"query-input\":{\"@type\":\"PropertyValueSpecification\",\"valueRequired\":true,\"valueName\":\"search_term_string\"}}],\"inLanguage\":\"lt-LT\"}]}<\/script>\n<!-- \/ Yoast SEO plugin. -->","yoast_head_json":{"title":"Kontaktai - RB","description":"Susisiekite su \u201eRail Baltica\u201c komanda ir biurais Latvijoje, Lietuvoje bei Estijoje.","robots":{"index":"index","follow":"follow","max-snippet":"max-snippet:-1","max-image-preview":"max-image-preview:large","max-video-preview":"max-video-preview:-1"},"canonical":"https:\/\/www.railbaltica.org\/lt\/kontaktai\/","og_locale":"lt_LT","og_type":"article","og_title":"Kontaktai - RB","og_description":"Susisiekite su \u201eRail Baltica\u201c komanda ir biurais Latvijoje, Lietuvoje bei Estijoje.","og_url":"https:\/\/www.railbaltica.org\/lt\/kontaktai\/","og_site_name":"RB","article_modified_time":"2026-01-29T13:58:11+00:00","twitter_card":"summary_large_image","schema":{"@context":"https:\/\/schema.org","@graph":[{"@type":"WebPage","@id":"https:\/\/www.railbaltica.org\/lt\/kontaktai\/","url":"https:\/\/www.railbaltica.org\/lt\/kontaktai\/","name":"Kontaktai - RB","isPartOf":{"@id":"https:\/\/www.railbaltica.org\/#website"},"datePublished":"2025-06-27T11:53:55+00:00","dateModified":"2026-01-29T13:58:11+00:00","description":"Susisiekite su \u201eRail Baltica\u201c komanda ir biurais Latvijoje, Lietuvoje bei Estijoje.","breadcrumb":{"@id":"https:\/\/www.railbaltica.org\/lt\/kontaktai\/#breadcrumb"},"inLanguage":"lt-LT","potentialAction":[{"@type":"ReadAction","target":["https:\/\/www.railbaltica.org\/lt\/kontaktai\/"]}]},{"@type":"BreadcrumbList","@id":"https:\/\/www.railbaltica.org\/lt\/kontaktai\/#breadcrumb","itemListElement":[{"@type":"ListItem","position":1,"name":"Home","item":"https:\/\/www.railbaltica.org\/lt\/"},{"@type":"ListItem","position":2,"name":"Kontaktai"}]},{"@type":"WebSite","@id":"https:\/\/www.railbaltica.org\/#website","url":"https:\/\/www.railbaltica.org\/","name":"RB","description":"","potentialAction":[{"@type":"SearchAction","target":{"@type":"EntryPoint","urlTemplate":"https:\/\/www.railbaltica.org\/?s={search_term_string}"},"query-input":{"@type":"PropertyValueSpecification","valueRequired":true,"valueName":"search_term_string"}}],"inLanguage":"lt-LT"}]}},"_links":{"self":[{"href":"https:\/\/www.railbaltica.org\/lt\/wp-json\/wp\/v2\/pages\/30369","targetHints":{"allow":["GET"]}}],"collection":[{"href":"https:\/\/www.railbaltica.org\/lt\/wp-json\/wp\/v2\/pages"}],"about":[{"href":"https:\/\/www.railbaltica.org\/lt\/wp-json\/wp\/v2\/types\/page"}],"author":[{"embeddable":true,"href":"https:\/\/www.railbaltica.org\/lt\/wp-json\/wp\/v2\/users\/1"}],"replies":[{"embeddable":true,"href":"https:\/\/www.railbaltica.org\/lt\/wp-json\/wp\/v2\/comments?post=30369"}],"version-history":[{"count":8,"href":"https:\/\/www.railbaltica.org\/lt\/wp-json\/wp\/v2\/pages\/30369\/revisions"}],"predecessor-version":[{"id":36363,"href":"https:\/\/www.railbaltica.org\/lt\/wp-json\/wp\/v2\/pages\/30369\/revisions\/36363"}],"wp:attachment":[{"href":"https:\/\/www.railbaltica.org\/lt\/wp-json\/wp\/v2\/media?parent=30369"}],"curies":[{"name":"wp","href":"https:\/\/api.w.org\/{rel}","templated":true}]}}