{"id":30357,"date":"2025-07-25T11:01:37","date_gmt":"2025-07-25T11:01:37","guid":{"rendered":"https:\/\/www.railbaltica.org\/karjera\/atvertas-vakances\/"},"modified":"2025-11-23T18:23:04","modified_gmt":"2025-11-23T16:23:04","slug":"atviros-darbo-vietos","status":"publish","type":"page","link":"https:\/\/www.railbaltica.org\/lt\/karjera\/atviros-darbo-vietos\/","title":{"rendered":"Atviros darbo vietos"},"content":{"rendered":"<section\n    class=\"align wp-block-hero-block relative flex overflow-hidden z-10 bg-blue\"\n>\n            \n        <div\n            class=\"w-full min-h-175 md:min-h-225\"\n        >\n                            <img decoding=\"async\"\n        src=\"https:\/\/www.railbaltica.org\/wp-content\/uploads\/2025\/07\/Hero-4.png\"\n        alt=\"Hero\"\n         title=\"Hero\"         class=\"block absolute object-cover size-full pointer-events-none -z-10\"\n        loading=\"lazy\"\n    \/>\n            \n            <div\n                class=\"container pt-25 flex pb-5 h-full md:pt-55 md:pb-10 lg:!px-14\"\n            >\n                <div\n                    class=\"bg-dark\/75 mt-auto flex w-full flex-col items-start gap-4 rounded p-4 text-white md:gap-5 md:p-10\"\n                >\n                                                                \n                    \n                    <h2 class='h1 max-w-160'>\n            Prisijunkite prie did\u017eiausio infrastrukt\u016bros projekto Baltijos \u0161alyse\n        <\/h2>\n\n                                            <div\n                            class=\"max-w-160\"\n                        >\n                            <div\n                                class=\"textual max-w-160 md:text-xl\"\n                            ><p>Norite prisid\u0117ti prie didelio infrastrukt\u016bros projekto, kuriuo bus kuriama regiono ateitis? \u201eRail Baltica\u201c si\u016blo unikali\u0105 galimyb\u0119 tapti \u0161io ilgalaikio poky\u010dio dalimi.<\/p>\n<\/div>\n                                                    <\/div>\n                    \n                    \n                    \n                                    <\/div>\n            <\/div>\n        <\/div>\n    <\/section>\n\n\n<section\n    class=\"py-5 md:py-10 align wp-block-vacancies-block has-background has-bg-light-gray-background-color\"\n>\n    <div\n        class=\"container\"\n    >\n                    <h2 class='h1 text-dark'>\n            Prisijunkite prie projekto\n        <\/h2>\n        \n                    <div\n                class=\"flex flex-col\"\n            >\n                                    <div\n                        class=\"flex items-start gap-4 justify-between py-4 py-5 border-b border-dark\"\n                    >\n                                                    <h3 class='h2 flex-1 text-dark'>\n            Technical Coordinator (Electrification)\n        <\/h3>\n                        \n                        <a\n        href=\"https:\/\/www.railbaltica.org\/lt\/darbo-vietos\/technical-coordinator-electrification\/\"\n                class=\"btn-outline-dark bg-white hover:bg-blue\"\n    >\n        \n        Su\u017einoti daugiau\n        \n        \n    <\/a>\n                    <\/div>\n                                    <div\n                        class=\"flex items-start gap-4 justify-between py-4 py-5 border-b border-dark\"\n                    >\n                                                    <h3 class='h2 flex-1 text-dark'>\n            Corporate Compliance Officer\n        <\/h3>\n                        \n                        <a\n        href=\"https:\/\/www.railbaltica.org\/lt\/darbo-vietos\/corporate-compliance-officer\/\"\n                class=\"btn-outline-dark bg-white hover:bg-blue\"\n    >\n        \n        Su\u017einoti daugiau\n        \n        \n    <\/a>\n                    <\/div>\n                                    <div\n                        class=\"flex items-start gap-4 justify-between py-4 py-5 border-b border-dark\"\n                    >\n                                                    <h3 class='h2 flex-1 text-dark'>\n            Document Control and Reporting Specialist\n        <\/h3>\n                        \n                        <a\n        href=\"https:\/\/www.railbaltica.org\/lt\/darbo-vietos\/document-control-and-reporting-specialist\/\"\n                class=\"btn-outline-dark bg-white hover:bg-blue\"\n    >\n        \n        Su\u017einoti daugiau\n        \n        \n    <\/a>\n                    <\/div>\n                                    <div\n                        class=\"flex items-start gap-4 justify-between py-4 py-5 border-b border-dark\"\n                    >\n                                                    <h3 class='h2 flex-1 text-dark'>\n            Civil Infrastructure Engineer\n        <\/h3>\n                        \n                        <a\n        href=\"https:\/\/www.railbaltica.org\/lt\/darbo-vietos\/civil-infrastructure-engineer\/\"\n                class=\"btn-outline-dark bg-white hover:bg-blue\"\n    >\n        \n        Su\u017einoti daugiau\n        \n        \n    <\/a>\n                    <\/div>\n                                    <div\n                        class=\"flex items-start gap-4 justify-between py-4 py-5 border-b border-dark\"\n                    >\n                                                    <h3 class='h2 flex-1 text-dark'>\n            Railway Signaling Engineer\n        <\/h3>\n                        \n                        <a\n        href=\"https:\/\/www.railbaltica.org\/lt\/darbo-vietos\/railway-signaling-engineer\/\"\n                class=\"btn-outline-dark bg-white hover:bg-blue\"\n    >\n        \n        Su\u017einoti daugiau\n        \n        \n    <\/a>\n                    <\/div>\n                            <\/div>\n            <\/div>\n<\/section>\n\n\n<section\n    class=\"py-5 md:py-10 align wp-block-managing-small-block has-background has-bg-light-gray-background-color\"\n>\n    <div\n        class=\"container\"\n    >\n        <div\n            class=\"text-white p-4 rounded bg-dark md:p-10\"\n        >\n                            <h2 class='h1 text-white'>\n            Uzzini vair\u0101k par karjeras iesp\u0113j\u0101m pla\u0161\u0101k\u0101 Rail Baltica t\u012bkl\u0101.\n        <\/h2>\n                                        <div\n                    class=\"mb-5 md:text-xl\"\n                >\n                    <p>Su\u017einokite daugiau apie karjeros galimybes visame \u201eRail Baltica\u201c tinkle.<\/p>\n<p>I\u0161siai\u0161kinkite karjeros galimybes nacionaliniuose \u201eRail Baltica\u201c projekto \u012fgyvendinimo padaliniuose Estijoje, Latvijoje ir Lietuvoje.<\/p>\n\n                <\/div>\n                                        <div\n                    class=\"grid gap-4 md:grid-cols-3 md:gap-5\"\n                >\n                                            <div\n                            class=\"group min-h-17 bg-dark border border-white rounded flex items-center justify-center md:p-0\"\n                        >\n\n                                                            <a\n                                    href=\"https:\/\/www.rbestonia.ee\/\"\n                                    class=\"w-full p-3 md:p-5 md:duration-300 md:group-hover:scale-110\"\n                                     target=\"_blank\" rel=\"noopener noreferrer\"                                 >\n                            \n                                                            <img decoding=\"async\"\n        src=\"https:\/\/www.railbaltica.org\/wp-content\/uploads\/2025\/07\/Rail-Baltic-Estonia-Logo.svg\"\n        alt=\"Rail Baltic Estonia Logo\"\n         title=\"Rail Baltic Estonia Logo\"         class=\"block h-9 w-full object-contain\"\n        loading=\"lazy\"\n    \/>\n                            \n                                                            <\/a>\n                                                    <\/div>\n                                            <div\n                            class=\"group min-h-17 bg-dark border border-white rounded flex items-center justify-center md:p-0\"\n                        >\n\n                                                            <a\n                                    href=\"https:\/\/edzl.lv\/\"\n                                    class=\"w-full p-3 md:p-5 md:duration-300 md:group-hover:scale-110\"\n                                     target=\"_blank\" rel=\"noopener noreferrer\"                                 >\n                            \n                                                            <img decoding=\"async\"\n        src=\"https:\/\/www.railbaltica.org\/wp-content\/uploads\/2025\/07\/Logo-Container.svg\"\n        alt=\"Logo-Container\"\n         title=\"Logo-Container\"         class=\"block h-9 w-full object-contain\"\n        loading=\"lazy\"\n    \/>\n                            \n                                                            <\/a>\n                                                    <\/div>\n                                            <div\n                            class=\"group min-h-17 bg-dark border border-white rounded flex items-center justify-center md:p-0\"\n                        >\n\n                                                            <a\n                                    href=\"https:\/\/rail-baltica.lt\/\"\n                                    class=\"w-full p-3 md:p-5 md:duration-300 md:group-hover:scale-110\"\n                                     target=\"_blank\" rel=\"noopener noreferrer\"                                 >\n                            \n                                                            <img decoding=\"async\"\n        src=\"https:\/\/www.railbaltica.org\/wp-content\/uploads\/2025\/07\/Logo-Containerlogo.svg\"\n        alt=\"Logo-Containerlogo\"\n         title=\"Logo-Containerlogo\"         class=\"block h-9 w-full object-contain\"\n        loading=\"lazy\"\n    \/>\n                            \n                                                            <\/a>\n                                                    <\/div>\n                                    <\/div>\n                    <\/div>\n    <\/div>\n<\/section>\n","protected":false},"excerpt":{"rendered":"","protected":false},"author":1,"featured_media":0,"parent":30276,"menu_order":0,"comment_status":"closed","ping_status":"closed","template":"","meta":{"_acf_changed":false,"footnotes":""},"class_list":["post-30357","page","type-page","status-publish","hentry"],"acf":[],"yoast_head":"<!-- This site is optimized with the Yoast SEO plugin v27.4 - https:\/\/yoast.com\/product\/yoast-seo-wordpress\/ -->\n<title>Atviros darbo vietos - RB<\/title>\n<meta name=\"description\" content=\"Prisijunkite prie \u201eRail Baltica\u201c \u2013 susipa\u017einkite su karjeros galimyb\u0117mis ir su\u017einokite, kaip prisid\u0117ti prie \u0161io \u0161imtme\u010dio projekto.\" \/>\n<meta name=\"robots\" content=\"index, follow, max-snippet:-1, max-image-preview:large, max-video-preview:-1\" \/>\n<link rel=\"canonical\" href=\"https:\/\/www.railbaltica.org\/lt\/karjera\/atviros-darbo-vietos\/\" \/>\n<meta property=\"og:locale\" content=\"lt_LT\" \/>\n<meta property=\"og:type\" content=\"article\" \/>\n<meta property=\"og:title\" content=\"Atviros darbo vietos - RB\" \/>\n<meta property=\"og:description\" content=\"Prisijunkite prie \u201eRail Baltica\u201c \u2013 susipa\u017einkite su karjeros galimyb\u0117mis ir su\u017einokite, kaip prisid\u0117ti prie \u0161io \u0161imtme\u010dio projekto.\" \/>\n<meta property=\"og:url\" content=\"https:\/\/www.railbaltica.org\/lt\/karjera\/atviros-darbo-vietos\/\" \/>\n<meta property=\"og:site_name\" content=\"RB\" \/>\n<meta property=\"article:modified_time\" content=\"2025-11-23T16:23:04+00:00\" \/>\n<meta name=\"twitter:card\" content=\"summary_large_image\" \/>\n<script type=\"application\/ld+json\" class=\"yoast-schema-graph\">{\"@context\":\"https:\\\/\\\/schema.org\",\"@graph\":[{\"@type\":\"WebPage\",\"@id\":\"https:\\\/\\\/www.railbaltica.org\\\/lt\\\/karjera\\\/atviros-darbo-vietos\\\/\",\"url\":\"https:\\\/\\\/www.railbaltica.org\\\/lt\\\/karjera\\\/atviros-darbo-vietos\\\/\",\"name\":\"Atviros darbo vietos - RB\",\"isPartOf\":{\"@id\":\"https:\\\/\\\/www.railbaltica.org\\\/#website\"},\"datePublished\":\"2025-07-25T11:01:37+00:00\",\"dateModified\":\"2025-11-23T16:23:04+00:00\",\"description\":\"Prisijunkite prie \u201eRail Baltica\u201c \u2013 susipa\u017einkite su karjeros galimyb\u0117mis ir su\u017einokite, kaip prisid\u0117ti prie \u0161io \u0161imtme\u010dio projekto.\",\"breadcrumb\":{\"@id\":\"https:\\\/\\\/www.railbaltica.org\\\/lt\\\/karjera\\\/atviros-darbo-vietos\\\/#breadcrumb\"},\"inLanguage\":\"lt-LT\",\"potentialAction\":[{\"@type\":\"ReadAction\",\"target\":[\"https:\\\/\\\/www.railbaltica.org\\\/lt\\\/karjera\\\/atviros-darbo-vietos\\\/\"]}]},{\"@type\":\"BreadcrumbList\",\"@id\":\"https:\\\/\\\/www.railbaltica.org\\\/lt\\\/karjera\\\/atviros-darbo-vietos\\\/#breadcrumb\",\"itemListElement\":[{\"@type\":\"ListItem\",\"position\":1,\"name\":\"Home\",\"item\":\"https:\\\/\\\/www.railbaltica.org\\\/lt\\\/\"},{\"@type\":\"ListItem\",\"position\":2,\"name\":\"Karjera\",\"item\":\"https:\\\/\\\/www.railbaltica.org\\\/lt\\\/karjera\\\/\"},{\"@type\":\"ListItem\",\"position\":3,\"name\":\"Atviros darbo vietos\"}]},{\"@type\":\"WebSite\",\"@id\":\"https:\\\/\\\/www.railbaltica.org\\\/#website\",\"url\":\"https:\\\/\\\/www.railbaltica.org\\\/\",\"name\":\"RB\",\"description\":\"\",\"potentialAction\":[{\"@type\":\"SearchAction\",\"target\":{\"@type\":\"EntryPoint\",\"urlTemplate\":\"https:\\\/\\\/www.railbaltica.org\\\/?s={search_term_string}\"},\"query-input\":{\"@type\":\"PropertyValueSpecification\",\"valueRequired\":true,\"valueName\":\"search_term_string\"}}],\"inLanguage\":\"lt-LT\"}]}<\/script>\n<!-- \/ Yoast SEO plugin. -->","yoast_head_json":{"title":"Atviros darbo vietos - RB","description":"Prisijunkite prie \u201eRail Baltica\u201c \u2013 susipa\u017einkite su karjeros galimyb\u0117mis ir su\u017einokite, kaip prisid\u0117ti prie \u0161io \u0161imtme\u010dio projekto.","robots":{"index":"index","follow":"follow","max-snippet":"max-snippet:-1","max-image-preview":"max-image-preview:large","max-video-preview":"max-video-preview:-1"},"canonical":"https:\/\/www.railbaltica.org\/lt\/karjera\/atviros-darbo-vietos\/","og_locale":"lt_LT","og_type":"article","og_title":"Atviros darbo vietos - RB","og_description":"Prisijunkite prie \u201eRail Baltica\u201c \u2013 susipa\u017einkite su karjeros galimyb\u0117mis ir su\u017einokite, kaip prisid\u0117ti prie \u0161io \u0161imtme\u010dio projekto.","og_url":"https:\/\/www.railbaltica.org\/lt\/karjera\/atviros-darbo-vietos\/","og_site_name":"RB","article_modified_time":"2025-11-23T16:23:04+00:00","twitter_card":"summary_large_image","schema":{"@context":"https:\/\/schema.org","@graph":[{"@type":"WebPage","@id":"https:\/\/www.railbaltica.org\/lt\/karjera\/atviros-darbo-vietos\/","url":"https:\/\/www.railbaltica.org\/lt\/karjera\/atviros-darbo-vietos\/","name":"Atviros darbo vietos - RB","isPartOf":{"@id":"https:\/\/www.railbaltica.org\/#website"},"datePublished":"2025-07-25T11:01:37+00:00","dateModified":"2025-11-23T16:23:04+00:00","description":"Prisijunkite prie \u201eRail Baltica\u201c \u2013 susipa\u017einkite su karjeros galimyb\u0117mis ir su\u017einokite, kaip prisid\u0117ti prie \u0161io \u0161imtme\u010dio projekto.","breadcrumb":{"@id":"https:\/\/www.railbaltica.org\/lt\/karjera\/atviros-darbo-vietos\/#breadcrumb"},"inLanguage":"lt-LT","potentialAction":[{"@type":"ReadAction","target":["https:\/\/www.railbaltica.org\/lt\/karjera\/atviros-darbo-vietos\/"]}]},{"@type":"BreadcrumbList","@id":"https:\/\/www.railbaltica.org\/lt\/karjera\/atviros-darbo-vietos\/#breadcrumb","itemListElement":[{"@type":"ListItem","position":1,"name":"Home","item":"https:\/\/www.railbaltica.org\/lt\/"},{"@type":"ListItem","position":2,"name":"Karjera","item":"https:\/\/www.railbaltica.org\/lt\/karjera\/"},{"@type":"ListItem","position":3,"name":"Atviros darbo vietos"}]},{"@type":"WebSite","@id":"https:\/\/www.railbaltica.org\/#website","url":"https:\/\/www.railbaltica.org\/","name":"RB","description":"","potentialAction":[{"@type":"SearchAction","target":{"@type":"EntryPoint","urlTemplate":"https:\/\/www.railbaltica.org\/?s={search_term_string}"},"query-input":{"@type":"PropertyValueSpecification","valueRequired":true,"valueName":"search_term_string"}}],"inLanguage":"lt-LT"}]}},"_links":{"self":[{"href":"https:\/\/www.railbaltica.org\/lt\/wp-json\/wp\/v2\/pages\/30357","targetHints":{"allow":["GET"]}}],"collection":[{"href":"https:\/\/www.railbaltica.org\/lt\/wp-json\/wp\/v2\/pages"}],"about":[{"href":"https:\/\/www.railbaltica.org\/lt\/wp-json\/wp\/v2\/types\/page"}],"author":[{"embeddable":true,"href":"https:\/\/www.railbaltica.org\/lt\/wp-json\/wp\/v2\/users\/1"}],"replies":[{"embeddable":true,"href":"https:\/\/www.railbaltica.org\/lt\/wp-json\/wp\/v2\/comments?post=30357"}],"version-history":[{"count":4,"href":"https:\/\/www.railbaltica.org\/lt\/wp-json\/wp\/v2\/pages\/30357\/revisions"}],"predecessor-version":[{"id":35860,"href":"https:\/\/www.railbaltica.org\/lt\/wp-json\/wp\/v2\/pages\/30357\/revisions\/35860"}],"up":[{"embeddable":true,"href":"https:\/\/www.railbaltica.org\/lt\/wp-json\/wp\/v2\/pages\/30276"}],"wp:attachment":[{"href":"https:\/\/www.railbaltica.org\/lt\/wp-json\/wp\/v2\/media?parent=30357"}],"curies":[{"name":"wp","href":"https:\/\/api.w.org\/{rel}","templated":true}]}}