{"id":30312,"date":"2025-06-27T08:27:59","date_gmt":"2025-06-27T08:27:59","guid":{"rendered":"https:\/\/www.railbaltica.org\/news\/"},"modified":"2026-01-29T16:00:25","modified_gmt":"2026-01-29T14:00:25","slug":"naujienos","status":"publish","type":"page","link":"https:\/\/www.railbaltica.org\/lt\/naujienos\/","title":{"rendered":"Naujienos"},"content":{"rendered":"<section\n    class=\"align wp-block-hero-block relative flex overflow-hidden z-10 bg-blue\"\n>\n            \n        <div\n            class=\"w-full min-h-175 md:min-h-225\"\n        >\n                            <img decoding=\"async\"\n        src=\"https:\/\/www.railbaltica.org\/wp-content\/uploads\/2025\/07\/b3bfe3ff9b95e4b1a8905e283fda74663810e7ac.png\"\n        alt=\"b3bfe3ff9b95e4b1a8905e283fda74663810e7ac\"\n         title=\"b3bfe3ff9b95e4b1a8905e283fda74663810e7ac\"         class=\"block absolute object-cover size-full pointer-events-none -z-10\"\n        loading=\"lazy\"\n    \/>\n            \n            <div\n                class=\"container pt-25 flex pb-5 h-full md:pt-55 md:pb-10 lg:!px-14\"\n            >\n                <div\n                    class=\"bg-dark\/75 mt-auto flex w-full flex-col items-start gap-4 rounded p-4 text-white md:gap-5 md:p-10\"\n                >\n                                                                \n                    \n                    <h1 class='h1 max-w-160'>\n            \u201eRail Baltica\u201c naujienos\n        <\/h1>\n\n                    \n                    \n                    \n                                    <\/div>\n            <\/div>\n        <\/div>\n    <\/section>\n\n\n<section\n    class=\"py-10 relative md:py-20 align wp-block-news-ajax-block\"\n>\n    <div\n        class=\"container flex flex-col\"\n    >\n        <div\n            class=\"js-news-container grid gap-x-8 gap-y-8 md:grid-cols-2 md:gap-y-16\"\n        >\n                                                <article\n    class=\"group flex flex-col items-start text-dark md:text-xl\"\n>\n    <a\n        href=\"https:\/\/www.railbaltica.org\/lt\/naujienos\/rail-baltica-industry-day-2026-to-take-place-online-on-27-april\/\"\n        class=\"relative mb-6 flex w-full overflow-hidden pb-[56%]\"\n    >\n\n                    <img decoding=\"async\"\n        src=\"https:\/\/www.railbaltica.org\/wp-content\/uploads\/2026\/04\/Industry-day-banner-scaled.png\"\n        alt=\"Industry day banner\"\n         title=\"Industry day banner\"         class=\"block img-cover duration-300 group-hover:scale-[1.05]\"\n        loading=\"lazy\"\n    \/>\n        \n    <\/a>\n    <time\n        class='mb-4 block'\n    >\n        14.04.2026\n    <\/time>\n\n    <a\n        href=\"https:\/\/www.railbaltica.org\/lt\/naujienos\/rail-baltica-industry-day-2026-to-take-place-online-on-27-april\/\"\n                class=\"h2 mb-2\"\n    >\n        \n        \u201eRail\u00a0Baltica\u201c Industrijos diena 2026 vyks nuotoliniu b\u016bdu baland\u017eio 27 d.\n        \n        \n    <\/a>\n\n            <div\n            class=\"mb-6 line-clamp-5 text-blue-6\"\n        >\n            \u201eRB Rail AS\u201c kvie\u010dia esamus ir b\u016bsimus tiek\u0117jus, partnerius bei suinteresuot\u0105sias \u0161alis dalyvauti nuotoliniame seminare \u2013 \u201eRail Baltica\u201c Industrijos diena&#8230;\n        <\/div>\n    \n    <a\n        href=\"https:\/\/www.railbaltica.org\/lt\/naujienos\/rail-baltica-industry-day-2026-to-take-place-online-on-27-april\/\"\n                class=\"btn-dark mt-auto\"\n    >\n        \n        Skaityti daugiau\n        \n        \n    <\/a>\n<\/article>\n                                    <article\n    class=\"group flex flex-col items-start text-dark md:text-xl\"\n>\n    <a\n        href=\"https:\/\/www.railbaltica.org\/lt\/naujienos\/work-has-begun-on-the-rail-baltica-kaunas-node-section-in-lithuania\/\"\n        class=\"relative mb-6 flex w-full overflow-hidden pb-[56%]\"\n    >\n\n                    <img decoding=\"async\"\n        src=\"https:\/\/www.railbaltica.org\/wp-content\/uploads\/2026\/04\/Kaunas-Railway-Station-scaled.jpg\"\n        alt=\"Kaunas Railway Station\"\n         title=\"Kaunas Railway Station\"         class=\"block img-cover duration-300 group-hover:scale-[1.05]\"\n        loading=\"lazy\"\n    \/>\n        \n    <\/a>\n    <time\n        class='mb-4 block'\n    >\n        07.04.2026\n    <\/time>\n\n    <a\n        href=\"https:\/\/www.railbaltica.org\/lt\/naujienos\/work-has-begun-on-the-rail-baltica-kaunas-node-section-in-lithuania\/\"\n                class=\"h2 mb-2\"\n    >\n        \n        \u201eRail Baltica\u201c projektavimo padalinys oficialiai prad\u0117jo Kauno mazgo dalies projektavimo darbus\n        \n        \n    <\/a>\n\n            <div\n            class=\"mb-6 line-clamp-5 text-blue-6\"\n        >\n            LTG grup\u0117je \u012fkurtas \u201eLTG Infra\u201c \u201eRail Baltica\u201c projektavimo padalinys oficialiai prad\u0117jo Kauno mazgo dalies projektavimo darbus. Tai \u2013 vienas sud\u0117tingiausi\u0173&#8230;\n        <\/div>\n    \n    <a\n        href=\"https:\/\/www.railbaltica.org\/lt\/naujienos\/work-has-begun-on-the-rail-baltica-kaunas-node-section-in-lithuania\/\"\n                class=\"btn-dark mt-auto\"\n    >\n        \n        Skaityti daugiau\n        \n        \n    <\/a>\n<\/article>\n                                    <article\n    class=\"group flex flex-col items-start text-dark md:text-xl\"\n>\n    <a\n        href=\"https:\/\/www.railbaltica.org\/lt\/naujienos\/new-procurement-launched-for-rail-baltica-energy-subsystem-design-expertise-in-latvia-and-lithuania\/\"\n        class=\"relative mb-6 flex w-full overflow-hidden pb-[56%]\"\n    >\n\n                    <img decoding=\"async\"\n        src=\"https:\/\/www.railbaltica.org\/wp-content\/uploads\/2026\/02\/Consultation-with-suppliers-Design-Expertise-services-for-Rail-Baltica-Energy-Subsystem-in-Latvia-and-Lithuania-1-scaled.png\"\n        alt=\"Consultation with suppliers Design Expertise services for Rail Baltica Energy Subsystem in Latvia and Lithuania (1)\"\n         title=\"Consultation with suppliers Design Expertise services for Rail Baltica Energy Subsystem in Latvia and Lithuania (1)\"         class=\"block img-cover duration-300 group-hover:scale-[1.05]\"\n        loading=\"lazy\"\n    \/>\n        \n    <\/a>\n    <time\n        class='mb-4 block'\n    >\n        02.04.2026\n    <\/time>\n\n    <a\n        href=\"https:\/\/www.railbaltica.org\/lt\/naujienos\/new-procurement-launched-for-rail-baltica-energy-subsystem-design-expertise-in-latvia-and-lithuania\/\"\n                class=\"h2 mb-2\"\n    >\n        \n        Prad\u0117tas naujas pirkimas \u201eRail Baltica\u201c elektrifikacijos projektavimo ekspertin\u0117ms paslaugoms Latvijoje ir Lietuvoje\n        \n        \n    <\/a>\n\n            <div\n            class=\"mb-6 line-clamp-5 text-blue-6\"\n        >\n            \u201eRB Rail AS\u201c paskelb\u0117 apie naujo pirkim\u0105 \u2013 projektavimo ekspertini\u0173 paslaug\u0173 \u201eRail Baltica\u201c energijos posistemei Latvijoje ir Lietuvoje (ID Nr&#8230;.\n        <\/div>\n    \n    <a\n        href=\"https:\/\/www.railbaltica.org\/lt\/naujienos\/new-procurement-launched-for-rail-baltica-energy-subsystem-design-expertise-in-latvia-and-lithuania\/\"\n                class=\"btn-dark mt-auto\"\n    >\n        \n        Skaityti daugiau\n        \n        \n    <\/a>\n<\/article>\n                                    <article\n    class=\"group flex flex-col items-start text-dark md:text-xl\"\n>\n    <a\n        href=\"https:\/\/www.railbaltica.org\/lt\/naujienos\/baltic-passenger-train-operators-announced-joint-procurement-of-rail-baltica-regional-trains\/\"\n        class=\"relative mb-6 flex w-full overflow-hidden pb-[56%]\"\n    >\n\n                    <img decoding=\"async\"\n        src=\"https:\/\/www.railbaltica.org\/wp-content\/uploads\/2026\/03\/DSCF8213-scaled.jpg\"\n        alt=\"DSCF8213\"\n         title=\"DSCF8213\"         class=\"block img-cover duration-300 group-hover:scale-[1.05]\"\n        loading=\"lazy\"\n    \/>\n        \n    <\/a>\n    <time\n        class='mb-4 block'\n    >\n        18.03.2026\n    <\/time>\n\n    <a\n        href=\"https:\/\/www.railbaltica.org\/lt\/naujienos\/baltic-passenger-train-operators-announced-joint-procurement-of-rail-baltica-regional-trains\/\"\n                class=\"h2 mb-2\"\n    >\n        \n        Baltijos \u0161ali\u0173 keleivini\u0173 traukini\u0173 operatoriai paskelb\u0117 bendr\u0105 \u201eRail Baltica\u201c regionini\u0173 traukini\u0173 pirkim\u0105\n        \n        \n    <\/a>\n\n            <div\n            class=\"mb-6 line-clamp-5 text-blue-6\"\n        >\n            Baltijos \u0161ali\u0173 keleivini\u0173 traukini\u0173 operatoriai \u201eElron\u201c, \u201eVivi\u201c ir \u201eLTG Link\u201c paskelb\u0117 bendr\u0105 \u201eRail Baltica\u201c regionini\u0173 traukini\u0173 pirkim\u0105. I\u0161 viso planuojama&#8230;\n        <\/div>\n    \n    <a\n        href=\"https:\/\/www.railbaltica.org\/lt\/naujienos\/baltic-passenger-train-operators-announced-joint-procurement-of-rail-baltica-regional-trains\/\"\n                class=\"btn-dark mt-auto\"\n    >\n        \n        Skaityti daugiau\n        \n        \n    <\/a>\n<\/article>\n                                    <\/div>\n\n                    <button\n                type=\"button\"\n                class=\"js-load-more-btn btn-outline-dark mx-auto mt-10 max-sm:w-full md:text-xl md:mt-20\"\n                data-current-page=\"1\"\n                data-total-pages=\"90\"\n                data-posts-per-page=\"4\"\n            >\n                Rodyti daugiau\n                <svg\n                    class=\"size-3\"\n                    width=\"12\"\n                    height=\"12\"\n                    viewBox=\"0 0 12 12\"\n                    fill=\"none\"\n                    xmlns=\"http:\/\/www.w3.org\/2000\/svg\"\n                >\n                    <path\n                        d=\"M6 2.5V9.5M6 9.5L9.5 6M6 9.5L2.5 6\"\n                        stroke=\"#003787\"\n                        stroke-width=\"1.5\"\n                        stroke-linecap=\"round\"\n                        stroke-linejoin=\"round\"\n                    \/>\n                <\/svg>\n            <\/button>\n            <\/div>\n    <div\n    class=\"js-loader invisible absolute left-[0] right-[0] top-[0] flex h-full w-full justify-center bg-[#fff]\/50 z-20 duration-300 transition-all ease-in !fixed\"\n>\n    <svg\n        aria-hidden=\"true\"\n        class=\"absolute top-[300px] inline h-[80px] w-[80px] animate-spin fill-blue text-dark\"\n        viewBox=\"0 0 100 101\"\n        fill=\"none\"\n        xmlns=\"http:\/\/www.w3.org\/2000\/svg\"\n    >\n        <path\n            d=\"M100 50.5908C100 78.2051 77.6142 100.591 50 100.591C22.3858 100.591 0 78.2051 0 50.5908C0 22.9766 22.3858 0.59082 50 0.59082C77.6142 0.59082 100 22.9766 100 50.5908ZM9.08144 50.5908C9.08144 73.1895 27.4013 91.5094 50 91.5094C72.5987 91.5094 90.9186 73.1895 90.9186 50.5908C90.9186 27.9921 72.5987 9.67226 50 9.67226C27.4013 9.67226 9.08144 27.9921 9.08144 50.5908Z\"\n            fill=\"currentColor\"\n        \/>\n        <path\n            d=\"M93.9676 39.0409C96.393 38.4038 97.8624 35.9116 97.0079 33.5539C95.2932 28.8227 92.871 24.3692 89.8167 20.348C85.8452 15.1192 80.8826 10.7238 75.2124 7.41289C69.5422 4.10194 63.2754 1.94025 56.7698 1.05124C51.7666 0.367541 46.6976 0.446843 41.7345 1.27873C39.2613 1.69328 37.813 4.19778 38.4501 6.62326C39.0873 9.04874 41.5694 10.4717 44.0505 10.1071C47.8511 9.54855 51.7191 9.52689 55.5402 10.0491C60.8642 10.7766 65.9928 12.5457 70.6331 15.2552C75.2735 17.9648 79.3347 21.5619 82.5849 25.841C84.9175 28.9121 86.7997 32.2913 88.1811 35.8758C89.083 38.2158 91.5421 39.6781 93.9676 39.0409Z\"\n            fill=\"currentFill\"\n        \/>\n    <\/svg>\n<\/div>\n<\/section>\n\n<script>\n    window.newsAjaxData = {\n        currentPage: 1,\n        totalPages: 90,\n        postsPerPage: 4,\n        hasMore: true\n    };\n<\/script>\n","protected":false},"excerpt":{"rendered":"","protected":false},"author":1,"featured_media":0,"parent":0,"menu_order":0,"comment_status":"closed","ping_status":"closed","template":"","meta":{"_acf_changed":false,"footnotes":""},"class_list":["post-30312","page","type-page","status-publish","hentry"],"acf":[],"yoast_head":"<!-- This site is optimized with the Yoast SEO plugin v27.4 - https:\/\/yoast.com\/product\/yoast-seo-wordpress\/ -->\n<title>Naujienos - RB<\/title>\n<meta name=\"description\" content=\"Skaitykite naujienas ir prane\u0161imus apie \u201eRail Baltica\u201c pa\u017eang\u0105, \u012fvykius bei partneryst\u0119.\" \/>\n<meta name=\"robots\" content=\"index, follow, max-snippet:-1, max-image-preview:large, max-video-preview:-1\" \/>\n<link rel=\"canonical\" href=\"https:\/\/www.railbaltica.org\/lt\/naujienos\/\" \/>\n<meta property=\"og:locale\" content=\"lt_LT\" \/>\n<meta property=\"og:type\" content=\"article\" \/>\n<meta property=\"og:title\" content=\"Naujienos - RB\" \/>\n<meta property=\"og:description\" content=\"Skaitykite naujienas ir prane\u0161imus apie \u201eRail Baltica\u201c pa\u017eang\u0105, \u012fvykius bei partneryst\u0119.\" \/>\n<meta property=\"og:url\" content=\"https:\/\/www.railbaltica.org\/lt\/naujienos\/\" \/>\n<meta property=\"og:site_name\" content=\"RB\" \/>\n<meta property=\"article:modified_time\" content=\"2026-01-29T14:00:25+00:00\" \/>\n<meta name=\"twitter:card\" content=\"summary_large_image\" \/>\n<script type=\"application\/ld+json\" class=\"yoast-schema-graph\">{\"@context\":\"https:\\\/\\\/schema.org\",\"@graph\":[{\"@type\":\"WebPage\",\"@id\":\"https:\\\/\\\/www.railbaltica.org\\\/lt\\\/naujienos\\\/\",\"url\":\"https:\\\/\\\/www.railbaltica.org\\\/lt\\\/naujienos\\\/\",\"name\":\"Naujienos - RB\",\"isPartOf\":{\"@id\":\"https:\\\/\\\/www.railbaltica.org\\\/#website\"},\"datePublished\":\"2025-06-27T08:27:59+00:00\",\"dateModified\":\"2026-01-29T14:00:25+00:00\",\"description\":\"Skaitykite naujienas ir prane\u0161imus apie \u201eRail Baltica\u201c pa\u017eang\u0105, \u012fvykius bei partneryst\u0119.\",\"breadcrumb\":{\"@id\":\"https:\\\/\\\/www.railbaltica.org\\\/lt\\\/naujienos\\\/#breadcrumb\"},\"inLanguage\":\"lt-LT\",\"potentialAction\":[{\"@type\":\"ReadAction\",\"target\":[\"https:\\\/\\\/www.railbaltica.org\\\/lt\\\/naujienos\\\/\"]}]},{\"@type\":\"BreadcrumbList\",\"@id\":\"https:\\\/\\\/www.railbaltica.org\\\/lt\\\/naujienos\\\/#breadcrumb\",\"itemListElement\":[{\"@type\":\"ListItem\",\"position\":1,\"name\":\"Home\",\"item\":\"https:\\\/\\\/www.railbaltica.org\\\/lt\\\/\"},{\"@type\":\"ListItem\",\"position\":2,\"name\":\"Naujienos\"}]},{\"@type\":\"WebSite\",\"@id\":\"https:\\\/\\\/www.railbaltica.org\\\/#website\",\"url\":\"https:\\\/\\\/www.railbaltica.org\\\/\",\"name\":\"RB\",\"description\":\"\",\"potentialAction\":[{\"@type\":\"SearchAction\",\"target\":{\"@type\":\"EntryPoint\",\"urlTemplate\":\"https:\\\/\\\/www.railbaltica.org\\\/?s={search_term_string}\"},\"query-input\":{\"@type\":\"PropertyValueSpecification\",\"valueRequired\":true,\"valueName\":\"search_term_string\"}}],\"inLanguage\":\"lt-LT\"}]}<\/script>\n<!-- \/ Yoast SEO plugin. -->","yoast_head_json":{"title":"Naujienos - RB","description":"Skaitykite naujienas ir prane\u0161imus apie \u201eRail Baltica\u201c pa\u017eang\u0105, \u012fvykius bei partneryst\u0119.","robots":{"index":"index","follow":"follow","max-snippet":"max-snippet:-1","max-image-preview":"max-image-preview:large","max-video-preview":"max-video-preview:-1"},"canonical":"https:\/\/www.railbaltica.org\/lt\/naujienos\/","og_locale":"lt_LT","og_type":"article","og_title":"Naujienos - RB","og_description":"Skaitykite naujienas ir prane\u0161imus apie \u201eRail Baltica\u201c pa\u017eang\u0105, \u012fvykius bei partneryst\u0119.","og_url":"https:\/\/www.railbaltica.org\/lt\/naujienos\/","og_site_name":"RB","article_modified_time":"2026-01-29T14:00:25+00:00","twitter_card":"summary_large_image","schema":{"@context":"https:\/\/schema.org","@graph":[{"@type":"WebPage","@id":"https:\/\/www.railbaltica.org\/lt\/naujienos\/","url":"https:\/\/www.railbaltica.org\/lt\/naujienos\/","name":"Naujienos - RB","isPartOf":{"@id":"https:\/\/www.railbaltica.org\/#website"},"datePublished":"2025-06-27T08:27:59+00:00","dateModified":"2026-01-29T14:00:25+00:00","description":"Skaitykite naujienas ir prane\u0161imus apie \u201eRail Baltica\u201c pa\u017eang\u0105, \u012fvykius bei partneryst\u0119.","breadcrumb":{"@id":"https:\/\/www.railbaltica.org\/lt\/naujienos\/#breadcrumb"},"inLanguage":"lt-LT","potentialAction":[{"@type":"ReadAction","target":["https:\/\/www.railbaltica.org\/lt\/naujienos\/"]}]},{"@type":"BreadcrumbList","@id":"https:\/\/www.railbaltica.org\/lt\/naujienos\/#breadcrumb","itemListElement":[{"@type":"ListItem","position":1,"name":"Home","item":"https:\/\/www.railbaltica.org\/lt\/"},{"@type":"ListItem","position":2,"name":"Naujienos"}]},{"@type":"WebSite","@id":"https:\/\/www.railbaltica.org\/#website","url":"https:\/\/www.railbaltica.org\/","name":"RB","description":"","potentialAction":[{"@type":"SearchAction","target":{"@type":"EntryPoint","urlTemplate":"https:\/\/www.railbaltica.org\/?s={search_term_string}"},"query-input":{"@type":"PropertyValueSpecification","valueRequired":true,"valueName":"search_term_string"}}],"inLanguage":"lt-LT"}]}},"_links":{"self":[{"href":"https:\/\/www.railbaltica.org\/lt\/wp-json\/wp\/v2\/pages\/30312","targetHints":{"allow":["GET"]}}],"collection":[{"href":"https:\/\/www.railbaltica.org\/lt\/wp-json\/wp\/v2\/pages"}],"about":[{"href":"https:\/\/www.railbaltica.org\/lt\/wp-json\/wp\/v2\/types\/page"}],"author":[{"embeddable":true,"href":"https:\/\/www.railbaltica.org\/lt\/wp-json\/wp\/v2\/users\/1"}],"replies":[{"embeddable":true,"href":"https:\/\/www.railbaltica.org\/lt\/wp-json\/wp\/v2\/comments?post=30312"}],"version-history":[{"count":4,"href":"https:\/\/www.railbaltica.org\/lt\/wp-json\/wp\/v2\/pages\/30312\/revisions"}],"predecessor-version":[{"id":36365,"href":"https:\/\/www.railbaltica.org\/lt\/wp-json\/wp\/v2\/pages\/30312\/revisions\/36365"}],"wp:attachment":[{"href":"https:\/\/www.railbaltica.org\/lt\/wp-json\/wp\/v2\/media?parent=30312"}],"curies":[{"name":"wp","href":"https:\/\/api.w.org\/{rel}","templated":true}]}}