{"id":30270,"date":"2025-06-27T08:27:09","date_gmt":"2025-06-27T08:27:09","guid":{"rendered":"https:\/\/www.railbaltica.org\/health-and-safety\/"},"modified":"2026-02-10T07:27:23","modified_gmt":"2026-02-10T05:27:23","slug":"sveikata-ir-sauga","status":"publish","type":"page","link":"https:\/\/www.railbaltica.org\/lt\/sveikata-ir-sauga\/","title":{"rendered":"Sveikata ir sauga"},"content":{"rendered":"<section\n    class=\"align wp-block-hero-block relative flex overflow-hidden z-10 bg-blue\"\n>\n            \n        <div\n            class=\"w-full min-h-175 md:min-h-225\"\n        >\n                            <img decoding=\"async\"\n        src=\"https:\/\/www.railbaltica.org\/wp-content\/uploads\/2025\/07\/RailBaltica_PremjeraVizite-5-1-scaled.png\"\n        alt=\"RailBaltica_PremjeraVizite-5 1\"\n         title=\"RailBaltica_PremjeraVizite-5 1\"         class=\"block absolute object-cover size-full pointer-events-none -z-10\"\n        loading=\"lazy\"\n    \/>\n            \n            <div\n                class=\"container pt-25 flex pb-5 h-full md:pt-55 md:pb-10 lg:!px-14\"\n            >\n                <div\n                    class=\"bg-dark\/75 mt-auto flex w-full flex-col items-start gap-4 rounded p-4 text-white md:gap-5 md:p-10\"\n                >\n                                                                \n                    \n                    <h2 class='h1 max-w-160'>\n            Darbuotoj\u0173 sveikatos ir saugos prioritetai \u201eRail Baltica\u201c projekte\n        <\/h2>\n\n                    \n                    \n                    \n                                    <\/div>\n            <\/div>\n        <\/div>\n    <\/section>\n\n\n<section\n    class=\"py-5 md:py-20 align wp-block-image-text-block has-background has-bg-light-gray-background-color\"\n>\n    <div\n        class=\"container\"\n    >\n                    <h2 class='h1 text-dark mb-5 max-w-190'>\n            Sveikatos ir saugos prioritetai \u201eRail Baltica\u201c projekte\n        <\/h2>\n        \n\n                    <div\n                class=\"flex flex-col gap-5\"\n            >\n                                    <div\n    class=\"flex items-center gap-4 bg-white rounded p-4 max-md:flex-col md:gap-10 lg:gap-20\"\n>\n    <div\n        class=\"relative overflow-hidden rounded z-10 w-full pb-[66%] flex-1 md:pb-[33%] group\"\n            >\n        \n                    <img decoding=\"async\"\n        src=\"https:\/\/www.railbaltica.org\/wp-content\/uploads\/2025\/07\/e35441dc358ec61a54e1feb3bae1baf4e7acc82e-scaled.jpg\"\n        alt=\"e35441dc358ec61a54e1feb3bae1baf4e7acc82e\"\n         title=\"e35441dc358ec61a54e1feb3bae1baf4e7acc82e\"         class=\"block img-cover duration-300 group-hover:scale-[1.05]\"\n        loading=\"lazy\"\n    \/>\n            <\/div>\n    <div\n        class=\"text-dark flex-1 md:text-xl\"\n    >\n                                    <h2 class='h2 mb-2 md:mb-5'>\n            Nulinis nelaiming\u0173 atsitikim\u0173 skai\u010dius darbo vietoje\n        <\/h2>\n                    \n                    <div\n                class=\"mb-4\"\n            ><p>\u201eRail Baltica\u201c nori pasiekti nulinio nelaiming\u0173 atsitikim\u0173 darbo vietoje tiksl\u0105. \u0160is ambicingas tikslas atspindi m\u016bs\u0173 tvirt\u0105 \u012fsipareigojim\u0105 u\u017etikrinti, kad b\u016bt\u0173 nustatyta, suma\u017einta ir pa\u0161alinta visa galima rizika. Bet kurio nelaimingo atsitikimo galima i\u0161vengti, tod\u0117l stengiam\u0117s, kad sauga tapt\u0173 kiekvieno sprendimo ir veiksmo kertiniu akmeniu per vis\u0105 projekto gyvavimo cikl\u0105.<\/p>\n<\/div>\n        \n\n                    <\/div>\n<\/div>\n                                    <div\n    class=\"flex items-center gap-4 bg-white rounded p-4 max-md:flex-col md:gap-10 md:flex-row-reverse lg:gap-20\"\n>\n    <div\n        class=\"relative overflow-hidden rounded z-10 w-full pb-[66%] flex-1 md:pb-[33%] group\"\n            >\n        \n                    <img decoding=\"async\"\n        src=\"https:\/\/www.railbaltica.org\/wp-content\/uploads\/2025\/07\/2ea637bbdc9acf6da776e07166bd872ceac3b2c3-scaled.jpg\"\n        alt=\"2ea637bbdc9acf6da776e07166bd872ceac3b2c3\"\n         title=\"2ea637bbdc9acf6da776e07166bd872ceac3b2c3\"         class=\"block img-cover duration-300 group-hover:scale-[1.05]\"\n        loading=\"lazy\"\n    \/>\n            <\/div>\n    <div\n        class=\"text-dark flex-1 md:text-xl\"\n    >\n                                    <h2 class='h2 mb-2 md:mb-5'>\n            Suinteresuot\u0173j\u0173 \u0161ali\u0173 dalyvavimas ir atsakomyb\u0117\n        <\/h2>\n                    \n                    <div\n                class=\"mb-4\"\n            ><p>\u201eRail Baltica\u201c darbuotoj\u0173 sveikata ir sauga yra bendra atsakomyb\u0117. Visos suinteresuotosios \u0161alys &#8211; darbuotojai, rangovai ir vadovyb\u0117 &#8211; prisiimdami atskaitomyb\u0119 aktyviai kuria saugi\u0105 aplink\u0105 bendraudami, rengdami mokymus.<\/p>\n<\/div>\n        \n\n                    <\/div>\n<\/div>\n                                    <div\n    class=\"flex items-center gap-4 bg-white rounded p-4 max-md:flex-col md:gap-10 lg:gap-20\"\n>\n    <div\n        class=\"relative overflow-hidden rounded z-10 w-full pb-[66%] flex-1 md:pb-[33%] group\"\n            >\n        \n                    <img decoding=\"async\"\n        src=\"https:\/\/www.railbaltica.org\/wp-content\/uploads\/2025\/07\/Frame-315.png\"\n        alt=\"Frame 315\"\n         title=\"Frame 315\"         class=\"block img-cover duration-300 group-hover:scale-[1.05]\"\n        loading=\"lazy\"\n    \/>\n            <\/div>\n    <div\n        class=\"text-dark flex-1 md:text-xl\"\n    >\n                                    <h2 class='h2 mb-2 md:mb-5'>\n            Nuolatinis tobulinimas ir geroji praktika\n        <\/h2>\n                    \n                    <div\n                class=\"mb-4\"\n            ><p>\u201eRail Baltica\u201c yra \u012fsipareigoj\u0119 gerinti sveikat\u0105 ir saug\u0105 per vis\u0105 projekto gyvavimo cikl\u0105 \u2013 nuo statybos iki b\u016bsimos eksploatacijos. Mes teikiame pirmenyb\u0119 vis\u0173 dalyvaujan\u010di\u0173j\u0173 gerovei, mokydamiesi i\u0161 incident\u0173, vertindami rizik\u0105 ir taikydami pa\u017eangiausias saugos technologijas bei ger\u0105j\u0105 praktik\u0105, u\u017etikrindami saugi\u0105 ir patikim\u0105 gele\u017einkeli\u0173 eksploatacij\u0105.<\/p>\n<\/div>\n        \n\n                    <\/div>\n<\/div>\n                            <\/div>\n        \n    <\/div>\n<\/section>\n\n\n<section\n    class=\"py-10 overflow-hidden md:py-20 align wp-block-latest-news-block has-background has-bg-light-gray-background-color !pt-[0]\"\n>\n    <div\n        class=\"container\"\n    >\n        <div\n            class=\"border-blue-3 mb-5 flex items-center justify-between sm:border-b sm:pb-\"\n        >\n\n            <h2 class='text-dark h2'>\n            Naujienos apie sveikat\u0105 ir saug\u0105\n        <\/h2>\n\n\n            <a\n        href=\"\/news\"\n                class=\"group text-blue-3 hidden items-center gap-2.5 text-sm text-dark sm:flex\"\n    >\n        <svg\n                        class=\"duration-200 group-hover:translate-x-0.5\"\n                        width=\"32\"\n                        height=\"9\"\n                        viewBox=\"0 0 32 9\"\n                        fill=\"none\"\n                        xmlns=\"http:\/\/www.w3.org\/2000\/svg\"\n                    >\n                        <path\n                            class=\"fill-dark\"\n                            d=\"M31.3536 4.85355C31.5488 4.65829 31.5488 4.34171 31.3536 4.14644L28.1716 0.964464C27.9763 0.769201 27.6597 0.769201 27.4645 0.964464C27.2692 1.15973 27.2692 1.47631 27.4645 1.67157L30.2929 4.5L27.4645 7.32842C27.2692 7.52369 27.2692 7.84027 27.4645 8.03553C27.6597 8.23079 27.9763 8.23079 28.1716 8.03553L31.3536 4.85355ZM4.37114e-08 5L31 5L31 4L-4.37114e-08 4L4.37114e-08 5Z\"\n                            fill=\"#3398DB\"\n                        \/>\n                    <\/svg>\n        Skaityti visk\u0105\n        \n        \n    <\/a>\n\n        <\/div>\n                    <div\n                class=\"swiper !-mx-16 !px-16 before:absolute before:bottom-0 before:left-0 before:top-0 before:z-10 before:w-14 before:bg-[linear-gradient(270deg,rgba(0,55,135,0)_13.71%,#F8F8F8_84.96%)] after:absolute after:bottom-0 after:right-0 after:top-0 after:z-10 after:w-14 after:bg-[linear-gradient(90deg,rgba(0,55,135,0)_13.71%,#F8F8F8_84.96%)]\"\n            >\n                <div\n                    class=\"swiper-wrapper\"\n                >\n                                            <div\n                            class=\"swiper-slide !h-auto\"\n                        >\n                            <div\n        class=\"relative !flex flex-col items-start px-4  py-5 h-full border border-blue-3 rounded md:text-xl overflow-hidden z-10 md:min-h-[374px] md:px-10 md:py-8 text-white before:absolute before:inset-0 before:-z-[1] before:bg-dark\/50 after:absolute after:inset-0 after:-z-[2] after:bg-[linear-gradient(140deg,_#003787_33.36%,_rgba(0,55,135,0)_73.6%)]\"\n    >\n\n                    <img decoding=\"async\"\n                class=\"img-cover h-full\"\n                src=\"https:\/\/www.railbaltica.org\/wp-content\/uploads\/2025\/07\/Web-page_featured-1-1.png\"\n                alt=\"Visi\u0161kai naujo tinklo k\u016brimas \u2013 galimyb\u0117 taikyti pa\u017eangiausias technologijas\"\n            \/>\n        \n        <time\n            datetime=\"2021-11-19T10:59:07+02:00\"\n            class=\"mb-2.5 flex w-full border-b border-blue-3 pb-2.5\"\n        >\n            19.11.2021\n        <\/time>\n\n        <a\n        href=\"https:\/\/www.railbaltica.org\/lt\/naujienos\/visiskai-naujo-tinklo-kurimas-galimybe-taikyti-pazangiausias-technologijas\/\"\n                class=\"h2 mb-5\"\n    >\n        \n        Visi\u0161kai naujo tinklo k\u016brimas \u2013 galimyb\u0117 taikyti pa\u017eangiausias technologijas\n        \n        \n    <\/a>\n\n                    <p\n                class=\"mb-5 line-clamp-3 md:mb-13\"\n            >\n                T\u0119siant \u201eRB Rail AS\u201c partneri\u0173 straipsni\u0173 serij\u0105, \u0161\u012fkart kalbinome Alfredo Ingletti, kuris yra vienas i\u0161 Italijos in\u017einerijos bendrov\u0117s \u201e3TI Progetti\u201c&#8230;\n            <\/p>\n        \n\n        <a\n        href=\"https:\/\/www.railbaltica.org\/lt\/naujienos\/visiskai-naujo-tinklo-kurimas-galimybe-taikyti-pazangiausias-technologijas\/\"\n                class=\"mt-auto btn-outline-white\"\n    >\n        \n        Skaityti daugiau\n        \n        \n    <\/a>\n    <\/div>\n                        <\/div>\n                                    <\/div>\n\n                <div\n                    class=\"swiper-pagination !relative !top-0 mt-5 px-10 max-md:!hidden xl:!hidden\"\n                ><\/div>\n            <\/div>\n        \n        <a\n        href=\"\/news\"\n                class=\"btn-outline-white mt-5 flex w-full justify-center sm:hidden btn-outline-dark\"\n    >\n        \n        Skaityti visk\u0105\n        \n        \n    <\/a>\n    <\/div>\n<\/section>\n","protected":false},"excerpt":{"rendered":"","protected":false},"author":1,"featured_media":0,"parent":0,"menu_order":0,"comment_status":"closed","ping_status":"closed","template":"","meta":{"_acf_changed":false,"footnotes":""},"class_list":["post-30270","page","type-page","status-publish","hentry"],"acf":[],"yoast_head":"<!-- This site is optimized with the Yoast SEO plugin v27.4 - https:\/\/yoast.com\/product\/yoast-seo-wordpress\/ -->\n<title>Sveikata ir sauga - RB<\/title>\n<meta name=\"description\" content=\"Su\u017einokite, kaip \u201eRail Baltica\u201c u\u017etikrina saug\u0105 ir sveikat\u0105 statybose bei visoje savo veikloje.\" \/>\n<meta name=\"robots\" content=\"index, follow, max-snippet:-1, max-image-preview:large, max-video-preview:-1\" \/>\n<link rel=\"canonical\" href=\"https:\/\/www.railbaltica.org\/lt\/sveikata-ir-sauga\/\" \/>\n<meta property=\"og:locale\" content=\"lt_LT\" \/>\n<meta property=\"og:type\" content=\"article\" \/>\n<meta property=\"og:title\" content=\"Sveikata ir sauga - RB\" \/>\n<meta property=\"og:description\" content=\"Su\u017einokite, kaip \u201eRail Baltica\u201c u\u017etikrina saug\u0105 ir sveikat\u0105 statybose bei visoje savo veikloje.\" \/>\n<meta property=\"og:url\" content=\"https:\/\/www.railbaltica.org\/lt\/sveikata-ir-sauga\/\" \/>\n<meta property=\"og:site_name\" content=\"RB\" \/>\n<meta property=\"article:modified_time\" content=\"2026-02-10T05:27:23+00:00\" \/>\n<meta name=\"twitter:card\" content=\"summary_large_image\" \/>\n<script type=\"application\/ld+json\" class=\"yoast-schema-graph\">{\"@context\":\"https:\\\/\\\/schema.org\",\"@graph\":[{\"@type\":\"WebPage\",\"@id\":\"https:\\\/\\\/www.railbaltica.org\\\/lt\\\/sveikata-ir-sauga\\\/\",\"url\":\"https:\\\/\\\/www.railbaltica.org\\\/lt\\\/sveikata-ir-sauga\\\/\",\"name\":\"Sveikata ir sauga - RB\",\"isPartOf\":{\"@id\":\"https:\\\/\\\/www.railbaltica.org\\\/#website\"},\"datePublished\":\"2025-06-27T08:27:09+00:00\",\"dateModified\":\"2026-02-10T05:27:23+00:00\",\"description\":\"Su\u017einokite, kaip \u201eRail Baltica\u201c u\u017etikrina saug\u0105 ir sveikat\u0105 statybose bei visoje savo veikloje.\",\"breadcrumb\":{\"@id\":\"https:\\\/\\\/www.railbaltica.org\\\/lt\\\/sveikata-ir-sauga\\\/#breadcrumb\"},\"inLanguage\":\"lt-LT\",\"potentialAction\":[{\"@type\":\"ReadAction\",\"target\":[\"https:\\\/\\\/www.railbaltica.org\\\/lt\\\/sveikata-ir-sauga\\\/\"]}]},{\"@type\":\"BreadcrumbList\",\"@id\":\"https:\\\/\\\/www.railbaltica.org\\\/lt\\\/sveikata-ir-sauga\\\/#breadcrumb\",\"itemListElement\":[{\"@type\":\"ListItem\",\"position\":1,\"name\":\"Home\",\"item\":\"https:\\\/\\\/www.railbaltica.org\\\/lt\\\/\"},{\"@type\":\"ListItem\",\"position\":2,\"name\":\"Sveikata ir sauga\"}]},{\"@type\":\"WebSite\",\"@id\":\"https:\\\/\\\/www.railbaltica.org\\\/#website\",\"url\":\"https:\\\/\\\/www.railbaltica.org\\\/\",\"name\":\"RB\",\"description\":\"\",\"potentialAction\":[{\"@type\":\"SearchAction\",\"target\":{\"@type\":\"EntryPoint\",\"urlTemplate\":\"https:\\\/\\\/www.railbaltica.org\\\/?s={search_term_string}\"},\"query-input\":{\"@type\":\"PropertyValueSpecification\",\"valueRequired\":true,\"valueName\":\"search_term_string\"}}],\"inLanguage\":\"lt-LT\"}]}<\/script>\n<!-- \/ Yoast SEO plugin. -->","yoast_head_json":{"title":"Sveikata ir sauga - RB","description":"Su\u017einokite, kaip \u201eRail Baltica\u201c u\u017etikrina saug\u0105 ir sveikat\u0105 statybose bei visoje savo veikloje.","robots":{"index":"index","follow":"follow","max-snippet":"max-snippet:-1","max-image-preview":"max-image-preview:large","max-video-preview":"max-video-preview:-1"},"canonical":"https:\/\/www.railbaltica.org\/lt\/sveikata-ir-sauga\/","og_locale":"lt_LT","og_type":"article","og_title":"Sveikata ir sauga - RB","og_description":"Su\u017einokite, kaip \u201eRail Baltica\u201c u\u017etikrina saug\u0105 ir sveikat\u0105 statybose bei visoje savo veikloje.","og_url":"https:\/\/www.railbaltica.org\/lt\/sveikata-ir-sauga\/","og_site_name":"RB","article_modified_time":"2026-02-10T05:27:23+00:00","twitter_card":"summary_large_image","schema":{"@context":"https:\/\/schema.org","@graph":[{"@type":"WebPage","@id":"https:\/\/www.railbaltica.org\/lt\/sveikata-ir-sauga\/","url":"https:\/\/www.railbaltica.org\/lt\/sveikata-ir-sauga\/","name":"Sveikata ir sauga - RB","isPartOf":{"@id":"https:\/\/www.railbaltica.org\/#website"},"datePublished":"2025-06-27T08:27:09+00:00","dateModified":"2026-02-10T05:27:23+00:00","description":"Su\u017einokite, kaip \u201eRail Baltica\u201c u\u017etikrina saug\u0105 ir sveikat\u0105 statybose bei visoje savo veikloje.","breadcrumb":{"@id":"https:\/\/www.railbaltica.org\/lt\/sveikata-ir-sauga\/#breadcrumb"},"inLanguage":"lt-LT","potentialAction":[{"@type":"ReadAction","target":["https:\/\/www.railbaltica.org\/lt\/sveikata-ir-sauga\/"]}]},{"@type":"BreadcrumbList","@id":"https:\/\/www.railbaltica.org\/lt\/sveikata-ir-sauga\/#breadcrumb","itemListElement":[{"@type":"ListItem","position":1,"name":"Home","item":"https:\/\/www.railbaltica.org\/lt\/"},{"@type":"ListItem","position":2,"name":"Sveikata ir sauga"}]},{"@type":"WebSite","@id":"https:\/\/www.railbaltica.org\/#website","url":"https:\/\/www.railbaltica.org\/","name":"RB","description":"","potentialAction":[{"@type":"SearchAction","target":{"@type":"EntryPoint","urlTemplate":"https:\/\/www.railbaltica.org\/?s={search_term_string}"},"query-input":{"@type":"PropertyValueSpecification","valueRequired":true,"valueName":"search_term_string"}}],"inLanguage":"lt-LT"}]}},"_links":{"self":[{"href":"https:\/\/www.railbaltica.org\/lt\/wp-json\/wp\/v2\/pages\/30270","targetHints":{"allow":["GET"]}}],"collection":[{"href":"https:\/\/www.railbaltica.org\/lt\/wp-json\/wp\/v2\/pages"}],"about":[{"href":"https:\/\/www.railbaltica.org\/lt\/wp-json\/wp\/v2\/types\/page"}],"author":[{"embeddable":true,"href":"https:\/\/www.railbaltica.org\/lt\/wp-json\/wp\/v2\/users\/1"}],"replies":[{"embeddable":true,"href":"https:\/\/www.railbaltica.org\/lt\/wp-json\/wp\/v2\/comments?post=30270"}],"version-history":[{"count":6,"href":"https:\/\/www.railbaltica.org\/lt\/wp-json\/wp\/v2\/pages\/30270\/revisions"}],"predecessor-version":[{"id":36540,"href":"https:\/\/www.railbaltica.org\/lt\/wp-json\/wp\/v2\/pages\/30270\/revisions\/36540"}],"wp:attachment":[{"href":"https:\/\/www.railbaltica.org\/lt\/wp-json\/wp\/v2\/media?parent=30270"}],"curies":[{"name":"wp","href":"https:\/\/api.w.org\/{rel}","templated":true}]}}