{"id":29730,"date":"2025-07-07T14:38:36","date_gmt":"2025-07-07T14:38:36","guid":{"rendered":"https:\/\/www.railbaltica.org\/e-procurement-system\/"},"modified":"2025-08-29T06:15:03","modified_gmt":"2025-08-29T06:15:03","slug":"e-viesuju-pirkimu-sistema","status":"publish","type":"page","link":"https:\/\/www.railbaltica.org\/lt\/partneriams\/e-viesuju-pirkimu-sistema\/","title":{"rendered":"E. vie\u0161\u0173j\u0173 pirkim\u0173 sistema"},"content":{"rendered":"<section\n    class=\"align wp-block-hero-block relative flex overflow-hidden z-10 bg-blue\"\n>\n            \n        <div\n            class=\"w-full min-h-175 md:min-h-225\"\n        >\n                            <img decoding=\"async\"\n        src=\"https:\/\/www.railbaltica.org\/wp-content\/uploads\/2025\/07\/0cb11fd0f87af87bcae83275b260e0d19c96a16f-scaled.jpg\"\n        alt=\"0cb11fd0f87af87bcae83275b260e0d19c96a16f\"\n         title=\"0cb11fd0f87af87bcae83275b260e0d19c96a16f\"         class=\"block absolute object-cover size-full pointer-events-none -z-10\"\n        loading=\"lazy\"\n    \/>\n            \n            <div\n                class=\"container pt-25 flex pb-5 h-full md:pt-55 md:pb-10 lg:!px-14\"\n            >\n                <div\n                    class=\"bg-dark\/75 mt-auto flex w-full flex-col items-start gap-4 rounded p-4 text-white md:gap-5 md:p-10\"\n                >\n                                                                \n                    \n                    <h1 class='h1 max-w-160'>\n            E. vie\u0161\u0173j\u0173 pirkim\u0173 sistema\n        <\/h1>\n\n                    \n                    \n                    \n                                    <\/div>\n            <\/div>\n        <\/div>\n    <\/section>\n\n\n<section\n    class=\"py-5 md:py-10 align wp-block-textual-block has-background has-bg-white-background-color !pb-[0]\"\n>\n    <div\n        class=\"container\"\n    >\n        <div\n            class=\"textual w-full text-xl text-dark break-words [&#038;_span]:!text-dark [&#038;_a]:!text-dark\"\n        >\n                            <p>Pagal Latvijos vie\u0161\u0173j\u0173 pirkim\u0173 \u012fstatym\u0105, visi \u201eRail Baltica\u201c konkursai, kuriuos administruoja \u201eRB Rail AS\u201c, turi b\u016bti pateikiami per nemokam\u0105 elektronin\u0119 vie\u0161\u0173j\u0173 pirkim\u0173 sistem\u0105 (EPS) ir jos e. konkurs\u0173 posistem\u012f, kuris pakei\u010dia tradicinius konkursus, kuriems naudojami popieriniai dokumentai.<\/p>\n<p>Visi Latvijoje registruoti perkan\u010diosios organizacijos, \u012fskaitant RB Rail AS, privalo naudoti Elektronin\u0119 pirkim\u0173 sistem\u0105 visiems vie\u0161iesiems pirkimams.<\/p>\n<p>Kvie\u010diame tiek\u0117jus registruotis EPS, kad gal\u0117tum\u0117te susipa\u017einti su esamais ir b\u016bsimais konkursais. Norint dalyvauti elektroniniame konkurso procese, b\u016btina u\u017esiregistruoti.<\/p>\n<p>EPS supaprastina vie\u0161uosius pirkimus, suma\u017eindama administracines i\u0161laidas, pagreitindama konkurso proces\u0105 ir u\u017etikrindama didesn\u012f skaidrum\u0105. Ji taip pat prisideda prie Latvijos tiksl\u0173 \u2013 skaitmeninimo ir gero valdymo \u2013 \u012fgyvendinimo.<\/p>\n\n                    <\/div>\n    <\/div>\n<\/section>\n\n\n<section\n    class=\"py-5 md:py-10 align wp-block-eps-registration-block has-background has-bg-white-background-color !pb-[0]\"\n>\n    <div\n        class=\"container\"\n    >\n        <div\n            class=\"flex flex-col gap-8 bg-white border border-gray-4 text-xl rounded p-4 md:gap-15 md:p-10\"\n        >\n            <div>\n                <h2 class='h1 mb-5 text-dark'>\n            EPS registracijos proced\u016bra\n        <\/h2>\n                                    <div\n                        class=\"text-dark text-xl\"\n                    >\n                        <p>Nor\u0117dami u\u017esiregistruoti EPS, tiek\u0117jai turi pateikti \u0161iuos dokumentus Valstybinei regionin\u0117s pl\u0117tros agent\u016brai (VRRA):<\/p>\n\n                    <\/div>\n                \n            <\/div>\n\n                            <div\n                    class=\"flex flex-col gap-5\"\n                >\n                                                                    <div\n                            class=\"min-h-23 flex gap-5\"\n                        >\n                            <div\n                                class=\"relative after:absolute after:left-1\/2 after:top-12 after:w-px after:h-[calc(100%-3rem)] after:bg-gray-1\"\n                            >\n                                                                    <img decoding=\"async\"\n                                        src=\"https:\/\/www.railbaltica.org\/wp-content\/uploads\/2025\/07\/eps-reg-step-1.svg\"\n                                        alt=\"1 \u017eingsnis: Pateikti EPS naudotojo registracijos form\u0105 (privaloma)\"\n                                        class='h-10 w-10'\n                                    >\n                                                            <\/div>\n                            <div\n                                class='flex-1'\n                            >\n                                <div\n                                    class='mb-3 flex flex-wrap items-center gap-5'\n                                >\n                                                                            <h3 class='text-xl text-dark'>\n            1 \u017eingsnis: Pateikti EPS naudotojo registracijos form\u0105 (privaloma)\n        <\/h3>\n                                    \n                                                                            <span\n                                            class='rounded border border-gray-1 px-2.5 py-1 text-sm text-blue-2'\n                                        > * Privaloma<\/span>\n                                                                    <\/div>\n                                                                    <div\n                                        class=\"text-blue-6 text-lg [&#038;_a]:underline\"\n                                    >\n                                        <p>EPS naudotojo registracijos form\u0105, pasira\u0161yt\u0105 tiek\u0117jo \u012fgalioto atstovo, pateikti Valstybinei regionin\u0117s pl\u0117tros agent\u016brai (VRRA).<\/p>\n\n                                    <\/div>\n                                                            <\/div>\n                        <\/div>\n                                                                    <div\n                            class=\"min-h-23 flex gap-5\"\n                        >\n                            <div\n                                class=\"relative after:absolute after:left-1\/2 after:top-12 after:w-px after:h-[calc(100%-3rem)] after:bg-gray-1\"\n                            >\n                                                                    <img decoding=\"async\"\n                                        src=\"https:\/\/www.railbaltica.org\/wp-content\/uploads\/2025\/07\/eps-reg-step-2.svg\"\n                                        alt=\"2 \u017eingsnis: Gauti \u012fgaliojim\u0105 veikti kaip e. pirkim\u0173 administratorius (privaloma)\"\n                                        class='h-10 w-10'\n                                    >\n                                                            <\/div>\n                            <div\n                                class='flex-1'\n                            >\n                                <div\n                                    class='mb-3 flex flex-wrap items-center gap-5'\n                                >\n                                                                            <h3 class='text-xl text-dark'>\n            2 \u017eingsnis: Gauti \u012fgaliojim\u0105 veikti kaip e. pirkim\u0173 administratorius (privaloma)\n        <\/h3>\n                                    \n                                                                            <span\n                                            class='rounded border border-gray-1 px-2.5 py-1 text-sm text-blue-2'\n                                        > * Privaloma<\/span>\n                                                                    <\/div>\n                                                                    <div\n                                        class=\"text-blue-6 text-lg [&#038;_a]:underline\"\n                                    >\n                                        <p>\u012egaliojimas turi b\u016bti pasira\u0161ytas tiek \u012fgalioto atstovo, tiek asmens, kuris bus \u012fgaliotas veikti kaip e. pirkim\u0173 administratorius.<\/p>\n\n                                    <\/div>\n                                                            <\/div>\n                        <\/div>\n                                                                    <div\n                            class=\"min-h-23 flex gap-5\"\n                        >\n                            <div\n                                class=\"relative after:absolute after:left-1\/2 after:top-12 after:w-px after:h-[calc(100%-3rem)] after:bg-gray-1\"\n                            >\n                                                                    <img decoding=\"async\"\n                                        src=\"https:\/\/www.railbaltica.org\/wp-content\/uploads\/2025\/07\/eps-reg-step-3.svg\"\n                                        alt=\"3 \u017eingsnis: Pateikti u\u017epildytas formas (privaloma)\"\n                                        class='h-10 w-10'\n                                    >\n                                                            <\/div>\n                            <div\n                                class='flex-1'\n                            >\n                                <div\n                                    class='mb-3 flex flex-wrap items-center gap-5'\n                                >\n                                                                            <h3 class='text-xl text-dark'>\n            3 \u017eingsnis: Pateikti u\u017epildytas formas (privaloma)\n        <\/h3>\n                                    \n                                                                            <span\n                                            class='rounded border border-gray-1 px-2.5 py-1 text-sm text-blue-2'\n                                        > * Privaloma<\/span>\n                                                                    <\/div>\n                                                                    <div\n                                        class=\"text-blue-6 text-lg [&#038;_a]:underline\"\n                                    >\n                                        <p>U\u017epildytas formas galima pateikti spausdint\u0105ja forma arba elektroniniu b\u016bdu su saugiu elektroniniu para\u0161u el. pa\u0161tu:<a href=\"mailto:pasts@vraa.gov.lv\"> pasts@vraa.gov.lv<\/a><\/p>\n\n                                    <\/div>\n                                                            <\/div>\n                        <\/div>\n                                                                    <div\n                            class=\"min-h-23 flex gap-5\"\n                        >\n                            <div\n                                class=\"relative\"\n                            >\n                                                                    <img decoding=\"async\"\n                                        src=\"https:\/\/www.railbaltica.org\/wp-content\/uploads\/2025\/07\/eps-reg-step-4.svg\"\n                                        alt=\"4 \u017eingsnis: Gauti prisijungimo duomenis (privaloma)\"\n                                        class='h-10 w-10'\n                                    >\n                                                            <\/div>\n                            <div\n                                class='flex-1'\n                            >\n                                <div\n                                    class='mb-3 flex flex-wrap items-center gap-5'\n                                >\n                                                                            <h3 class='text-xl text-dark'>\n            4 \u017eingsnis: Gauti prisijungimo duomenis (privaloma)\n        <\/h3>\n                                    \n                                                                            <span\n                                            class='rounded border border-gray-1 px-2.5 py-1 text-sm text-blue-2'\n                                        > * Privaloma<\/span>\n                                                                    <\/div>\n                                                                    <div\n                                        class=\"text-blue-6 text-lg [&#038;_a]:underline\"\n                                    >\n                                        <p>Gavusi dokumentus, VRRA \u012fregistruoja organizacij\u0105 EPS sistemoje ir sukuria naudotoj\u0105, kuriam suteikiamas tiek\u0117jo administratoriaus vaidmuo. Prisijungimo duomenys \u2013 vartotojo vardas, slapta\u017eodis ir kod\u0173 kortel\u0117 \u2013 administratoriams i\u0161siun\u010diami el. pa\u0161tu.<\/p>\n\n                                    <\/div>\n                                                            <\/div>\n                        <\/div>\n                                    <\/div>\n            \n            <div>\n                                    <div\n                        class=\"text-dark\"\n                    ><p>Reikalingos parai\u0161k\u0173 formos angl\u0173 kalba:<\/p>\n<\/div>\n                \n                                    <a\n        href=\"https:\/\/www.railbaltica.org\/wp-content\/uploads\/2025\/07\/EIS_participants_registration_forms_doc-1.zip\"\n         target=\"_blank\" rel=\"noopener noreferrer\"         class=\"btn-dark mt-2.5\"\n    >\n        \n        Registruotis dabar\n        \n        \n    <\/a>\n                            <\/div>\n        <\/div>\n    <\/div>\n<\/section>\n\n\n<section\n    class=\"py-5 md:py-10 align wp-block-additional-resources-block has-background has-bg-white-background-color\"\n>\n    <div\n        class=\"container flex flex-col gap-5\"\n    >\n                    <h1 class='h2 text-dark'>\n            Papildomi i\u0161tekliai\n        <\/h1>\n                            <div\n                class=\"text-sm text-dark\"\n            >\n                <p>[1] I\u0161duota organizacijos, \u012ftrauktos \u012f Patikim\u0173 subjekt\u0173 s\u0105ra\u0161\u0105 pagal 2014 m. liepos 23 d. Europos Parlamento ir Tarybos reglament\u0105 (ES) Nr. 910\/2014<\/p>\n\n            <\/div>\n                            <div\n                class=\"grid gap-2.5 text-xl md:grid-cols-2\"\n            >\n                                    <a\n        href=\"\/\/www.vraa.gov.lv\/en\/\"\n         target=\"_blank\" rel=\"noopener noreferrer\"         class=\"p-5 bg-white text-dark border border-gray-4 rounded hover:bg-blue-4\"\n    >\n        \n        VRAA kontakti\n        \n        \n    <\/a>\n                                    <a\n        href=\"http:\/\/paligs.eis.gov.lv\/suppliers\/N_0_2.html\"\n         target=\"_blank\" rel=\"noopener noreferrer\"         class=\"p-5 bg-white text-dark border border-gray-4 rounded hover:bg-blue-4\"\n    >\n        \n        Detaliz\u0113ta rokasgr\u0101mata e-iepirkumu apak\u0161sist\u0113mai\n        \n        \n    <\/a>\n                                    <a\n        href=\"https:\/\/www.eis.gov.lv\/EKEIS\/Publication\/View\/1063?subsystemCode=KON\"\n         target=\"_blank\" rel=\"noopener noreferrer\"         class=\"p-5 bg-white text-dark border border-gray-4 rounded hover:bg-blue-4\"\n    >\n        \n        Visp\u0101r\u012bgi jaut\u0101jumi par e-iepirkumu apak\u0161sist\u0113mas lieto\u0161anu\n        \n        \n    <\/a>\n                                    <a\n        href=\"https:\/\/www.eis.gov.lv\/EIS\/Publications\/PublicationView.aspx?PublicationId=1444\"\n         target=\"_blank\" rel=\"noopener noreferrer\"         class=\"p-5 bg-white text-dark border border-gray-4 rounded hover:bg-blue-4\"\n    >\n        \n        Eiropas vienot\u0101 iepirkumu dokumenta (ESPD) izmanto\u0161ana e-iepirkumu apak\u0161sist\u0113m\u0101\n        \n        \n    <\/a>\n                            <\/div>\n            <\/div>\n<\/section>\n","protected":false},"excerpt":{"rendered":"","protected":false},"author":1,"featured_media":0,"parent":30258,"menu_order":0,"comment_status":"closed","ping_status":"closed","template":"","meta":{"_acf_changed":false,"footnotes":""},"class_list":["post-29730","page","type-page","status-publish","hentry"],"acf":[],"yoast_head":"<!-- This site is optimized with the Yoast SEO plugin v27.4 - https:\/\/yoast.com\/product\/yoast-seo-wordpress\/ -->\n<title>E. vie\u0161\u0173j\u0173 pirkim\u0173 sistema - RB<\/title>\n<meta name=\"description\" content=\"Prisijunkite prie elektronin\u0117s vie\u0161\u0173j\u0173 pirkim\u0173 sistemos (EPS) ir tvarkykite konkursus skaitmeniniu b\u016bdu kartu su \u201eRail Baltica\u201c.\" \/>\n<meta name=\"robots\" content=\"index, follow, max-snippet:-1, max-image-preview:large, max-video-preview:-1\" \/>\n<link rel=\"canonical\" href=\"https:\/\/www.railbaltica.org\/for-partners\/e-procurement-system\/\" \/>\n<meta property=\"og:locale\" content=\"lt_LT\" \/>\n<meta property=\"og:type\" content=\"article\" \/>\n<meta property=\"og:title\" content=\"E. vie\u0161\u0173j\u0173 pirkim\u0173 sistema - RB\" \/>\n<meta property=\"og:description\" content=\"Prisijunkite prie elektronin\u0117s vie\u0161\u0173j\u0173 pirkim\u0173 sistemos (EPS) ir tvarkykite konkursus skaitmeniniu b\u016bdu kartu su \u201eRail Baltica\u201c.\" \/>\n<meta property=\"og:url\" content=\"https:\/\/www.railbaltica.org\/for-partners\/e-procurement-system\/\" \/>\n<meta property=\"og:site_name\" content=\"RB\" \/>\n<meta property=\"article:modified_time\" content=\"2025-08-29T06:15:03+00:00\" \/>\n<meta name=\"twitter:card\" content=\"summary_large_image\" \/>\n<script type=\"application\/ld+json\" class=\"yoast-schema-graph\">{\"@context\":\"https:\\\/\\\/schema.org\",\"@graph\":[{\"@type\":\"WebPage\",\"@id\":\"https:\\\/\\\/www.railbaltica.org\\\/for-partners\\\/e-procurement-system\\\/\",\"url\":\"https:\\\/\\\/www.railbaltica.org\\\/for-partners\\\/e-procurement-system\\\/\",\"name\":\"E. vie\u0161\u0173j\u0173 pirkim\u0173 sistema - RB\",\"isPartOf\":{\"@id\":\"https:\\\/\\\/www.railbaltica.org\\\/#website\"},\"datePublished\":\"2025-07-07T14:38:36+00:00\",\"dateModified\":\"2025-08-29T06:15:03+00:00\",\"description\":\"Prisijunkite prie elektronin\u0117s vie\u0161\u0173j\u0173 pirkim\u0173 sistemos (EPS) ir tvarkykite konkursus skaitmeniniu b\u016bdu kartu su \u201eRail Baltica\u201c.\",\"breadcrumb\":{\"@id\":\"https:\\\/\\\/www.railbaltica.org\\\/for-partners\\\/e-procurement-system\\\/#breadcrumb\"},\"inLanguage\":\"lt-LT\",\"potentialAction\":[{\"@type\":\"ReadAction\",\"target\":[\"https:\\\/\\\/www.railbaltica.org\\\/for-partners\\\/e-procurement-system\\\/\"]}]},{\"@type\":\"BreadcrumbList\",\"@id\":\"https:\\\/\\\/www.railbaltica.org\\\/for-partners\\\/e-procurement-system\\\/#breadcrumb\",\"itemListElement\":[{\"@type\":\"ListItem\",\"position\":1,\"name\":\"Home\",\"item\":\"https:\\\/\\\/www.railbaltica.org\\\/lt\\\/\"},{\"@type\":\"ListItem\",\"position\":2,\"name\":\"Partneriams\",\"item\":\"https:\\\/\\\/www.railbaltica.org\\\/lt\\\/partneriams\\\/\"},{\"@type\":\"ListItem\",\"position\":3,\"name\":\"E. vie\u0161\u0173j\u0173 pirkim\u0173 sistema\"}]},{\"@type\":\"WebSite\",\"@id\":\"https:\\\/\\\/www.railbaltica.org\\\/#website\",\"url\":\"https:\\\/\\\/www.railbaltica.org\\\/\",\"name\":\"RB\",\"description\":\"\",\"potentialAction\":[{\"@type\":\"SearchAction\",\"target\":{\"@type\":\"EntryPoint\",\"urlTemplate\":\"https:\\\/\\\/www.railbaltica.org\\\/?s={search_term_string}\"},\"query-input\":{\"@type\":\"PropertyValueSpecification\",\"valueRequired\":true,\"valueName\":\"search_term_string\"}}],\"inLanguage\":\"lt-LT\"}]}<\/script>\n<!-- \/ Yoast SEO plugin. -->","yoast_head_json":{"title":"E. vie\u0161\u0173j\u0173 pirkim\u0173 sistema - RB","description":"Prisijunkite prie elektronin\u0117s vie\u0161\u0173j\u0173 pirkim\u0173 sistemos (EPS) ir tvarkykite konkursus skaitmeniniu b\u016bdu kartu su \u201eRail Baltica\u201c.","robots":{"index":"index","follow":"follow","max-snippet":"max-snippet:-1","max-image-preview":"max-image-preview:large","max-video-preview":"max-video-preview:-1"},"canonical":"https:\/\/www.railbaltica.org\/for-partners\/e-procurement-system\/","og_locale":"lt_LT","og_type":"article","og_title":"E. vie\u0161\u0173j\u0173 pirkim\u0173 sistema - RB","og_description":"Prisijunkite prie elektronin\u0117s vie\u0161\u0173j\u0173 pirkim\u0173 sistemos (EPS) ir tvarkykite konkursus skaitmeniniu b\u016bdu kartu su \u201eRail Baltica\u201c.","og_url":"https:\/\/www.railbaltica.org\/for-partners\/e-procurement-system\/","og_site_name":"RB","article_modified_time":"2025-08-29T06:15:03+00:00","twitter_card":"summary_large_image","schema":{"@context":"https:\/\/schema.org","@graph":[{"@type":"WebPage","@id":"https:\/\/www.railbaltica.org\/for-partners\/e-procurement-system\/","url":"https:\/\/www.railbaltica.org\/for-partners\/e-procurement-system\/","name":"E. vie\u0161\u0173j\u0173 pirkim\u0173 sistema - RB","isPartOf":{"@id":"https:\/\/www.railbaltica.org\/#website"},"datePublished":"2025-07-07T14:38:36+00:00","dateModified":"2025-08-29T06:15:03+00:00","description":"Prisijunkite prie elektronin\u0117s vie\u0161\u0173j\u0173 pirkim\u0173 sistemos (EPS) ir tvarkykite konkursus skaitmeniniu b\u016bdu kartu su \u201eRail Baltica\u201c.","breadcrumb":{"@id":"https:\/\/www.railbaltica.org\/for-partners\/e-procurement-system\/#breadcrumb"},"inLanguage":"lt-LT","potentialAction":[{"@type":"ReadAction","target":["https:\/\/www.railbaltica.org\/for-partners\/e-procurement-system\/"]}]},{"@type":"BreadcrumbList","@id":"https:\/\/www.railbaltica.org\/for-partners\/e-procurement-system\/#breadcrumb","itemListElement":[{"@type":"ListItem","position":1,"name":"Home","item":"https:\/\/www.railbaltica.org\/lt\/"},{"@type":"ListItem","position":2,"name":"Partneriams","item":"https:\/\/www.railbaltica.org\/lt\/partneriams\/"},{"@type":"ListItem","position":3,"name":"E. vie\u0161\u0173j\u0173 pirkim\u0173 sistema"}]},{"@type":"WebSite","@id":"https:\/\/www.railbaltica.org\/#website","url":"https:\/\/www.railbaltica.org\/","name":"RB","description":"","potentialAction":[{"@type":"SearchAction","target":{"@type":"EntryPoint","urlTemplate":"https:\/\/www.railbaltica.org\/?s={search_term_string}"},"query-input":{"@type":"PropertyValueSpecification","valueRequired":true,"valueName":"search_term_string"}}],"inLanguage":"lt-LT"}]}},"_links":{"self":[{"href":"https:\/\/www.railbaltica.org\/lt\/wp-json\/wp\/v2\/pages\/29730","targetHints":{"allow":["GET"]}}],"collection":[{"href":"https:\/\/www.railbaltica.org\/lt\/wp-json\/wp\/v2\/pages"}],"about":[{"href":"https:\/\/www.railbaltica.org\/lt\/wp-json\/wp\/v2\/types\/page"}],"author":[{"embeddable":true,"href":"https:\/\/www.railbaltica.org\/lt\/wp-json\/wp\/v2\/users\/1"}],"replies":[{"embeddable":true,"href":"https:\/\/www.railbaltica.org\/lt\/wp-json\/wp\/v2\/comments?post=29730"}],"version-history":[{"count":5,"href":"https:\/\/www.railbaltica.org\/lt\/wp-json\/wp\/v2\/pages\/29730\/revisions"}],"predecessor-version":[{"id":34174,"href":"https:\/\/www.railbaltica.org\/lt\/wp-json\/wp\/v2\/pages\/29730\/revisions\/34174"}],"up":[{"embeddable":true,"href":"https:\/\/www.railbaltica.org\/lt\/wp-json\/wp\/v2\/pages\/30258"}],"wp:attachment":[{"href":"https:\/\/www.railbaltica.org\/lt\/wp-json\/wp\/v2\/media?parent=29730"}],"curies":[{"name":"wp","href":"https:\/\/api.w.org\/{rel}","templated":true}]}}