{"id":289,"date":"2025-06-27T08:02:35","date_gmt":"2025-06-27T08:02:35","guid":{"rendered":"https:\/\/www.railbaltica.org\/zemelapis\/"},"modified":"2026-02-09T18:52:35","modified_gmt":"2026-02-09T16:52:35","slug":"zemelapis","status":"publish","type":"page","link":"https:\/\/www.railbaltica.org\/lt\/zemelapis\/","title":{"rendered":"\u017dem\u0117lapis"},"content":{"rendered":"<section\n    class=\"align wp-block-hero-block relative flex overflow-hidden z-10 bg-blue\"\n>\n            \n        <div\n            class=\"w-full min-h-175 md:min-h-225\"\n        >\n                            <img decoding=\"async\"\n        src=\"https:\/\/www.railbaltica.org\/wp-content\/uploads\/2025\/07\/137336839bf927b7fb92f2843cea0436c94fab0e-scaled.jpg\"\n        alt=\"137336839bf927b7fb92f2843cea0436c94fab0e\"\n         title=\"137336839bf927b7fb92f2843cea0436c94fab0e\"         class=\"block absolute object-cover size-full pointer-events-none -z-10\"\n        loading=\"lazy\"\n    \/>\n            \n            <div\n                class=\"container pt-25 flex pb-5 h-full md:pt-55 md:pb-10 lg:!px-14\"\n            >\n                <div\n                    class=\"bg-dark\/75 mt-auto flex w-full flex-col items-start gap-4 rounded p-4 text-white md:gap-5 md:p-10\"\n                >\n                                                                \n                    \n                    <h1 class='h1 max-w-160'>\n            Sekite m\u016bs\u0173 pa\u017eang\u0105\n        <\/h1>\n\n                    \n                    \n                    \n                                    <\/div>\n            <\/div>\n        <\/div>\n    <\/section>\n\n\n<section\n    class=\"py-10 md:py-20 align wp-block-map-block !pb-[0]\"\n>\n    <div\n        class=\"container\"\n    >\n                            <div\n                class=\"relative\"\n            >\n                <div\n                    class=\"js-iframe-overlay absolute inset-0 z-80 bg-transparent cursor-pointer\"\n                ><\/div>\n                <iframe\n                    class=\"embed-iframe w-full h-150 flex justify-center items-center rounded border border-blue-3 md:h-200\"\n                    sandbox=\"allow-scripts allow-same-origin allow-forms allow-popups allow-presentation allow-popups-to-escape-sandbox\"\n                    allowfullscreen=\"\"\n                    allow=\"geolocation\"\n                    src=\"https:\/\/gis.railbaltica.org\/portal\/apps\/instant\/sidebar\/index.html?appid=72dac0310a394670bda434b5680030cb&amp;locale=en\"\n                ><\/iframe>\n            <\/div>\n            <\/div>\n<\/section>\n\n\n<section\n    class=\"py-5 md:py-10 align wp-block-textual-block !pt-[0]\"\n>\n    <div\n        class=\"container\"\n    >\n        <div\n            class=\"textual w-full text-xl text-dark break-words [&#038;_span]:!text-dark [&#038;_a]:!text-dark\"\n        >\n                            <p><em>Pastaba: \u0161is \u017eem\u0117lapis skirtas naudoti tik informaciniais tikslais, siekiant parodyti projekto progres\u0105, kuris \u012fvairiose projekto dalyse gali skirtis. Taip pat d\u0117l vykstan\u010di\u0173 projektavimo darb\u0173 informacija \u017eem\u0117lapyje gali keistis. Atkreipiame d\u0117mes\u012f, kad nors \u0161is turinys reguliariai atnaujinamas, \u201eRB Rail\u201c AS neprisiima atsakomyb\u0117s u\u017e informacijos atitikim\u0105 faktinei darb\u0173 eigai.<\/em><\/p>\n\n                    <\/div>\n    <\/div>\n<\/section>\n","protected":false},"excerpt":{"rendered":"","protected":false},"author":1,"featured_media":0,"parent":0,"menu_order":0,"comment_status":"closed","ping_status":"closed","template":"","meta":{"_acf_changed":false,"footnotes":""},"class_list":["post-289","page","type-page","status-publish","hentry"],"acf":[],"yoast_head":"<!-- This site is optimized with the Yoast SEO plugin v27.4 - https:\/\/yoast.com\/product\/yoast-seo-wordpress\/ -->\n<title>\u017dem\u0117lapis - RB<\/title>\n<meta name=\"description\" content=\"Interaktyvus \u017eem\u0117lapis, kuriame pavaizduotas \u201eRail Baltica\u201c mar\u0161rutas, infrastrukt\u016bra ir pagrindin\u0117s projekto dalys Baltijos \u0161alyse.\" \/>\n<meta name=\"robots\" content=\"index, follow, max-snippet:-1, max-image-preview:large, max-video-preview:-1\" \/>\n<link rel=\"canonical\" href=\"https:\/\/www.railbaltica.org\/lt\/zemelapis\/\" \/>\n<meta property=\"og:locale\" content=\"lt_LT\" \/>\n<meta property=\"og:type\" content=\"article\" \/>\n<meta property=\"og:title\" content=\"\u017dem\u0117lapis - RB\" \/>\n<meta property=\"og:description\" content=\"Interaktyvus \u017eem\u0117lapis, kuriame pavaizduotas \u201eRail Baltica\u201c mar\u0161rutas, infrastrukt\u016bra ir pagrindin\u0117s projekto dalys Baltijos \u0161alyse.\" \/>\n<meta property=\"og:url\" content=\"https:\/\/www.railbaltica.org\/lt\/zemelapis\/\" \/>\n<meta property=\"og:site_name\" content=\"RB\" \/>\n<meta property=\"article:modified_time\" content=\"2026-02-09T16:52:35+00:00\" \/>\n<meta name=\"twitter:card\" content=\"summary_large_image\" \/>\n<script type=\"application\/ld+json\" class=\"yoast-schema-graph\">{\"@context\":\"https:\\\/\\\/schema.org\",\"@graph\":[{\"@type\":\"WebPage\",\"@id\":\"https:\\\/\\\/www.railbaltica.org\\\/lt\\\/zemelapis\\\/\",\"url\":\"https:\\\/\\\/www.railbaltica.org\\\/lt\\\/zemelapis\\\/\",\"name\":\"\u017dem\u0117lapis - RB\",\"isPartOf\":{\"@id\":\"https:\\\/\\\/www.railbaltica.org\\\/#website\"},\"datePublished\":\"2025-06-27T08:02:35+00:00\",\"dateModified\":\"2026-02-09T16:52:35+00:00\",\"description\":\"Interaktyvus \u017eem\u0117lapis, kuriame pavaizduotas \u201eRail Baltica\u201c mar\u0161rutas, infrastrukt\u016bra ir pagrindin\u0117s projekto dalys Baltijos \u0161alyse.\",\"breadcrumb\":{\"@id\":\"https:\\\/\\\/www.railbaltica.org\\\/lt\\\/zemelapis\\\/#breadcrumb\"},\"inLanguage\":\"lt-LT\",\"potentialAction\":[{\"@type\":\"ReadAction\",\"target\":[\"https:\\\/\\\/www.railbaltica.org\\\/lt\\\/zemelapis\\\/\"]}]},{\"@type\":\"BreadcrumbList\",\"@id\":\"https:\\\/\\\/www.railbaltica.org\\\/lt\\\/zemelapis\\\/#breadcrumb\",\"itemListElement\":[{\"@type\":\"ListItem\",\"position\":1,\"name\":\"Home\",\"item\":\"https:\\\/\\\/www.railbaltica.org\\\/lt\\\/\"},{\"@type\":\"ListItem\",\"position\":2,\"name\":\"\u017dem\u0117lapis\"}]},{\"@type\":\"WebSite\",\"@id\":\"https:\\\/\\\/www.railbaltica.org\\\/#website\",\"url\":\"https:\\\/\\\/www.railbaltica.org\\\/\",\"name\":\"RB\",\"description\":\"\",\"potentialAction\":[{\"@type\":\"SearchAction\",\"target\":{\"@type\":\"EntryPoint\",\"urlTemplate\":\"https:\\\/\\\/www.railbaltica.org\\\/?s={search_term_string}\"},\"query-input\":{\"@type\":\"PropertyValueSpecification\",\"valueRequired\":true,\"valueName\":\"search_term_string\"}}],\"inLanguage\":\"lt-LT\"}]}<\/script>\n<!-- \/ Yoast SEO plugin. -->","yoast_head_json":{"title":"\u017dem\u0117lapis - RB","description":"Interaktyvus \u017eem\u0117lapis, kuriame pavaizduotas \u201eRail Baltica\u201c mar\u0161rutas, infrastrukt\u016bra ir pagrindin\u0117s projekto dalys Baltijos \u0161alyse.","robots":{"index":"index","follow":"follow","max-snippet":"max-snippet:-1","max-image-preview":"max-image-preview:large","max-video-preview":"max-video-preview:-1"},"canonical":"https:\/\/www.railbaltica.org\/lt\/zemelapis\/","og_locale":"lt_LT","og_type":"article","og_title":"\u017dem\u0117lapis - RB","og_description":"Interaktyvus \u017eem\u0117lapis, kuriame pavaizduotas \u201eRail Baltica\u201c mar\u0161rutas, infrastrukt\u016bra ir pagrindin\u0117s projekto dalys Baltijos \u0161alyse.","og_url":"https:\/\/www.railbaltica.org\/lt\/zemelapis\/","og_site_name":"RB","article_modified_time":"2026-02-09T16:52:35+00:00","twitter_card":"summary_large_image","schema":{"@context":"https:\/\/schema.org","@graph":[{"@type":"WebPage","@id":"https:\/\/www.railbaltica.org\/lt\/zemelapis\/","url":"https:\/\/www.railbaltica.org\/lt\/zemelapis\/","name":"\u017dem\u0117lapis - RB","isPartOf":{"@id":"https:\/\/www.railbaltica.org\/#website"},"datePublished":"2025-06-27T08:02:35+00:00","dateModified":"2026-02-09T16:52:35+00:00","description":"Interaktyvus \u017eem\u0117lapis, kuriame pavaizduotas \u201eRail Baltica\u201c mar\u0161rutas, infrastrukt\u016bra ir pagrindin\u0117s projekto dalys Baltijos \u0161alyse.","breadcrumb":{"@id":"https:\/\/www.railbaltica.org\/lt\/zemelapis\/#breadcrumb"},"inLanguage":"lt-LT","potentialAction":[{"@type":"ReadAction","target":["https:\/\/www.railbaltica.org\/lt\/zemelapis\/"]}]},{"@type":"BreadcrumbList","@id":"https:\/\/www.railbaltica.org\/lt\/zemelapis\/#breadcrumb","itemListElement":[{"@type":"ListItem","position":1,"name":"Home","item":"https:\/\/www.railbaltica.org\/lt\/"},{"@type":"ListItem","position":2,"name":"\u017dem\u0117lapis"}]},{"@type":"WebSite","@id":"https:\/\/www.railbaltica.org\/#website","url":"https:\/\/www.railbaltica.org\/","name":"RB","description":"","potentialAction":[{"@type":"SearchAction","target":{"@type":"EntryPoint","urlTemplate":"https:\/\/www.railbaltica.org\/?s={search_term_string}"},"query-input":{"@type":"PropertyValueSpecification","valueRequired":true,"valueName":"search_term_string"}}],"inLanguage":"lt-LT"}]}},"_links":{"self":[{"href":"https:\/\/www.railbaltica.org\/lt\/wp-json\/wp\/v2\/pages\/289","targetHints":{"allow":["GET"]}}],"collection":[{"href":"https:\/\/www.railbaltica.org\/lt\/wp-json\/wp\/v2\/pages"}],"about":[{"href":"https:\/\/www.railbaltica.org\/lt\/wp-json\/wp\/v2\/types\/page"}],"author":[{"embeddable":true,"href":"https:\/\/www.railbaltica.org\/lt\/wp-json\/wp\/v2\/users\/1"}],"replies":[{"embeddable":true,"href":"https:\/\/www.railbaltica.org\/lt\/wp-json\/wp\/v2\/comments?post=289"}],"version-history":[{"count":8,"href":"https:\/\/www.railbaltica.org\/lt\/wp-json\/wp\/v2\/pages\/289\/revisions"}],"predecessor-version":[{"id":36531,"href":"https:\/\/www.railbaltica.org\/lt\/wp-json\/wp\/v2\/pages\/289\/revisions\/36531"}],"wp:attachment":[{"href":"https:\/\/www.railbaltica.org\/lt\/wp-json\/wp\/v2\/media?parent=289"}],"curies":[{"name":"wp","href":"https:\/\/api.w.org\/{rel}","templated":true}]}}