{"id":32954,"date":"2025-07-07T14:38:36","date_gmt":"2025-07-07T14:38:36","guid":{"rendered":"https:\/\/www.railbaltica.org\/partneritele\/e-procurement-system\/"},"modified":"2025-08-29T06:15:17","modified_gmt":"2025-08-29T06:15:17","slug":"e-hanke-susteem","status":"publish","type":"page","link":"https:\/\/www.railbaltica.org\/et\/partneritele\/e-hanke-susteem\/","title":{"rendered":"E-hanke s\u00fcsteem"},"content":{"rendered":"<section\n    class=\"align wp-block-hero-block relative flex overflow-hidden z-10 bg-blue\"\n>\n            \n        <div\n            class=\"w-full min-h-175 md:min-h-225\"\n        >\n                            <img decoding=\"async\"\n        src=\"https:\/\/www.railbaltica.org\/wp-content\/uploads\/2025\/07\/0cb11fd0f87af87bcae83275b260e0d19c96a16f-scaled.jpg\"\n        alt=\"0cb11fd0f87af87bcae83275b260e0d19c96a16f\"\n         title=\"0cb11fd0f87af87bcae83275b260e0d19c96a16f\"         class=\"block absolute object-cover size-full pointer-events-none -z-10\"\n        loading=\"lazy\"\n    \/>\n            \n            <div\n                class=\"container pt-25 flex pb-5 h-full md:pt-55 md:pb-10 lg:!px-14\"\n            >\n                <div\n                    class=\"bg-dark\/75 mt-auto flex w-full flex-col items-start gap-4 rounded p-4 text-white md:gap-5 md:p-10\"\n                >\n                                                                \n                    \n                    <h1 class='h1 max-w-160'>\n            E-hanke s\u00fcsteem\n        <\/h1>\n\n                    \n                    \n                    \n                                    <\/div>\n            <\/div>\n        <\/div>\n    <\/section>\n\n\n<section\n    class=\"py-5 md:py-10 align wp-block-textual-block has-background has-bg-white-background-color !pb-[0]\"\n>\n    <div\n        class=\"container\"\n    >\n        <div\n            class=\"textual w-full text-xl text-dark break-words [&#038;_span]:!text-dark [&#038;_a]:!text-dark\"\n        >\n                            <p>L\u00e4ti riigihangete seaduse kohaselt tuleb k\u00f5ik RB Rail ASi hallatavad Rail Baltica hanked esitada elektroonilises infos\u00fcsteemis ja selle e-pakkumiste alls\u00fcsteemis, mis asendab senised paberkandjal esitatavad pakkumised.<\/p>\n<p>K\u00f5ik L\u00e4tis registreeritud hankijad, sealhulgas RB Rail AS, on kohustatud kasutama k\u00f5igis riigihangetes elektroonilist riigihangete s\u00fcsteemi.<\/p>\n<p>Palume tarnijatel registreeruda e-hanke s\u00fcsteemis, et n\u00e4ha k\u00e4imasolevaid ja tulevasi hankeid. Elektroonilises hankemenetluses osalemiseks on vaja registreeruda.<\/p>\n<p>E-hanke s\u00fcsteem lihtsustab hankeprotsessi, v\u00e4hendades halduskulusid, kiirendades pakkumiste esitamist ja tagades suurema l\u00e4bipaistvuse. Lisaks edendab see L\u00e4ti digitaliseerimis- ja hea valitsemistava eesm\u00e4rke.<\/p>\n\n                    <\/div>\n    <\/div>\n<\/section>\n\n\n<section\n    class=\"py-5 md:py-10 align wp-block-eps-registration-block has-background has-bg-white-background-color !pb-[0]\"\n>\n    <div\n        class=\"container\"\n    >\n        <div\n            class=\"flex flex-col gap-8 bg-white border border-gray-4 text-xl rounded p-4 md:gap-15 md:p-10\"\n        >\n            <div>\n                <h2 class='h1 mb-5 text-dark'>\n            E-hanke s\u00fcsteemis registreerumine\n        <\/h2>\n                                    <div\n                        class=\"text-dark text-xl\"\n                    >\n                        <p>E-hanke s\u00fcsteemis registreerumiseks peavad tarnijad esitama riiklikule regionaalarengu agentuurile (SRDA) j\u00e4rgmised dokumendid:<\/p>\n\n                    <\/div>\n                \n            <\/div>\n\n                            <div\n                    class=\"flex flex-col gap-5\"\n                >\n                                                                    <div\n                            class=\"min-h-23 flex gap-5\"\n                        >\n                            <div\n                                class=\"relative after:absolute after:left-1\/2 after:top-12 after:w-px after:h-[calc(100%-3rem)] after:bg-gray-1\"\n                            >\n                                                                    <img decoding=\"async\"\n                                        src=\"https:\/\/www.railbaltica.org\/wp-content\/uploads\/2025\/07\/eps-reg-step-1.svg\"\n                                        alt=\"1. samm: Esita EPS-i kasutaja registreerimisvorm (kohustuslik)\"\n                                        class='h-10 w-10'\n                                    >\n                                                            <\/div>\n                            <div\n                                class='flex-1'\n                            >\n                                <div\n                                    class='mb-3 flex flex-wrap items-center gap-5'\n                                >\n                                                                            <h3 class='text-xl text-dark'>\n            1. samm: Esita EPS-i kasutaja registreerimisvorm (kohustuslik)\n        <\/h3>\n                                    \n                                                                            <span\n                                            class='rounded border border-gray-1 px-2.5 py-1 text-sm text-blue-2'\n                                        >* Kohustuslik<\/span>\n                                                                    <\/div>\n                                                                    <div\n                                        class=\"text-blue-6 text-lg [&#038;_a]:underline\"\n                                    >\n                                        <p data-start=\"55\" data-end=\"258\">Esita tarnija volitatud esindaja poolt allkirjastatud <strong data-start=\"178\" data-end=\"215\">EPS-i kasutaja registreerimisvorm<\/strong> Riiklikule Regionaalarengu Ametile (SRDA).<\/p>\n<p data-start=\"260\" data-end=\"471\">\n\n                                    <\/div>\n                                                            <\/div>\n                        <\/div>\n                                                                    <div\n                            class=\"min-h-23 flex gap-5\"\n                        >\n                            <div\n                                class=\"relative after:absolute after:left-1\/2 after:top-12 after:w-px after:h-[calc(100%-3rem)] after:bg-gray-1\"\n                            >\n                                                                    <img decoding=\"async\"\n                                        src=\"https:\/\/www.railbaltica.org\/wp-content\/uploads\/2025\/07\/eps-reg-step-2.svg\"\n                                        alt=\"2. samm: Saa volitus e-pakkumise haldajana tegutsemiseks (kohustuslik)\"\n                                        class='h-10 w-10'\n                                    >\n                                                            <\/div>\n                            <div\n                                class='flex-1'\n                            >\n                                <div\n                                    class='mb-3 flex flex-wrap items-center gap-5'\n                                >\n                                                                            <h3 class='text-xl text-dark'>\n            2. samm: Saa volitus e-pakkumise haldajana tegutsemiseks (kohustuslik)\n        <\/h3>\n                                    \n                                                                            <span\n                                            class='rounded border border-gray-1 px-2.5 py-1 text-sm text-blue-2'\n                                        >* Kohustuslik<\/span>\n                                                                    <\/div>\n                                                                    <div\n                                        class=\"text-blue-6 text-lg [&#038;_a]:underline\"\n                                    >\n                                        <p data-start=\"260\" data-end=\"471\">Hangi volitus, mis on allkirjastatud nii <strong data-start=\"378\" data-end=\"400\">volitatud esindaja<\/strong> kui ka <strong data-start=\"408\" data-end=\"428\">volitatava isiku<\/strong> poolt, et tegutseda e-pakkumise haldajana.<\/p>\n<p data-start=\"473\" data-end=\"649\">\n\n                                    <\/div>\n                                                            <\/div>\n                        <\/div>\n                                                                    <div\n                            class=\"min-h-23 flex gap-5\"\n                        >\n                            <div\n                                class=\"relative after:absolute after:left-1\/2 after:top-12 after:w-px after:h-[calc(100%-3rem)] after:bg-gray-1\"\n                            >\n                                                                    <img decoding=\"async\"\n                                        src=\"https:\/\/www.railbaltica.org\/wp-content\/uploads\/2025\/07\/eps-reg-step-3.svg\"\n                                        alt=\"3. samm: Esita t\u00e4idetud vormid (kohustuslik)\"\n                                        class='h-10 w-10'\n                                    >\n                                                            <\/div>\n                            <div\n                                class='flex-1'\n                            >\n                                <div\n                                    class='mb-3 flex flex-wrap items-center gap-5'\n                                >\n                                                                            <h3 class='text-xl text-dark'>\n            3. samm: Esita t\u00e4idetud vormid (kohustuslik)\n        <\/h3>\n                                    \n                                                                            <span\n                                            class='rounded border border-gray-1 px-2.5 py-1 text-sm text-blue-2'\n                                        >* Kohustuslik<\/span>\n                                                                    <\/div>\n                                                                    <div\n                                        class=\"text-blue-6 text-lg [&#038;_a]:underline\"\n                                    >\n                                        <p>T\u00e4idetud vormid saab esitada tr\u00fckitud kujul v\u00f5i digitaalselt turvalise e-allkirjaga aadressile:<br \/>\n<a href=\"mailto:pasts@vraa.gov.lv\">pasts@vraa.gov.lv<\/a><\/p>\n\n                                    <\/div>\n                                                            <\/div>\n                        <\/div>\n                                                                    <div\n                            class=\"min-h-23 flex gap-5\"\n                        >\n                            <div\n                                class=\"relative\"\n                            >\n                                                                    <img decoding=\"async\"\n                                        src=\"https:\/\/www.railbaltica.org\/wp-content\/uploads\/2025\/07\/eps-reg-step-4.svg\"\n                                        alt=\"4. samm: Saa sisselogimisandmed (kohustuslik)\"\n                                        class='h-10 w-10'\n                                    >\n                                                            <\/div>\n                            <div\n                                class='flex-1'\n                            >\n                                <div\n                                    class='mb-3 flex flex-wrap items-center gap-5'\n                                >\n                                                                            <h3 class='text-xl text-dark'>\n            4. samm: Saa sisselogimisandmed (kohustuslik)\n        <\/h3>\n                                    \n                                                                            <span\n                                            class='rounded border border-gray-1 px-2.5 py-1 text-sm text-blue-2'\n                                        >* Kohustuslik<\/span>\n                                                                    <\/div>\n                                                                    <div\n                                        class=\"text-blue-6 text-lg [&#038;_a]:underline\"\n                                    >\n                                        <p>P\u00e4rast vormide k\u00e4ttesaamist registreerib SRDA organisatsiooni EPS-is ja loob kasutaja, kelle rolliks on tarnija administraator.<br \/>\nSisselogimisandmed \u2013 sealhulgas kasutajanimi, parool ja koodikaart \u2013 saadetakse administraatorile e-posti teel.<\/p>\n\n                                    <\/div>\n                                                            <\/div>\n                        <\/div>\n                                    <\/div>\n            \n            <div>\n                                    <div\n                        class=\"text-dark\"\n                    ><p>Vajalikud taotlusvormid inglise keeles:<\/p>\n<\/div>\n                \n                                    <a\n        href=\"https:\/\/www.railbaltica.org\/wp-content\/uploads\/2025\/07\/EIS_participants_registration_forms_doc-1.zip\"\n         target=\"_blank\" rel=\"noopener noreferrer\"         class=\"btn-dark mt-2.5\"\n    >\n        \n        Registreeru kohe\n        \n        \n    <\/a>\n                            <\/div>\n        <\/div>\n    <\/div>\n<\/section>\n\n\n<section\n    class=\"py-5 md:py-10 align wp-block-additional-resources-block has-background has-bg-white-background-color\"\n>\n    <div\n        class=\"container flex flex-col gap-5\"\n    >\n                    <h1 class='h2 text-dark'>\n            T\u00e4iendavad ressursid:\n        <\/h1>\n                            <div\n                class=\"text-sm text-dark\"\n            >\n                <p>[1] V\u00e4ljastatud organisatsiooni poolt, mis on kantud usaldusv\u00e4\u00e4rsete teenuseosutajate nimekirja vastavalt Euroopa Parlamendi ja N\u00f5ukogu m\u00e4\u00e4rusele (EL) nr 910\/2014, 23. juuli 2014.<\/p>\n\n            <\/div>\n                            <div\n                class=\"grid gap-2.5 text-xl md:grid-cols-2\"\n            >\n                                    <a\n        href=\"\/\/www.vraa.gov.lv\/en\/\"\n         target=\"_blank\" rel=\"noopener noreferrer\"         class=\"p-5 bg-white text-dark border border-gray-4 rounded hover:bg-blue-4\"\n    >\n        \n        SRDA kontaktid\n        \n        \n    <\/a>\n                                    <a\n        href=\"http:\/\/paligs.eis.gov.lv\/suppliers\/N_0_2.html\"\n         target=\"_blank\" rel=\"noopener noreferrer\"         class=\"p-5 bg-white text-dark border border-gray-4 rounded hover:bg-blue-4\"\n    >\n        \n        \u00dcksikasjalik juhend e-pakkumiste alam\u00ads\u00fcsteemi kasutamiseks\n        \n        \n    <\/a>\n                                    <a\n        href=\"https:\/\/www.eis.gov.lv\/EKEIS\/Publication\/View\/1063?subsystemCode=KON\"\n         target=\"_blank\" rel=\"noopener noreferrer\"         class=\"p-5 bg-white text-dark border border-gray-4 rounded hover:bg-blue-4\"\n    >\n        \n        \u00dcldk\u00fcsimused e-pakkumiste alam\u00ads\u00fcsteemi kasutamise kohta\n        \n        \n    <\/a>\n                                    <a\n        href=\"https:\/\/www.eis.gov.lv\/EIS\/Publications\/PublicationView.aspx?PublicationId=1444\"\n         target=\"_blank\" rel=\"noopener noreferrer\"         class=\"p-5 bg-white text-dark border border-gray-4 rounded hover:bg-blue-4\"\n    >\n        \n        Euroopa \u00fchtse hankedokumendi (ESPD) kasutamine e-pakkumiste alam\u00ads\u00fcsteemis\n        \n        \n    <\/a>\n                            <\/div>\n            <\/div>\n<\/section>\n","protected":false},"excerpt":{"rendered":"","protected":false},"author":1,"featured_media":0,"parent":32360,"menu_order":0,"comment_status":"closed","ping_status":"closed","template":"","meta":{"_acf_changed":false,"footnotes":""},"class_list":["post-32954","page","type-page","status-publish","hentry"],"acf":[],"yoast_head":"<!-- This site is optimized with the Yoast SEO plugin v27.4 - https:\/\/yoast.com\/product\/yoast-seo-wordpress\/ -->\n<title>E-hanke s\u00fcsteem - RB<\/title>\n<meta name=\"description\" content=\"Kasuta Rail Baltica e-hanke s\u00fcsteemi (e-hanke s\u00fcsteem) ja halda pakkumisi digitaalselt.\" \/>\n<meta name=\"robots\" content=\"index, follow, max-snippet:-1, max-image-preview:large, max-video-preview:-1\" \/>\n<link rel=\"canonical\" href=\"https:\/\/www.railbaltica.org\/et\/partneritele\/e-hanke-susteem\/\" \/>\n<meta property=\"og:locale\" content=\"et_EE\" \/>\n<meta property=\"og:type\" content=\"article\" \/>\n<meta property=\"og:title\" content=\"E-hanke s\u00fcsteem - RB\" \/>\n<meta property=\"og:description\" content=\"Kasuta Rail Baltica e-hanke s\u00fcsteemi (e-hanke s\u00fcsteem) ja halda pakkumisi digitaalselt.\" \/>\n<meta property=\"og:url\" content=\"https:\/\/www.railbaltica.org\/et\/partneritele\/e-hanke-susteem\/\" \/>\n<meta property=\"og:site_name\" content=\"RB\" \/>\n<meta property=\"article:modified_time\" content=\"2025-08-29T06:15:17+00:00\" \/>\n<meta name=\"twitter:card\" content=\"summary_large_image\" \/>\n<script type=\"application\/ld+json\" class=\"yoast-schema-graph\">{\"@context\":\"https:\\\/\\\/schema.org\",\"@graph\":[{\"@type\":\"WebPage\",\"@id\":\"https:\\\/\\\/www.railbaltica.org\\\/et\\\/partneritele\\\/e-hanke-susteem\\\/\",\"url\":\"https:\\\/\\\/www.railbaltica.org\\\/et\\\/partneritele\\\/e-hanke-susteem\\\/\",\"name\":\"E-hanke s\u00fcsteem - RB\",\"isPartOf\":{\"@id\":\"https:\\\/\\\/www.railbaltica.org\\\/#website\"},\"datePublished\":\"2025-07-07T14:38:36+00:00\",\"dateModified\":\"2025-08-29T06:15:17+00:00\",\"description\":\"Kasuta Rail Baltica e-hanke s\u00fcsteemi (e-hanke s\u00fcsteem) ja halda pakkumisi digitaalselt.\",\"breadcrumb\":{\"@id\":\"https:\\\/\\\/www.railbaltica.org\\\/et\\\/partneritele\\\/e-hanke-susteem\\\/#breadcrumb\"},\"inLanguage\":\"et\",\"potentialAction\":[{\"@type\":\"ReadAction\",\"target\":[\"https:\\\/\\\/www.railbaltica.org\\\/et\\\/partneritele\\\/e-hanke-susteem\\\/\"]}]},{\"@type\":\"BreadcrumbList\",\"@id\":\"https:\\\/\\\/www.railbaltica.org\\\/et\\\/partneritele\\\/e-hanke-susteem\\\/#breadcrumb\",\"itemListElement\":[{\"@type\":\"ListItem\",\"position\":1,\"name\":\"Home\",\"item\":\"https:\\\/\\\/www.railbaltica.org\\\/et\\\/\"},{\"@type\":\"ListItem\",\"position\":2,\"name\":\"Partneritele\",\"item\":\"https:\\\/\\\/www.railbaltica.org\\\/et\\\/partneritele\\\/\"},{\"@type\":\"ListItem\",\"position\":3,\"name\":\"E-hanke s\u00fcsteem\"}]},{\"@type\":\"WebSite\",\"@id\":\"https:\\\/\\\/www.railbaltica.org\\\/#website\",\"url\":\"https:\\\/\\\/www.railbaltica.org\\\/\",\"name\":\"RB\",\"description\":\"\",\"potentialAction\":[{\"@type\":\"SearchAction\",\"target\":{\"@type\":\"EntryPoint\",\"urlTemplate\":\"https:\\\/\\\/www.railbaltica.org\\\/?s={search_term_string}\"},\"query-input\":{\"@type\":\"PropertyValueSpecification\",\"valueRequired\":true,\"valueName\":\"search_term_string\"}}],\"inLanguage\":\"et\"}]}<\/script>\n<!-- \/ Yoast SEO plugin. -->","yoast_head_json":{"title":"E-hanke s\u00fcsteem - RB","description":"Kasuta Rail Baltica e-hanke s\u00fcsteemi (e-hanke s\u00fcsteem) ja halda pakkumisi digitaalselt.","robots":{"index":"index","follow":"follow","max-snippet":"max-snippet:-1","max-image-preview":"max-image-preview:large","max-video-preview":"max-video-preview:-1"},"canonical":"https:\/\/www.railbaltica.org\/et\/partneritele\/e-hanke-susteem\/","og_locale":"et_EE","og_type":"article","og_title":"E-hanke s\u00fcsteem - RB","og_description":"Kasuta Rail Baltica e-hanke s\u00fcsteemi (e-hanke s\u00fcsteem) ja halda pakkumisi digitaalselt.","og_url":"https:\/\/www.railbaltica.org\/et\/partneritele\/e-hanke-susteem\/","og_site_name":"RB","article_modified_time":"2025-08-29T06:15:17+00:00","twitter_card":"summary_large_image","schema":{"@context":"https:\/\/schema.org","@graph":[{"@type":"WebPage","@id":"https:\/\/www.railbaltica.org\/et\/partneritele\/e-hanke-susteem\/","url":"https:\/\/www.railbaltica.org\/et\/partneritele\/e-hanke-susteem\/","name":"E-hanke s\u00fcsteem - RB","isPartOf":{"@id":"https:\/\/www.railbaltica.org\/#website"},"datePublished":"2025-07-07T14:38:36+00:00","dateModified":"2025-08-29T06:15:17+00:00","description":"Kasuta Rail Baltica e-hanke s\u00fcsteemi (e-hanke s\u00fcsteem) ja halda pakkumisi digitaalselt.","breadcrumb":{"@id":"https:\/\/www.railbaltica.org\/et\/partneritele\/e-hanke-susteem\/#breadcrumb"},"inLanguage":"et","potentialAction":[{"@type":"ReadAction","target":["https:\/\/www.railbaltica.org\/et\/partneritele\/e-hanke-susteem\/"]}]},{"@type":"BreadcrumbList","@id":"https:\/\/www.railbaltica.org\/et\/partneritele\/e-hanke-susteem\/#breadcrumb","itemListElement":[{"@type":"ListItem","position":1,"name":"Home","item":"https:\/\/www.railbaltica.org\/et\/"},{"@type":"ListItem","position":2,"name":"Partneritele","item":"https:\/\/www.railbaltica.org\/et\/partneritele\/"},{"@type":"ListItem","position":3,"name":"E-hanke s\u00fcsteem"}]},{"@type":"WebSite","@id":"https:\/\/www.railbaltica.org\/#website","url":"https:\/\/www.railbaltica.org\/","name":"RB","description":"","potentialAction":[{"@type":"SearchAction","target":{"@type":"EntryPoint","urlTemplate":"https:\/\/www.railbaltica.org\/?s={search_term_string}"},"query-input":{"@type":"PropertyValueSpecification","valueRequired":true,"valueName":"search_term_string"}}],"inLanguage":"et"}]}},"_links":{"self":[{"href":"https:\/\/www.railbaltica.org\/et\/wp-json\/wp\/v2\/pages\/32954","targetHints":{"allow":["GET"]}}],"collection":[{"href":"https:\/\/www.railbaltica.org\/et\/wp-json\/wp\/v2\/pages"}],"about":[{"href":"https:\/\/www.railbaltica.org\/et\/wp-json\/wp\/v2\/types\/page"}],"author":[{"embeddable":true,"href":"https:\/\/www.railbaltica.org\/et\/wp-json\/wp\/v2\/users\/1"}],"replies":[{"embeddable":true,"href":"https:\/\/www.railbaltica.org\/et\/wp-json\/wp\/v2\/comments?post=32954"}],"version-history":[{"count":4,"href":"https:\/\/www.railbaltica.org\/et\/wp-json\/wp\/v2\/pages\/32954\/revisions"}],"predecessor-version":[{"id":34176,"href":"https:\/\/www.railbaltica.org\/et\/wp-json\/wp\/v2\/pages\/32954\/revisions\/34176"}],"up":[{"embeddable":true,"href":"https:\/\/www.railbaltica.org\/et\/wp-json\/wp\/v2\/pages\/32360"}],"wp:attachment":[{"href":"https:\/\/www.railbaltica.org\/et\/wp-json\/wp\/v2\/media?parent=32954"}],"curies":[{"name":"wp","href":"https:\/\/api.w.org\/{rel}","templated":true}]}}