{"id":32405,"date":"2025-06-27T11:53:55","date_gmt":"2025-06-27T11:53:55","guid":{"rendered":"https:\/\/www.railbaltica.org\/contacts\/"},"modified":"2025-08-29T06:28:25","modified_gmt":"2025-08-29T06:28:25","slug":"kontaktandmed","status":"publish","type":"page","link":"https:\/\/www.railbaltica.org\/et\/kontaktandmed\/","title":{"rendered":"Kontaktandmed"},"content":{"rendered":"<section\n    class=\"align wp-block-hero-small-block relative flex overflow-hidden z-10 bg-blue\"\n>\n            \n        <div\n            class=\"w-full\"\n        >\n            \n            <div\n                class=\"container pt-25 flex pb-5 md:pt-55 md:pb-10 lg:!px-14\"\n            >\n                <div\n                    class=\"bg-dark\/75 mt-auto flex w-full flex-col items-start gap-4 rounded p-4 text-white md:gap-5 md:p-10\"\n                >\n                                                                \n                    \n                    <h1 class='h1 max-w-160'>\n            V\u00f5ta meiega \u00fchendust!\n        <\/h1>\n\n                    \n                    \n                    \n                                    <\/div>\n            <\/div>\n        <\/div>\n    <\/section>\n\n\n<section\n    class=\"py-5 md:py-10 align wp-block-contacts-block\"\n>\n    <div\n        class=\"container\"\n    >\n        <div\n            class=\"bg-dark text-white p-4 rounded md:p-10\"\n        >\n            <div\n                class=\"grid gap-8 mb-8 md:grid-cols-2 md:gap-5 md:mb-10\"\n            >\n                <div>\n                                            <h2\n                            class=\"h2 pb-2.5 mb-2.5 border-b border-blue\"\n                        >RB Rail ASi peakorter<\/h2>\n                    \n                                            <ul>\n                                                            <li\n                                    class=\"mb-2 md:text-xl\"\n                                >\n                                                                            <span\n                                            class=\"text-gray-3\"\n                                        >Kontori aadress:<\/span>\n                                                                                                                <span>Satekles iela 2B, Riia, LV-1050, L\u00e4ti<\/span>\n                                                                    <\/li>\n                            \n                                                            <li\n                                    class=\"mb-2 md:text-xl\"\n                                >\n                                                                            <span\n                                            class=\"text-gray-3\"\n                                        >Telefon<\/span>\n                                                                                                                <span>\n                                            <a\n                                                class=\"hover:underline\"\n                                                href=\"tel:++371 6696 7171\"\n                                            >+371 6696 7171<\/a>\n                                        <\/span>\n                                                                    <\/li>\n                            \n                                                            <li\n                                    class=\"mb-2 md:text-xl\"\n                                >\n                                                                            <span\n                                            class=\"text-gray-3\"\n                                        >E-post<\/span>\n                                                                                                                <span>\n                                            <a\n                                                href=\"mailto:info@railbaltica.org\"\n                                                class=\"hover:underline\"\n                                            >\n                                                info@railbaltica.org\n                                            <\/a>\n                                        <\/span>\n                                                                    <\/li>\n                            \n                                                            <li\n                                    class=\"mb-2 md:text-xl\"\n                                >\n                                                                            <span\n                                            class=\"text-gray-3\"\n                                        >Registrikood \/ KMKR:<\/span>\n                                                                                                                <span>40103845025 \/ LV40103845025<\/span>\n                                                                    <\/li>\n                                                    <\/ul>\n                                    <\/div>\n                <div>\n                                            <iframe\n                            src=\"https:\/\/maps.google.com\/maps?q=Satekles+iela+2B%2C+Riga%2C+LV-1050%2C+Latvia&#038;hl=en&#038;z=15&#038;output=embed\"\n                            width=\"600\"\n                            height=\"450\"\n                            style=\"border:0;\"\n                            allowfullscreen=\"\"\n                            loading=\"lazy\"\n                            class=\"h-90 w-full\"\n                        >\n                        <\/iframe>\n                                    <\/div>\n            <\/div>\n\n                            <div\n                    class=\"grid gap-8 md:grid-cols-2 md:gap-5\"\n                >\n                                            <div>\n\n                                                            <h2\n                                    class=\"h2 pb-2.5 mb-2.5 border-b border-blue\"\n                                >RB Rail ASi Eesti filiaal<\/h2>\n                            \n                                                            <ul>\n                                                                            <li\n                                            class=\"mb-2 md:text-xl\"\n                                        >\n                                                                                            <span\n                                                    class=\"text-gray-3\"\n                                                >Kontori aadress:<\/span>\n                                                                                                                                        <span>Avala \u00e4rikvartal, Veskiposti 2\/1, 10138, Tallinn, Eesti<\/span>\n                                                                                    <\/li>\n                                    \n                                                                            <li\n                                            class=\"mb-2 md:text-xl\"\n                                        >\n                                                                                            <span\n                                                    class=\"text-gray-3\"\n                                                >Telefon<\/span>\n                                                                                                                                        <span>\n                                                    <a\n                                                        class=\"hover:underline\"\n                                                        href=\"tel:++372 5647 1748\"\n                                                    >+372 5647 1748<\/a>\n                                                <\/span>\n                                                                                    <\/li>\n                                    \n                                    \n                                                                            <li\n                                            class=\"mb-2 md:text-xl\"\n                                        >\n                                                                                            <span\n                                                    class=\"text-gray-3\"\n                                                >Registrikood \/ KMKR:<\/span>\n                                                                                                                                        <span>14168654 \/ EE101957188<\/span>\n                                                                                    <\/li>\n                                                                    <\/ul>\n                                                    <\/div>\n                                            <div>\n\n                                                            <h2\n                                    class=\"h2 pb-2.5 mb-2.5 border-b border-blue\"\n                                >RB Rail ASi Leedu filiaal<\/h2>\n                            \n                                                            <ul>\n                                                                            <li\n                                            class=\"mb-2 md:text-xl\"\n                                        >\n                                                                                            <span\n                                                    class=\"text-gray-3\"\n                                                >Kontori aadress:<\/span>\n                                                                                                                                        <span>J. Basanavi\u010diaus str. 24, 03224, Vilnius, Leedu<\/span>\n                                                                                    <\/li>\n                                    \n                                                                            <li\n                                            class=\"mb-2 md:text-xl\"\n                                        >\n                                                                                            <span\n                                                    class=\"text-gray-3\"\n                                                >Telefon<\/span>\n                                                                                                                                        <span>\n                                                    <a\n                                                        class=\"hover:underline\"\n                                                        href=\"tel:++370 65890088\"\n                                                    >+370 65890088<\/a>\n                                                <\/span>\n                                                                                    <\/li>\n                                    \n                                    \n                                                                            <li\n                                            class=\"mb-2 md:text-xl\"\n                                        >\n                                                                                            <span\n                                                    class=\"text-gray-3\"\n                                                >Registrikood \/ KMKR:<\/span>\n                                                                                                                                        <span>304430116 \/ LT100010828019<\/span>\n                                                                                    <\/li>\n                                                                    <\/ul>\n                                                    <\/div>\n                                            <div>\n\n                            \n                                                            <ul>\n                                    \n                                    \n                                    \n                                                                    <\/ul>\n                                                    <\/div>\n                                    <\/div>\n                    <\/div>\n    <\/div>\n<\/section>\n\n\n<section\n    class=\"py-5 md:py-10 align wp-block-text-cta-block !pt-[0]\"\n>\n    <div\n        class=\"container\"\n    >\n        <div\n            class=\"bg-dark text-white p-4 rounded md:p-10\"\n        >\n                            <h2 class='h1 border-b border-blue pb-3 mb-3 md:pb-5 md:mb-5'>\n            Pressile\n        <\/h2>\n                                        <div\n                    class=\"textual flex flex-col gap-2.5 max-w-137 [&#038;_a]:underline md:text-xl\"\n                >\n                    <p>Meediap\u00e4ringute, intervjuutaotluste v\u00f5i pressimaterjalide jaoks v\u00f5tke \u00fchendust meie meediasuhete meeskonnaga:<br \/>\n<span data-sheets-root=\"1\">E-post<\/span>: <a href=\"mailto:media@railbaltica.org\">media@railbaltica.org<\/a><\/p>\n\n                <\/div>\n                    <\/div>\n    <\/div>\n<\/section>\n\n\n<section\n    class=\"py-5 md:py-10 align wp-block-managing-small-block !pt-[0]\"\n>\n    <div\n        class=\"container\"\n    >\n        <div\n            class=\"text-white p-4 rounded bg-dark md:p-10\"\n        >\n                                        <div\n                    class=\"mb-5 md:text-xl\"\n                >\n                    <p><span data-sheets-root=\"1\">Projekti riiklike elluviijate kontaktid on esitatud nende veebisaitidel:<\/span><\/p>\n\n                <\/div>\n                                        <div\n                    class=\"grid gap-4 md:grid-cols-3 md:gap-5\"\n                >\n                                            <div\n                            class=\"group min-h-17 bg-dark border border-white rounded flex items-center justify-center md:p-0\"\n                        >\n\n                                                            <a\n                                    href=\"https:\/\/www.rbestonia.ee\"\n                                    class=\"w-full p-3 md:p-5 md:duration-300 md:group-hover:scale-110\"\n                                     target=\"_blank\" rel=\"noopener noreferrer\"                                 >\n                            \n                                                            <img decoding=\"async\"\n        src=\"https:\/\/www.railbaltica.org\/wp-content\/uploads\/2025\/07\/Rail-Baltic-Estonia-Logo.svg\"\n        alt=\"Rail Baltic Estonia Logo\"\n         title=\"Rail Baltic Estonia Logo\"         class=\"block h-9 w-full object-contain\"\n        loading=\"lazy\"\n    \/>\n                            \n                                                            <\/a>\n                                                    <\/div>\n                                            <div\n                            class=\"group min-h-17 bg-dark border border-white rounded flex items-center justify-center md:p-0\"\n                        >\n\n                                                            <a\n                                    href=\"https:\/\/edzl.lv\"\n                                    class=\"w-full p-3 md:p-5 md:duration-300 md:group-hover:scale-110\"\n                                     target=\"_blank\" rel=\"noopener noreferrer\"                                 >\n                            \n                                                            <img decoding=\"async\"\n        src=\"https:\/\/www.railbaltica.org\/wp-content\/uploads\/2025\/07\/Logo-Container.svg\"\n        alt=\"Logo-Container\"\n         title=\"Logo-Container\"         class=\"block h-9 w-full object-contain\"\n        loading=\"lazy\"\n    \/>\n                            \n                                                            <\/a>\n                                                    <\/div>\n                                            <div\n                            class=\"group min-h-17 bg-dark border border-white rounded flex items-center justify-center md:p-0\"\n                        >\n\n                                                            <a\n                                    href=\"https:\/\/rail-baltica.lt\"\n                                    class=\"w-full p-3 md:p-5 md:duration-300 md:group-hover:scale-110\"\n                                     target=\"_blank\" rel=\"noopener noreferrer\"                                 >\n                            \n                                                            <img decoding=\"async\"\n        src=\"https:\/\/www.railbaltica.org\/wp-content\/uploads\/2025\/07\/Logo-Containerlogo.svg\"\n        alt=\"Logo-Containerlogo\"\n         title=\"Logo-Containerlogo\"         class=\"block h-9 w-full object-contain\"\n        loading=\"lazy\"\n    \/>\n                            \n                                                            <\/a>\n                                                    <\/div>\n                                    <\/div>\n                    <\/div>\n    <\/div>\n<\/section>\n","protected":false},"excerpt":{"rendered":"","protected":false},"author":1,"featured_media":0,"parent":0,"menu_order":0,"comment_status":"closed","ping_status":"closed","template":"","meta":{"_acf_changed":false,"footnotes":""},"class_list":["post-32405","page","type-page","status-publish","hentry"],"acf":[],"yoast_head":"<!-- This site is optimized with the Yoast SEO plugin v27.4 - https:\/\/yoast.com\/product\/yoast-seo-wordpress\/ -->\n<title>Kontaktandmed - RB<\/title>\n<meta name=\"description\" content=\"V\u00f5ta \u00fchendust Rail Baltica meeskonna ja kontoritega L\u00e4tis, Leedus ning Eestis.\" \/>\n<meta name=\"robots\" content=\"index, follow, max-snippet:-1, max-image-preview:large, max-video-preview:-1\" \/>\n<link rel=\"canonical\" href=\"https:\/\/www.railbaltica.org\/et\/kontaktandmed\/\" \/>\n<meta property=\"og:locale\" content=\"et_EE\" \/>\n<meta property=\"og:type\" content=\"article\" \/>\n<meta property=\"og:title\" content=\"Kontaktandmed - RB\" \/>\n<meta property=\"og:description\" content=\"V\u00f5ta \u00fchendust Rail Baltica meeskonna ja kontoritega L\u00e4tis, Leedus ning Eestis.\" \/>\n<meta property=\"og:url\" content=\"https:\/\/www.railbaltica.org\/et\/kontaktandmed\/\" \/>\n<meta property=\"og:site_name\" content=\"RB\" \/>\n<meta property=\"article:modified_time\" content=\"2025-08-29T06:28:25+00:00\" \/>\n<meta name=\"twitter:card\" content=\"summary_large_image\" \/>\n<script type=\"application\/ld+json\" class=\"yoast-schema-graph\">{\"@context\":\"https:\\\/\\\/schema.org\",\"@graph\":[{\"@type\":\"WebPage\",\"@id\":\"https:\\\/\\\/www.railbaltica.org\\\/et\\\/kontaktandmed\\\/\",\"url\":\"https:\\\/\\\/www.railbaltica.org\\\/et\\\/kontaktandmed\\\/\",\"name\":\"Kontaktandmed - RB\",\"isPartOf\":{\"@id\":\"https:\\\/\\\/www.railbaltica.org\\\/#website\"},\"datePublished\":\"2025-06-27T11:53:55+00:00\",\"dateModified\":\"2025-08-29T06:28:25+00:00\",\"description\":\"V\u00f5ta \u00fchendust Rail Baltica meeskonna ja kontoritega L\u00e4tis, Leedus ning Eestis.\",\"breadcrumb\":{\"@id\":\"https:\\\/\\\/www.railbaltica.org\\\/et\\\/kontaktandmed\\\/#breadcrumb\"},\"inLanguage\":\"et\",\"potentialAction\":[{\"@type\":\"ReadAction\",\"target\":[\"https:\\\/\\\/www.railbaltica.org\\\/et\\\/kontaktandmed\\\/\"]}]},{\"@type\":\"BreadcrumbList\",\"@id\":\"https:\\\/\\\/www.railbaltica.org\\\/et\\\/kontaktandmed\\\/#breadcrumb\",\"itemListElement\":[{\"@type\":\"ListItem\",\"position\":1,\"name\":\"Home\",\"item\":\"https:\\\/\\\/www.railbaltica.org\\\/et\\\/\"},{\"@type\":\"ListItem\",\"position\":2,\"name\":\"Kontaktandmed\"}]},{\"@type\":\"WebSite\",\"@id\":\"https:\\\/\\\/www.railbaltica.org\\\/#website\",\"url\":\"https:\\\/\\\/www.railbaltica.org\\\/\",\"name\":\"RB\",\"description\":\"\",\"potentialAction\":[{\"@type\":\"SearchAction\",\"target\":{\"@type\":\"EntryPoint\",\"urlTemplate\":\"https:\\\/\\\/www.railbaltica.org\\\/?s={search_term_string}\"},\"query-input\":{\"@type\":\"PropertyValueSpecification\",\"valueRequired\":true,\"valueName\":\"search_term_string\"}}],\"inLanguage\":\"et\"}]}<\/script>\n<!-- \/ Yoast SEO plugin. -->","yoast_head_json":{"title":"Kontaktandmed - RB","description":"V\u00f5ta \u00fchendust Rail Baltica meeskonna ja kontoritega L\u00e4tis, Leedus ning Eestis.","robots":{"index":"index","follow":"follow","max-snippet":"max-snippet:-1","max-image-preview":"max-image-preview:large","max-video-preview":"max-video-preview:-1"},"canonical":"https:\/\/www.railbaltica.org\/et\/kontaktandmed\/","og_locale":"et_EE","og_type":"article","og_title":"Kontaktandmed - RB","og_description":"V\u00f5ta \u00fchendust Rail Baltica meeskonna ja kontoritega L\u00e4tis, Leedus ning Eestis.","og_url":"https:\/\/www.railbaltica.org\/et\/kontaktandmed\/","og_site_name":"RB","article_modified_time":"2025-08-29T06:28:25+00:00","twitter_card":"summary_large_image","schema":{"@context":"https:\/\/schema.org","@graph":[{"@type":"WebPage","@id":"https:\/\/www.railbaltica.org\/et\/kontaktandmed\/","url":"https:\/\/www.railbaltica.org\/et\/kontaktandmed\/","name":"Kontaktandmed - RB","isPartOf":{"@id":"https:\/\/www.railbaltica.org\/#website"},"datePublished":"2025-06-27T11:53:55+00:00","dateModified":"2025-08-29T06:28:25+00:00","description":"V\u00f5ta \u00fchendust Rail Baltica meeskonna ja kontoritega L\u00e4tis, Leedus ning Eestis.","breadcrumb":{"@id":"https:\/\/www.railbaltica.org\/et\/kontaktandmed\/#breadcrumb"},"inLanguage":"et","potentialAction":[{"@type":"ReadAction","target":["https:\/\/www.railbaltica.org\/et\/kontaktandmed\/"]}]},{"@type":"BreadcrumbList","@id":"https:\/\/www.railbaltica.org\/et\/kontaktandmed\/#breadcrumb","itemListElement":[{"@type":"ListItem","position":1,"name":"Home","item":"https:\/\/www.railbaltica.org\/et\/"},{"@type":"ListItem","position":2,"name":"Kontaktandmed"}]},{"@type":"WebSite","@id":"https:\/\/www.railbaltica.org\/#website","url":"https:\/\/www.railbaltica.org\/","name":"RB","description":"","potentialAction":[{"@type":"SearchAction","target":{"@type":"EntryPoint","urlTemplate":"https:\/\/www.railbaltica.org\/?s={search_term_string}"},"query-input":{"@type":"PropertyValueSpecification","valueRequired":true,"valueName":"search_term_string"}}],"inLanguage":"et"}]}},"_links":{"self":[{"href":"https:\/\/www.railbaltica.org\/et\/wp-json\/wp\/v2\/pages\/32405","targetHints":{"allow":["GET"]}}],"collection":[{"href":"https:\/\/www.railbaltica.org\/et\/wp-json\/wp\/v2\/pages"}],"about":[{"href":"https:\/\/www.railbaltica.org\/et\/wp-json\/wp\/v2\/types\/page"}],"author":[{"embeddable":true,"href":"https:\/\/www.railbaltica.org\/et\/wp-json\/wp\/v2\/users\/1"}],"replies":[{"embeddable":true,"href":"https:\/\/www.railbaltica.org\/et\/wp-json\/wp\/v2\/comments?post=32405"}],"version-history":[{"count":3,"href":"https:\/\/www.railbaltica.org\/et\/wp-json\/wp\/v2\/pages\/32405\/revisions"}],"predecessor-version":[{"id":34159,"href":"https:\/\/www.railbaltica.org\/et\/wp-json\/wp\/v2\/pages\/32405\/revisions\/34159"}],"wp:attachment":[{"href":"https:\/\/www.railbaltica.org\/et\/wp-json\/wp\/v2\/media?parent=32405"}],"curies":[{"name":"wp","href":"https:\/\/api.w.org\/{rel}","templated":true}]}}