{"id":32344,"date":"2025-06-27T08:03:49","date_gmt":"2025-06-27T08:03:49","guid":{"rendered":"https:\/\/www.railbaltica.org\/finanses\/"},"modified":"2025-08-29T05:47:15","modified_gmt":"2025-08-29T05:47:15","slug":"finanses","status":"publish","type":"page","link":"https:\/\/www.railbaltica.org\/et\/rail-balticast\/finanses\/","title":{"rendered":"Rahastamine"},"content":{"rendered":"<section\n    class=\"align wp-block-hero-block relative flex overflow-hidden z-10 bg-blue\"\n>\n            \n        <div\n            class=\"w-full min-h-175 md:min-h-225\"\n        >\n                            <img decoding=\"async\"\n        src=\"https:\/\/www.railbaltica.org\/wp-content\/uploads\/2025\/08\/Hero-2-scaled.png\"\n        alt=\"Hero\"\n         title=\"Hero\"         class=\"block absolute object-cover size-full pointer-events-none -z-10\"\n        loading=\"lazy\"\n    \/>\n            \n            <div\n                class=\"container pt-25 flex pb-5 h-full md:pt-55 md:pb-10 lg:!px-14\"\n            >\n                <div\n                    class=\"bg-dark\/75 mt-auto flex w-full flex-col items-start gap-4 rounded p-4 text-white md:gap-5 md:p-10\"\n                >\n                                                                \n                    \n                    <h2 class='h1 max-w-160'>\n            Rail Baltica on suur investeering paremasse liikuvusse, turvalisusesse ja kestlikku reisimisse k\u00f5igis Balti riikides\n        <\/h2>\n\n                    \n                    \n                    \n                                    <\/div>\n            <\/div>\n        <\/div>\n    <\/section>\n\n\n<section\n    class=\"py-5 md:py-10 align wp-block-investments-block has-background has-bg-light-gray-background-color\"\n>\n    <div\n        class=\"container !max-w-328 text-dark\"\n    >\n        <div\n            class=\"bg-white p-10 rounded max-md:px-5\"\n        >\n            <div\n                class='mb-10 flex max-w-256 flex-col gap-5'\n            >\n                                    <h2 class='max-w-183 text-4xl'>\n            Rail Baltica majanduslik kasu kaalub \u00fcles selle kulud\n        <\/h2>\n                                                    <div\n                        class=\"body2 textual\"\n                    >\n                        <p>Rail Baltica teeb investeeringu kuhjaga tasa: investeeritud 15,3 miljardist saadav kasu ulatub 45,4 miljardi euroni, t\u00f5estades nutikate taristuinvesteeringute v\u00e4\u00e4rtust. Esimese etapi eesm\u00e4rk on luua toimiv liin Balti riikide vahel, mis \u00fchendab need Poolaga.<\/p>\n\n                    <\/div>\n                            <\/div>\n\n                                                                                                                            <div\n    class=\"flex flex-col gap-4 text-dark p-5 mb-5 rounded text-center md:p-8 bg-blue-4\"\n>\n            <p\n            class='h2'\n        >Rail Baltica projekti I etapi investeeringukulud<\/p>\n                <div\n            class=\"h1 textual\"\n        ><p>15,3 miljardit eurot<\/p>\n<\/div>\n    <\/div>\n                                                                                                                                                            <div\n        class='mb-5 grid gap-5 md:grid-cols-2'\n    >\n                    <div\n    class=\"body2 rounded bg-blue-5 text-dark p-5 md:p-6\"\n>\n    <div\n        class=\"text-center mb-4 md:mb-10\"\n    >\n        <div\n            class='flex items-center justify-center gap-2.5'\n        >\n            <svg\n                class=\"size-6\"\n                width=\"24\"\n                height=\"24\"\n                viewBox=\"0 0 24 24\"\n                fill=\"none\"\n                xmlns=\"http:\/\/www.w3.org\/2000\/svg\"\n            >\n                <path\n                    d=\"M22 7L14.1314 14.8686C13.7354 15.2646 13.5373 15.4627 13.309 15.5368C13.1082 15.6021 12.8918 15.6021 12.691 15.5368C12.4627 15.4627 12.2646 15.2646 11.8686 14.8686L9.13137 12.1314C8.73535 11.7354 8.53735 11.5373 8.30902 11.4632C8.10817 11.3979 7.89183 11.3979 7.69098 11.4632C7.46265 11.5373 7.26465 11.7354 6.86863 12.1314L2 17M22 7H15M22 7V14\"\n                    stroke=\"#003787\"\n                    stroke-width=\"2\"\n                    stroke-linecap=\"round\"\n                    stroke-linejoin=\"round\"\n                \/>\n            <\/svg>\n                            <p>Sotsiaalmajanduslik kasu <\/p>\n                    <\/div>\n                    <span\n                class='h1 text-white'\n            >23,4 miljardit eurot<\/span>\n            <\/div>\n\n\n            <div\n            class='textual'\n        ><p>Rail Baltica vahetu ja k\u00e4egakatsutav kasu erinevatele sektoritele:<\/p>\n<\/div>\n    \n            <ul\n            class=\"grid grid-cols-1 gap-2.5 mt-4 md:gap-4 lg:grid-cols-1\"\n        >\n                            <li\n                    class=\"bg-dark text-white rounded  p-5 flex items-center gap-2.5 max-md:py-2.5 max-md:px-4\"\n                >\n                                            <img decoding=\"async\"\n        src=\"https:\/\/www.railbaltica.org\/wp-content\/uploads\/2025\/08\/users-01.svg\"\n        alt=\"users-01\"\n         title=\"users-01\"         class=\"block size-6 min-w-6\"\n        loading=\"lazy\"\n    \/>\n                                                                <p>Reisijad: aeg, kulud, v\u00e4hem \u00f5nnetusi<\/p>\n                                    <\/li>\n                            <li\n                    class=\"bg-dark text-white rounded  p-5 flex items-center gap-2.5 max-md:py-2.5 max-md:px-4\"\n                >\n                                            <img decoding=\"async\"\n        src=\"https:\/\/www.railbaltica.org\/wp-content\/uploads\/2025\/08\/truck-01.svg\"\n        alt=\"truck-01\"\n         title=\"truck-01\"         class=\"block size-6 min-w-6\"\n        loading=\"lazy\"\n    \/>\n                                                                <p>Kaubavedu: kulude kokkuhoid<\/p>\n                                    <\/li>\n                            <li\n                    class=\"bg-dark text-white rounded  p-5 flex items-center gap-2.5 max-md:py-2.5 max-md:px-4\"\n                >\n                                            <img decoding=\"async\"\n        src=\"https:\/\/www.railbaltica.org\/wp-content\/uploads\/2025\/08\/globe-04.svg\"\n        alt=\"globe-04\"\n         title=\"globe-04\"         class=\"block size-6 min-w-6\"\n        loading=\"lazy\"\n    \/>\n                                                                <p>Keskkond: heitkoguste v\u00e4hendamine<\/p>\n                                    <\/li>\n                            <li\n                    class=\"bg-dark text-white rounded  p-5 flex items-center gap-2.5 max-md:py-2.5 max-md:px-4\"\n                >\n                                            <img decoding=\"async\"\n        src=\"https:\/\/www.railbaltica.org\/wp-content\/uploads\/2025\/08\/briefcase-02.svg\"\n        alt=\"briefcase-02\"\n         title=\"briefcase-02\"         class=\"block size-6 min-w-6\"\n        loading=\"lazy\"\n    \/>\n                                                                <p>Otsene kasu t\u00f6\u00f6j\u00f5ule: uued t\u00f6\u00f6kohad, palgat\u00f5us<\/p>\n                                    <\/li>\n                    <\/ul>\n    \n    \n<\/div>\n                    <div\n    class=\"body2 rounded bg-blue-5 text-dark p-5 md:p-6\"\n>\n    <div\n        class=\"text-center mb-4 md:mb-10\"\n    >\n        <div\n            class='flex items-center justify-center gap-2.5'\n        >\n            <svg\n                class=\"size-6\"\n                width=\"24\"\n                height=\"24\"\n                viewBox=\"0 0 24 24\"\n                fill=\"none\"\n                xmlns=\"http:\/\/www.w3.org\/2000\/svg\"\n            >\n                <path\n                    d=\"M22 7L14.1314 14.8686C13.7354 15.2646 13.5373 15.4627 13.309 15.5368C13.1082 15.6021 12.8918 15.6021 12.691 15.5368C12.4627 15.4627 12.2646 15.2646 11.8686 14.8686L9.13137 12.1314C8.73535 11.7354 8.53735 11.5373 8.30902 11.4632C8.10817 11.3979 7.89183 11.3979 7.69098 11.4632C7.46265 11.5373 7.26465 11.7354 6.86863 12.1314L2 17M22 7H15M22 7V14\"\n                    stroke=\"#003787\"\n                    stroke-width=\"2\"\n                    stroke-linecap=\"round\"\n                    stroke-linejoin=\"round\"\n                \/>\n            <\/svg>\n                            <p>Laiem majanduslik m\u00f5ju kuni <\/p>\n                    <\/div>\n                    <span\n                class='h1 text-white'\n            >22 miljardit eurot<\/span>\n            <\/div>\n\n\n            <div\n            class='textual'\n        ><p>Rail Baltica m\u00f5ju regionaalarengule seoses \u00fchenduvuse parandamise ja erinevate sektorite arengu edendamisega:<\/p>\n<\/div>\n    \n            <ul\n            class=\"grid grid-cols-1 gap-2.5 mt-4 md:gap-4 lg:grid-cols-2\"\n        >\n                            <li\n                    class=\"bg-dark text-white rounded  p-5 flex items-center gap-2.5 max-md:py-2.5 max-md:px-4\"\n                >\n                                            <img decoding=\"async\"\n        src=\"https:\/\/www.railbaltica.org\/wp-content\/uploads\/2025\/08\/presentation-chart-02.svg\"\n        alt=\"presentation-chart-02\"\n         title=\"presentation-chart-02\"         class=\"block size-6 min-w-6\"\n        loading=\"lazy\"\n    \/>\n                                                                <p>Majanduskasv<\/p>\n                                    <\/li>\n                            <li\n                    class=\"bg-dark text-white rounded  p-5 flex items-center gap-2.5 max-md:py-2.5 max-md:px-4\"\n                >\n                                            <img decoding=\"async\"\n        src=\"https:\/\/www.railbaltica.org\/wp-content\/uploads\/2025\/08\/compass.svg\"\n        alt=\"compass\"\n         title=\"compass\"         class=\"block size-6 min-w-6\"\n        loading=\"lazy\"\n    \/>\n                                                                <p>S\u00f5jaline mobiilsus<\/p>\n                                    <\/li>\n                            <li\n                    class=\"bg-dark text-white rounded  p-5 flex items-center gap-2.5 max-md:py-2.5 max-md:px-4\"\n                >\n                                            <img decoding=\"async\"\n        src=\"https:\/\/www.railbaltica.org\/wp-content\/uploads\/2025\/08\/dataflow-03.svg\"\n        alt=\"dataflow-03\"\n         title=\"dataflow-03\"         class=\"block size-6 min-w-6\"\n        loading=\"lazy\"\n    \/>\n                                                                <p>Tarneahela integreerimine<\/p>\n                                    <\/li>\n                            <li\n                    class=\"bg-dark text-white rounded  p-5 flex items-center gap-2.5 max-md:py-2.5 max-md:px-4\"\n                >\n                                            <img decoding=\"async\"\n        src=\"https:\/\/www.railbaltica.org\/wp-content\/uploads\/2025\/08\/pie-chart-01.svg\"\n        alt=\"pie-chart-01\"\n         title=\"pie-chart-01\"         class=\"block size-6 min-w-6\"\n        loading=\"lazy\"\n    \/>\n                                                                <p>Sotsiaalne v\u00f5rdsus<\/p>\n                                    <\/li>\n                            <li\n                    class=\"bg-dark text-white rounded  p-5 flex items-center gap-2.5 max-md:py-2.5 max-md:px-4\"\n                >\n                                            <img decoding=\"async\"\n        src=\"https:\/\/www.railbaltica.org\/wp-content\/uploads\/2025\/08\/Group-5.svg\"\n        alt=\"Group\"\n         title=\"Group\"         class=\"block size-6 min-w-6\"\n        loading=\"lazy\"\n    \/>\n                                                                <p>Keskkonnaalane j\u00e4tkusuutlikkus<\/p>\n                                    <\/li>\n                            <li\n                    class=\"bg-dark text-white rounded  p-5 flex items-center gap-2.5 max-md:py-2.5 max-md:px-4\"\n                >\n                                            <img decoding=\"async\"\n        src=\"https:\/\/www.railbaltica.org\/wp-content\/uploads\/2025\/08\/dataflow-01.svg\"\n        alt=\"dataflow-01\"\n         title=\"dataflow-01\"         class=\"block size-6 min-w-6\"\n        loading=\"lazy\"\n    \/>\n                                                                <p>Raudteekoridori \u00fchendm\u00f5jud<\/p>\n                                    <\/li>\n                    <\/ul>\n    \n            <div\n            class='mt-4 text-center'\n        >\n                            <p>SKP kasv<\/p>\n                                        <span\n                    class='h2 text-white'\n                >0,5\u20130,7%  aastas<\/span>\n                    <\/div>\n    \n<\/div>\n            <\/div>\n                                                                                                                                                            <div\n    class=\"flex flex-col gap-4 text-dark p-5 mb-5 rounded text-center md:p-8 bg-dark text-white\"\n>\n            <p\n            class='h2'\n        >Rail Baltica projekti I etapi investeeringukulud<\/p>\n                <div\n            class=\"h1 textual\"\n        ><p>45,4 miljardit eurot<\/p>\n<\/div>\n    <\/div>\n                                                                                <\/div>\n    <\/div>\n<\/section>\n\n\n<section\n    class=\"overflow-hidden py-5 md:py-10 align wp-block-funding-block has-background has-bg-light-gray-background-color\"\n>\n    <div\n        class=\"container\"\n    >\n        <div\n            class=\"rounded md:bg-white md:p-10\"\n        >\n\n                            <h2 class='h1 text-dark'>\n            Rail Baltica projekti rahastamine\n        <\/h2>\n                        <div\n                class=\"swiper mt-4 max-md:!-mx-4 max-md:!px-4 md:mt-10\"\n            >\n                                    <div\n                        class=\"swiper-wrapper\"\n                    >\n                                                    <div\n                                class=\"swiper-slide !flex flex-col !h-auto min-h-58 relative border py-8 px-10 rounded overflow-hidden max-md:p-5 md:min-h-94 bg-gray-4 border-dark text-dark\"\n                            >\n                                                                    <img decoding=\"async\"\n        src=\"https:\/\/www.railbaltica.org\/wp-content\/uploads\/2025\/08\/funding-source-bg-1.svg\"\n        alt=\"funding-source-bg (1)\"\n         title=\"funding-source-bg (1)\"         class=\"block img-cover\"\n        loading=\"lazy\"\n    \/>\n                                \n                                                                    <div\n                                        class='mb-4 border-b border-blue pb-2.5'\n                                    >\n                                        Praegu projekti teostamiseks saadaolevad vahendid:\n                                    <\/div>\n                                \n                                                                    <div\n                                        class=\"textual h2 max-w-56 mt-auto\"\n                                    >\n                                        <p>kuni 85% toetusk\u00f5lblikest kogukuludest p\u00e4rineb ELi Euroopa \u00fchendamise rahastust<\/p>\n\n                                    <\/div>\n                                                            <\/div>\n                                                    <div\n                                class=\"swiper-slide !flex flex-col !h-auto min-h-58 relative border py-8 px-10 rounded overflow-hidden max-md:p-5 md:min-h-94 text-white before:absolute before:inset-0 before:-z-[1] before:bg-[linear-gradient(180deg,rgba(0,55,135,0)_44.03%,#003787_100%),linear-gradient(0deg,rgba(0,55,135,0.5)_0%,rgba(0,55,135,0.5)_100%)]\"\n                            >\n                                                                    <img decoding=\"async\"\n        src=\"https:\/\/www.railbaltica.org\/wp-content\/uploads\/2025\/08\/b1cf8d3c0e9fe0dfa5d039735b00c4b4850d486c-e1757328413545.png\"\n        alt=\"b1cf8d3c0e9fe0dfa5d039735b00c4b4850d486c\"\n         title=\"b1cf8d3c0e9fe0dfa5d039735b00c4b4850d486c\"         class=\"block img-cover\"\n        loading=\"lazy\"\n    \/>\n                                \n                                                                    <div\n                                        class='mb-4 border-b border-blue pb-2.5'\n                                    >\n                                        Praegu projekti teostamiseks saadaolevad vahendid:\n                                    <\/div>\n                                \n                                                                    <div\n                                        class=\"textual [&#038;_small]:md:text-[1.875rem] mt-auto text-white h1\"\n                                    >\n                                        <p>rohkem kui 4 miljardit eurot<\/p>\n\n                                    <\/div>\n                                                            <\/div>\n                                            <\/div>\n\n                    <div\n                        class=\"swiper-pagination !relative !top-0 mt-5 px-10 [&#038;_.swiper-pagination-bullet]:bg-dark\/40 [&#038;_.swiper-pagination-bullet-active]:!bg-dark\"\n                    ><\/div>\n                            <\/div>\n        <\/div>\n<\/section>\n\n\n<section\n    class=\"py-5 md:py-10 align wp-block-agenda-block has-background has-bg-light-gray-background-color\"\n>\n    <div\n        class='container'\n    >\n        <div\n            class=\"flex flex-col gap-5 text-white p-10 rounded [&#038;_*]:max-w-208 max-md:px-5 bg-dark\"\n        >\n                            <span\n                    class=\"body2\"\n                >ELi tegevuskavas t\u00e4htsal kohal:<\/span>\n            \n                            <h2 class='h1'>\n            Rail Baltica kuulub ELi k\u00f5ige t\u00e4htsamate piiri\u00fcleste taristuprojektide hulka\n        <\/h2>\n            \n                            <div\n                    class='body2 textual'\n                >\n                    <p>Seni on Rail Balticat rahastatud peamiselt \u2013 kuni 85% toetusk\u00f5lblikest kogukuludest \u2013 ELi Euroopa \u00fchendamise rahastuse kaudu, lisaks on toetust saadud muudest ELi rahastamisvahenditest, nagu s\u00f5jalise liikuvuse rahastamisvahend, ning kaasrahastust riikide eelarvetest.<\/p>\n<p>Euroopa \u00fchendamise rahastu on ELi peamine rahastamisvahend strateegiliselt t\u00e4htsate taristuinvesteeringute jaoks transpordi, energeetika ja digiteenuste valdkonnas, mille eesm\u00e4rk on parandada piiri\u00fcleseid \u00fchendusi ning tugevdada siseturgu.<br \/>\nSee on olnud Rail Baltica rahastamise nurgakivi ja m\u00e4nginud t\u00e4htsat osa seniste edasiminekute v\u00f5imaldamisel.<\/p>\n\n                <\/div>\n                    <\/div>\n    <\/div>\n<\/section>\n\n\n<section\n    class=\"py-5 md:py-10 align wp-block-agenda-block has-background has-bg-light-gray-background-color\"\n>\n    <div\n        class='container'\n    >\n        <div\n            class=\"flex flex-col gap-5 text-white p-10 rounded [&#038;_*]:max-w-208 max-md:px-5 bg-blue\"\n        >\n            \n                            <h2 class='h1'>\n            Rahastamisv\u00f5imaluste avardamine\n        <\/h2>\n            \n                            <div\n                    class='body2 textual'\n                >\n                    <p>Projekti pikaajalise arengu toetamiseks otsitakse aktiivselt t\u00e4iendavaid rahastamisallikaid, sealhulgas avalikust ja erasektorist.<\/p>\n\n                <\/div>\n                    <\/div>\n    <\/div>\n<\/section>\n","protected":false},"excerpt":{"rendered":"","protected":false},"author":1,"featured_media":0,"parent":32351,"menu_order":0,"comment_status":"closed","ping_status":"closed","template":"","meta":{"_acf_changed":false,"footnotes":""},"class_list":["post-32344","page","type-page","status-publish","hentry"],"acf":[],"yoast_head":"<!-- This site is optimized with the Yoast SEO plugin v27.4 - https:\/\/yoast.com\/product\/yoast-seo-wordpress\/ -->\n<title>Rahastamine - RB<\/title>\n<meta name=\"description\" content=\"Tutvu Rail Baltica rahastamisega ELi toetuse ja riiklike investeeringute kaudu.\" \/>\n<meta name=\"robots\" content=\"index, follow, max-snippet:-1, max-image-preview:large, max-video-preview:-1\" \/>\n<link rel=\"canonical\" href=\"https:\/\/www.railbaltica.org\/et\/rail-balticast\/finanses\/\" \/>\n<meta property=\"og:locale\" content=\"et_EE\" \/>\n<meta property=\"og:type\" content=\"article\" \/>\n<meta property=\"og:title\" content=\"Rahastamine - RB\" \/>\n<meta property=\"og:description\" content=\"Tutvu Rail Baltica rahastamisega ELi toetuse ja riiklike investeeringute kaudu.\" \/>\n<meta property=\"og:url\" content=\"https:\/\/www.railbaltica.org\/et\/rail-balticast\/finanses\/\" \/>\n<meta property=\"og:site_name\" content=\"RB\" \/>\n<meta property=\"article:modified_time\" content=\"2025-08-29T05:47:15+00:00\" \/>\n<meta name=\"twitter:card\" content=\"summary_large_image\" \/>\n<script type=\"application\/ld+json\" class=\"yoast-schema-graph\">{\"@context\":\"https:\\\/\\\/schema.org\",\"@graph\":[{\"@type\":\"WebPage\",\"@id\":\"https:\\\/\\\/www.railbaltica.org\\\/et\\\/rail-balticast\\\/finanses\\\/\",\"url\":\"https:\\\/\\\/www.railbaltica.org\\\/et\\\/rail-balticast\\\/finanses\\\/\",\"name\":\"Rahastamine - RB\",\"isPartOf\":{\"@id\":\"https:\\\/\\\/www.railbaltica.org\\\/#website\"},\"datePublished\":\"2025-06-27T08:03:49+00:00\",\"dateModified\":\"2025-08-29T05:47:15+00:00\",\"description\":\"Tutvu Rail Baltica rahastamisega ELi toetuse ja riiklike investeeringute kaudu.\",\"breadcrumb\":{\"@id\":\"https:\\\/\\\/www.railbaltica.org\\\/et\\\/rail-balticast\\\/finanses\\\/#breadcrumb\"},\"inLanguage\":\"et\",\"potentialAction\":[{\"@type\":\"ReadAction\",\"target\":[\"https:\\\/\\\/www.railbaltica.org\\\/et\\\/rail-balticast\\\/finanses\\\/\"]}]},{\"@type\":\"BreadcrumbList\",\"@id\":\"https:\\\/\\\/www.railbaltica.org\\\/et\\\/rail-balticast\\\/finanses\\\/#breadcrumb\",\"itemListElement\":[{\"@type\":\"ListItem\",\"position\":1,\"name\":\"Home\",\"item\":\"https:\\\/\\\/www.railbaltica.org\\\/et\\\/\"},{\"@type\":\"ListItem\",\"position\":2,\"name\":\"Rail Baltica lugu\",\"item\":\"https:\\\/\\\/www.railbaltica.org\\\/et\\\/rail-balticast\\\/\"},{\"@type\":\"ListItem\",\"position\":3,\"name\":\"Rahastamine\"}]},{\"@type\":\"WebSite\",\"@id\":\"https:\\\/\\\/www.railbaltica.org\\\/#website\",\"url\":\"https:\\\/\\\/www.railbaltica.org\\\/\",\"name\":\"RB\",\"description\":\"\",\"potentialAction\":[{\"@type\":\"SearchAction\",\"target\":{\"@type\":\"EntryPoint\",\"urlTemplate\":\"https:\\\/\\\/www.railbaltica.org\\\/?s={search_term_string}\"},\"query-input\":{\"@type\":\"PropertyValueSpecification\",\"valueRequired\":true,\"valueName\":\"search_term_string\"}}],\"inLanguage\":\"et\"}]}<\/script>\n<!-- \/ Yoast SEO plugin. -->","yoast_head_json":{"title":"Rahastamine - RB","description":"Tutvu Rail Baltica rahastamisega ELi toetuse ja riiklike investeeringute kaudu.","robots":{"index":"index","follow":"follow","max-snippet":"max-snippet:-1","max-image-preview":"max-image-preview:large","max-video-preview":"max-video-preview:-1"},"canonical":"https:\/\/www.railbaltica.org\/et\/rail-balticast\/finanses\/","og_locale":"et_EE","og_type":"article","og_title":"Rahastamine - RB","og_description":"Tutvu Rail Baltica rahastamisega ELi toetuse ja riiklike investeeringute kaudu.","og_url":"https:\/\/www.railbaltica.org\/et\/rail-balticast\/finanses\/","og_site_name":"RB","article_modified_time":"2025-08-29T05:47:15+00:00","twitter_card":"summary_large_image","schema":{"@context":"https:\/\/schema.org","@graph":[{"@type":"WebPage","@id":"https:\/\/www.railbaltica.org\/et\/rail-balticast\/finanses\/","url":"https:\/\/www.railbaltica.org\/et\/rail-balticast\/finanses\/","name":"Rahastamine - RB","isPartOf":{"@id":"https:\/\/www.railbaltica.org\/#website"},"datePublished":"2025-06-27T08:03:49+00:00","dateModified":"2025-08-29T05:47:15+00:00","description":"Tutvu Rail Baltica rahastamisega ELi toetuse ja riiklike investeeringute kaudu.","breadcrumb":{"@id":"https:\/\/www.railbaltica.org\/et\/rail-balticast\/finanses\/#breadcrumb"},"inLanguage":"et","potentialAction":[{"@type":"ReadAction","target":["https:\/\/www.railbaltica.org\/et\/rail-balticast\/finanses\/"]}]},{"@type":"BreadcrumbList","@id":"https:\/\/www.railbaltica.org\/et\/rail-balticast\/finanses\/#breadcrumb","itemListElement":[{"@type":"ListItem","position":1,"name":"Home","item":"https:\/\/www.railbaltica.org\/et\/"},{"@type":"ListItem","position":2,"name":"Rail Baltica lugu","item":"https:\/\/www.railbaltica.org\/et\/rail-balticast\/"},{"@type":"ListItem","position":3,"name":"Rahastamine"}]},{"@type":"WebSite","@id":"https:\/\/www.railbaltica.org\/#website","url":"https:\/\/www.railbaltica.org\/","name":"RB","description":"","potentialAction":[{"@type":"SearchAction","target":{"@type":"EntryPoint","urlTemplate":"https:\/\/www.railbaltica.org\/?s={search_term_string}"},"query-input":{"@type":"PropertyValueSpecification","valueRequired":true,"valueName":"search_term_string"}}],"inLanguage":"et"}]}},"_links":{"self":[{"href":"https:\/\/www.railbaltica.org\/et\/wp-json\/wp\/v2\/pages\/32344","targetHints":{"allow":["GET"]}}],"collection":[{"href":"https:\/\/www.railbaltica.org\/et\/wp-json\/wp\/v2\/pages"}],"about":[{"href":"https:\/\/www.railbaltica.org\/et\/wp-json\/wp\/v2\/types\/page"}],"author":[{"embeddable":true,"href":"https:\/\/www.railbaltica.org\/et\/wp-json\/wp\/v2\/users\/1"}],"replies":[{"embeddable":true,"href":"https:\/\/www.railbaltica.org\/et\/wp-json\/wp\/v2\/comments?post=32344"}],"version-history":[{"count":5,"href":"https:\/\/www.railbaltica.org\/et\/wp-json\/wp\/v2\/pages\/32344\/revisions"}],"predecessor-version":[{"id":34219,"href":"https:\/\/www.railbaltica.org\/et\/wp-json\/wp\/v2\/pages\/32344\/revisions\/34219"}],"up":[{"embeddable":true,"href":"https:\/\/www.railbaltica.org\/et\/wp-json\/wp\/v2\/pages\/32351"}],"wp:attachment":[{"href":"https:\/\/www.railbaltica.org\/et\/wp-json\/wp\/v2\/media?parent=32344"}],"curies":[{"name":"wp","href":"https:\/\/api.w.org\/{rel}","templated":true}]}}