{"id":285,"date":"2025-06-27T08:02:35","date_gmt":"2025-06-27T08:02:35","guid":{"rendered":"https:\/\/www.railbaltica.org\/kaart\/"},"modified":"2025-09-12T12:40:04","modified_gmt":"2025-09-12T12:40:04","slug":"kaart","status":"publish","type":"page","link":"https:\/\/www.railbaltica.org\/et\/kaart\/","title":{"rendered":"Kaart"},"content":{"rendered":"<section\n    class=\"align wp-block-hero-block relative flex overflow-hidden z-10 bg-blue\"\n>\n            \n        <div\n            class=\"w-full min-h-175 md:min-h-225\"\n        >\n                            <img decoding=\"async\"\n        src=\"https:\/\/www.railbaltica.org\/wp-content\/uploads\/2025\/07\/137336839bf927b7fb92f2843cea0436c94fab0e-scaled.jpg\"\n        alt=\"137336839bf927b7fb92f2843cea0436c94fab0e\"\n         title=\"137336839bf927b7fb92f2843cea0436c94fab0e\"         class=\"block absolute object-cover size-full pointer-events-none -z-10\"\n        loading=\"lazy\"\n    \/>\n            \n            <div\n                class=\"container pt-25 flex pb-5 h-full md:pt-55 md:pb-10 lg:!px-14\"\n            >\n                <div\n                    class=\"bg-dark\/75 mt-auto flex w-full flex-col items-start gap-4 rounded p-4 text-white md:gap-5 md:p-10\"\n                >\n                                                                \n                    \n                    <h1 class='h1 max-w-160'>\n            J\u00e4lgi meie edusamme\n        <\/h1>\n\n                    \n                    \n                    \n                                    <\/div>\n            <\/div>\n        <\/div>\n    <\/section>\n\n\n<section\n    class=\"py-10 md:py-20 align wp-block-map-block !pb-[0]\"\n>\n    <div\n        class=\"container\"\n    >\n                            <div\n                class=\"relative\"\n            >\n                <div\n                    class=\"js-iframe-overlay absolute inset-0 z-80 bg-transparent cursor-pointer\"\n                ><\/div>\n                <iframe\n                    class=\"embed-iframe w-full h-150 flex justify-center items-center rounded border border-blue-3 md:h-200\"\n                    sandbox=\"allow-scripts allow-same-origin allow-forms allow-popups allow-presentation allow-popups-to-escape-sandbox\"\n                    allowfullscreen=\"\"\n                    allow=\"geolocation\"\n                    src=\"https:\/\/gis.railbaltica.org\/portal\/apps\/instant\/sidebar\/index.html?appid=c98b3b7965cf4b46ae294e752f8d1885&amp;locale=en\"\n                ><\/iframe>\n            <\/div>\n            <\/div>\n<\/section>\n\n\n<section\n    class=\"py-5 md:py-10 align wp-block-textual-block\"\n>\n    <div\n        class=\"container\"\n    >\n        <div\n            class=\"textual w-full text-xl text-dark break-words [&#038;_span]:!text-dark [&#038;_a]:!text-dark\"\n        >\n                    <\/div>\n    <\/div>\n<\/section>\n\n\n<section\n    class=\"py-5 md:py-10 align wp-block-textual-block !pt-[0]\"\n>\n    <div\n        class=\"container\"\n    >\n        <div\n            class=\"textual w-full text-xl text-dark break-words [&#038;_span]:!text-dark [&#038;_a]:!text-dark\"\n        >\n                            <p><em>K\u00e4esoleva kaardi ainus eesm\u00e4rk on jagada infot projekti edenemise kohta erinevates sektsioonides. Kuna projekteerimine alles k\u00e4ib, siis v\u00f5ib kaardiinfo muutuda. Juhime t\u00e4helepanu sellele, et kuigi infot uuendatakse regulaarselt, siis ei v\u00f5ta RB Rail AS vastutust selle eest, et kaardil olev info vastaks tegelikule t\u00f6\u00f6de k\u00e4igule.<\/em><\/p>\n\n                    <\/div>\n    <\/div>\n<\/section>\n","protected":false},"excerpt":{"rendered":"","protected":false},"author":1,"featured_media":0,"parent":0,"menu_order":0,"comment_status":"closed","ping_status":"closed","template":"","meta":{"_acf_changed":false,"footnotes":""},"class_list":["post-285","page","type-page","status-publish","hentry"],"acf":[],"yoast_head":"<!-- This site is optimized with the Yoast SEO plugin v27.4 - https:\/\/yoast.com\/product\/yoast-seo-wordpress\/ -->\n<title>Kaart - RB<\/title>\n<meta name=\"description\" content=\"Interaktiivne kaart, mis n\u00e4itab Rail Baltica trassi, taristu ja projekti peamisi elemente k\u00f5igis Balti riikides.\" \/>\n<meta name=\"robots\" content=\"index, follow, max-snippet:-1, max-image-preview:large, max-video-preview:-1\" \/>\n<link rel=\"canonical\" href=\"https:\/\/www.railbaltica.org\/et\/kaart\/\" \/>\n<meta property=\"og:locale\" content=\"et_EE\" \/>\n<meta property=\"og:type\" content=\"article\" \/>\n<meta property=\"og:title\" content=\"Kaart - RB\" \/>\n<meta property=\"og:description\" content=\"Interaktiivne kaart, mis n\u00e4itab Rail Baltica trassi, taristu ja projekti peamisi elemente k\u00f5igis Balti riikides.\" \/>\n<meta property=\"og:url\" content=\"https:\/\/www.railbaltica.org\/et\/kaart\/\" \/>\n<meta property=\"og:site_name\" content=\"RB\" \/>\n<meta property=\"article:modified_time\" content=\"2025-09-12T12:40:04+00:00\" \/>\n<meta name=\"twitter:card\" content=\"summary_large_image\" \/>\n<script type=\"application\/ld+json\" class=\"yoast-schema-graph\">{\"@context\":\"https:\\\/\\\/schema.org\",\"@graph\":[{\"@type\":\"WebPage\",\"@id\":\"https:\\\/\\\/www.railbaltica.org\\\/et\\\/kaart\\\/\",\"url\":\"https:\\\/\\\/www.railbaltica.org\\\/et\\\/kaart\\\/\",\"name\":\"Kaart - RB\",\"isPartOf\":{\"@id\":\"https:\\\/\\\/www.railbaltica.org\\\/#website\"},\"datePublished\":\"2025-06-27T08:02:35+00:00\",\"dateModified\":\"2025-09-12T12:40:04+00:00\",\"description\":\"Interaktiivne kaart, mis n\u00e4itab Rail Baltica trassi, taristu ja projekti peamisi elemente k\u00f5igis Balti riikides.\",\"breadcrumb\":{\"@id\":\"https:\\\/\\\/www.railbaltica.org\\\/et\\\/kaart\\\/#breadcrumb\"},\"inLanguage\":\"et\",\"potentialAction\":[{\"@type\":\"ReadAction\",\"target\":[\"https:\\\/\\\/www.railbaltica.org\\\/et\\\/kaart\\\/\"]}]},{\"@type\":\"BreadcrumbList\",\"@id\":\"https:\\\/\\\/www.railbaltica.org\\\/et\\\/kaart\\\/#breadcrumb\",\"itemListElement\":[{\"@type\":\"ListItem\",\"position\":1,\"name\":\"Home\",\"item\":\"https:\\\/\\\/www.railbaltica.org\\\/et\\\/\"},{\"@type\":\"ListItem\",\"position\":2,\"name\":\"Kaart\"}]},{\"@type\":\"WebSite\",\"@id\":\"https:\\\/\\\/www.railbaltica.org\\\/#website\",\"url\":\"https:\\\/\\\/www.railbaltica.org\\\/\",\"name\":\"RB\",\"description\":\"\",\"potentialAction\":[{\"@type\":\"SearchAction\",\"target\":{\"@type\":\"EntryPoint\",\"urlTemplate\":\"https:\\\/\\\/www.railbaltica.org\\\/?s={search_term_string}\"},\"query-input\":{\"@type\":\"PropertyValueSpecification\",\"valueRequired\":true,\"valueName\":\"search_term_string\"}}],\"inLanguage\":\"et\"}]}<\/script>\n<!-- \/ Yoast SEO plugin. -->","yoast_head_json":{"title":"Kaart - RB","description":"Interaktiivne kaart, mis n\u00e4itab Rail Baltica trassi, taristu ja projekti peamisi elemente k\u00f5igis Balti riikides.","robots":{"index":"index","follow":"follow","max-snippet":"max-snippet:-1","max-image-preview":"max-image-preview:large","max-video-preview":"max-video-preview:-1"},"canonical":"https:\/\/www.railbaltica.org\/et\/kaart\/","og_locale":"et_EE","og_type":"article","og_title":"Kaart - RB","og_description":"Interaktiivne kaart, mis n\u00e4itab Rail Baltica trassi, taristu ja projekti peamisi elemente k\u00f5igis Balti riikides.","og_url":"https:\/\/www.railbaltica.org\/et\/kaart\/","og_site_name":"RB","article_modified_time":"2025-09-12T12:40:04+00:00","twitter_card":"summary_large_image","schema":{"@context":"https:\/\/schema.org","@graph":[{"@type":"WebPage","@id":"https:\/\/www.railbaltica.org\/et\/kaart\/","url":"https:\/\/www.railbaltica.org\/et\/kaart\/","name":"Kaart - RB","isPartOf":{"@id":"https:\/\/www.railbaltica.org\/#website"},"datePublished":"2025-06-27T08:02:35+00:00","dateModified":"2025-09-12T12:40:04+00:00","description":"Interaktiivne kaart, mis n\u00e4itab Rail Baltica trassi, taristu ja projekti peamisi elemente k\u00f5igis Balti riikides.","breadcrumb":{"@id":"https:\/\/www.railbaltica.org\/et\/kaart\/#breadcrumb"},"inLanguage":"et","potentialAction":[{"@type":"ReadAction","target":["https:\/\/www.railbaltica.org\/et\/kaart\/"]}]},{"@type":"BreadcrumbList","@id":"https:\/\/www.railbaltica.org\/et\/kaart\/#breadcrumb","itemListElement":[{"@type":"ListItem","position":1,"name":"Home","item":"https:\/\/www.railbaltica.org\/et\/"},{"@type":"ListItem","position":2,"name":"Kaart"}]},{"@type":"WebSite","@id":"https:\/\/www.railbaltica.org\/#website","url":"https:\/\/www.railbaltica.org\/","name":"RB","description":"","potentialAction":[{"@type":"SearchAction","target":{"@type":"EntryPoint","urlTemplate":"https:\/\/www.railbaltica.org\/?s={search_term_string}"},"query-input":{"@type":"PropertyValueSpecification","valueRequired":true,"valueName":"search_term_string"}}],"inLanguage":"et"}]}},"_links":{"self":[{"href":"https:\/\/www.railbaltica.org\/et\/wp-json\/wp\/v2\/pages\/285","targetHints":{"allow":["GET"]}}],"collection":[{"href":"https:\/\/www.railbaltica.org\/et\/wp-json\/wp\/v2\/pages"}],"about":[{"href":"https:\/\/www.railbaltica.org\/et\/wp-json\/wp\/v2\/types\/page"}],"author":[{"embeddable":true,"href":"https:\/\/www.railbaltica.org\/et\/wp-json\/wp\/v2\/users\/1"}],"replies":[{"embeddable":true,"href":"https:\/\/www.railbaltica.org\/et\/wp-json\/wp\/v2\/comments?post=285"}],"version-history":[{"count":12,"href":"https:\/\/www.railbaltica.org\/et\/wp-json\/wp\/v2\/pages\/285\/revisions"}],"predecessor-version":[{"id":34632,"href":"https:\/\/www.railbaltica.org\/et\/wp-json\/wp\/v2\/pages\/285\/revisions\/34632"}],"wp:attachment":[{"href":"https:\/\/www.railbaltica.org\/et\/wp-json\/wp\/v2\/media?parent=285"}],"curies":[{"name":"wp","href":"https:\/\/api.w.org\/{rel}","templated":true}]}}